{"id":1896,"date":"2026-01-28T09:04:24","date_gmt":"2026-01-28T09:04:24","guid":{"rendered":"https:\/\/fjori.kostricani.com\/medicare\/?page_id=1896"},"modified":"2026-03-05T08:52:29","modified_gmt":"2026-03-05T08:52:29","slug":"terms-conditions","status":"publish","type":"page","link":"https:\/\/fjori.kostricani.com\/medicare\/terms-conditions\/","title":{"rendered":"Terms &amp; Conditions"},"content":{"rendered":"\t\t<div data-elementor-type=\"wp-page\" data-elementor-id=\"1896\" class=\"elementor elementor-1896\" data-elementor-post-type=\"page\">\n\t\t\t\t<div class=\"elementor-element elementor-element-93f65ad e-flex e-con-boxed e-con e-parent\" data-id=\"93f65ad\" data-element_type=\"container\" data-e-type=\"container\" data-settings=\"{&quot;background_background&quot;:&quot;classic&quot;}\">\n\t\t\t\t\t<div class=\"e-con-inner\">\n\t\t\t\t<div class=\"elementor-element elementor-element-c26caeb elementor-widget elementor-widget-spacer\" data-id=\"c26caeb\" data-element_type=\"widget\" data-e-type=\"widget\" data-widget_type=\"spacer.default\">\n\t\t\t\t\t\t\t<div class=\"elementor-spacer\">\n\t\t\t<div class=\"elementor-spacer-inner\"><\/div>\n\t\t<\/div>\n\t\t\t\t\t\t<\/div>\n\t\t\t\t<div class=\"elementor-element elementor-element-ab899f3 elementor-widget elementor-widget-text-editor\" data-id=\"ab899f3\" data-element_type=\"widget\" data-e-type=\"widget\" data-widget_type=\"text-editor.default\">\n\t\t\t\t\t\t\t\t\t<p><a href=\"\/\">Kryefaqja<\/a> \/ <strong>Rregullat dhe Kushtet<\/strong><\/p>\t\t\t\t\t\t\t\t<\/div>\n\t\t\t\t\t<\/div>\n\t\t\t\t<\/div>\n\t\t<div class=\"elementor-element elementor-element-bc8437e e-flex e-con-boxed e-con e-parent\" data-id=\"bc8437e\" data-element_type=\"container\" data-e-type=\"container\">\n\t\t\t\t\t<div class=\"e-con-inner\">\n\t\t\t\t<div class=\"elementor-element elementor-element-971797f elementor-widget elementor-widget-heading\" data-id=\"971797f\" data-element_type=\"widget\" data-e-type=\"widget\" data-widget_type=\"heading.default\">\n\t\t\t\t\t<h2 class=\"elementor-heading-title elementor-size-default\">Rregullat dhe Kushtet<\/h2>\t\t\t\t<\/div>\n\t\t\t\t<div class=\"elementor-element elementor-element-a56e1fa elementor-widget elementor-widget-text-editor\" data-id=\"a56e1fa\" data-element_type=\"widget\" data-e-type=\"widget\" data-widget_type=\"text-editor.default\">\n\t\t\t\t\t\t\t\t\t<p><strong data-start=\"312\" data-end=\"346\">Mir\u00ebsevini n\u00eb Qendr\u00ebn Medicare<\/strong><\/p><p data-start=\"348\" data-end=\"619\">P\u00ebrdorimi i k\u00ebtij website, <a class=\"decorated-link\" href=\"https:\/\/medicare.al\/\" target=\"_new\" rel=\"noopener\" data-start=\"375\" data-end=\"412\">https:\/\/medicare.al\/<\/a>, \u00ebsht\u00eb n\u00eb p\u00ebrputhje me Kushtet e P\u00ebrdorimit t\u00eb m\u00ebposhtme. Duke vizituar dhe p\u00ebrdorur k\u00ebt\u00eb faqe, ju pranoni k\u00ebto kushte dhe rregulla. N\u00ebse nuk jeni dakord me k\u00ebto kushte, ju lutemi t\u00eb mos p\u00ebrdorni k\u00ebt\u00eb faqe.<\/p><p data-start=\"621\" data-end=\"652\"><strong data-start=\"626\" data-end=\"652\">P\u00ebrdorimi i Sh\u00ebrbimeve<\/strong><\/p><p data-start=\"653\" data-end=\"899\">Sh\u00ebrbimet q\u00eb ofrohen n\u00eb k\u00ebt\u00eb website jan\u00eb t\u00eb destinuara vet\u00ebm p\u00ebr q\u00ebllime informative dhe edukative. Ne rezervojm\u00eb t\u00eb drejt\u00ebn p\u00ebr t\u00eb ndryshuar, p\u00ebrdit\u00ebsuar ose ndryshuar p\u00ebrmbajtjen e sh\u00ebrbimeve dhe informacionit n\u00eb \u00e7do koh\u00eb, pa njoftim paraprak.<\/p><p data-start=\"901\" data-end=\"945\"><strong data-start=\"906\" data-end=\"945\">T\u00eb Drejtat e Pron\u00ebsis\u00eb Intelektuale<\/strong><\/p><p data-start=\"946\" data-end=\"1167\">T\u00eb gjitha materialet q\u00eb shfaqen n\u00eb k\u00ebt\u00eb faqe jan\u00eb pron\u00eb e Qendr\u00ebs Medicare dhe jan\u00eb t\u00eb mbrojtura nga ligjet e t\u00eb drejt\u00ebs s\u00eb autorit. Nuk lejohet kopjimi, shp\u00ebrndarja ose modifikimi i materialeve pa lejen ton\u00eb t\u00eb shprehur.<\/p><p data-start=\"1169\" data-end=\"1190\"><strong data-start=\"1174\" data-end=\"1190\">P\u00ebrgjegj\u00ebsia<\/strong><\/p><p data-start=\"1191\" data-end=\"1326\">Ne nuk jemi p\u00ebrgjegj\u00ebs p\u00ebr ndonj\u00eb d\u00ebmtim q\u00eb mund t\u00eb lind\u00eb nga p\u00ebrdorimi i k\u00ebtij website, p\u00ebrve\u00e7 atyre q\u00eb jan\u00eb t\u00eb p\u00ebrcaktuara nga ligji.<\/p><p data-start=\"1328\" data-end=\"1358\"><strong data-start=\"1333\" data-end=\"1358\">P\u00ebrdit\u00ebsimi i Kushtet<\/strong><\/p><p data-start=\"1359\" data-end=\"1549\">K\u00ebto kushte mund t\u00eb p\u00ebrdit\u00ebsohen n\u00eb \u00e7do koh\u00eb, dhe do t\u00eb postohen k\u00ebtu p\u00ebr t&#8217;ju njoftuar p\u00ebr ndryshimet. Ju duhet t\u00eb rishikoni rregullisht k\u00ebt\u00eb faqe p\u00ebr t\u00eb qen\u00eb t\u00eb informuar p\u00ebr \u00e7do ndryshim.<\/p>\t\t\t\t\t\t\t\t<\/div>\n\t\t\t\t\t<\/div>\n\t\t\t\t<\/div>\n\t\t\t\t<\/div>\n\t\t\n    <div class=\"xs_social_share_widget xs_share_url after_content \t\tmain_content  wslu-style-1 wslu-share-box-shaped wslu-fill-colored wslu-none wslu-share-horizontal wslu-theme-font-no wslu-main_content\">\n\n\t\t\n        <ul>\n\t\t\t        <\/ul>\n    <\/div> \n","protected":false},"excerpt":{"rendered":"<p>Kryefaqja \/ Rregullat dhe Kushtet Rregullat dhe Kushtet Mir\u00ebsevini n\u00eb Qendr\u00ebn Medicare P\u00ebrdorimi i k\u00ebtij website, https:\/\/medicare.al\/, \u00ebsht\u00eb n\u00eb p\u00ebrputhje me Kushtet e P\u00ebrdorimit t\u00eb m\u00ebposhtme. Duke vizituar dhe p\u00ebrdorur k\u00ebt\u00eb faqe, ju pranoni k\u00ebto kushte dhe rregulla. N\u00ebse nuk jeni dakord me k\u00ebto kushte, ju lutemi t\u00eb mos p\u00ebrdorni k\u00ebt\u00eb faqe. P\u00ebrdorimi i Sh\u00ebrbimeve [&hellip;]<\/p>\n","protected":false},"author":1,"featured_media":0,"parent":0,"menu_order":0,"comment_status":"closed","ping_status":"closed","template":"elementor_header_footer","meta":{"footnotes":""},"class_list":["post-1896","page","type-page","status-publish","hentry"],"_links":{"self":[{"href":"https:\/\/fjori.kostricani.com\/medicare\/wp-json\/wp\/v2\/pages\/1896","targetHints":{"allow":["GET"]}}],"collection":[{"href":"https:\/\/fjori.kostricani.com\/medicare\/wp-json\/wp\/v2\/pages"}],"about":[{"href":"https:\/\/fjori.kostricani.com\/medicare\/wp-json\/wp\/v2\/types\/page"}],"author":[{"embeddable":true,"href":"https:\/\/fjori.kostricani.com\/medicare\/wp-json\/wp\/v2\/users\/1"}],"replies":[{"embeddable":true,"href":"https:\/\/fjori.kostricani.com\/medicare\/wp-json\/wp\/v2\/comments?post=1896"}],"version-history":[{"count":22,"href":"https:\/\/fjori.kostricani.com\/medicare\/wp-json\/wp\/v2\/pages\/1896\/revisions"}],"predecessor-version":[{"id":3427,"href":"https:\/\/fjori.kostricani.com\/medicare\/wp-json\/wp\/v2\/pages\/1896\/revisions\/3427"}],"wp:attachment":[{"href":"https:\/\/fjori.kostricani.com\/medicare\/wp-json\/wp\/v2\/media?parent=1896"}],"curies":[{"name":"wp","href":"https:\/\/api.w.org\/{rel}","templated":true}]}}