{"id":301,"date":"2026-01-26T07:35:25","date_gmt":"2026-01-26T07:35:25","guid":{"rendered":"https:\/\/fjori.kostricani.com\/medicare\/?page_id=301"},"modified":"2026-03-05T13:35:46","modified_gmt":"2026-03-05T13:35:46","slug":"sherbimet","status":"publish","type":"page","link":"https:\/\/fjori.kostricani.com\/medicare\/sherbimet\/","title":{"rendered":"Sherbimet"},"content":{"rendered":"\t\t<div data-elementor-type=\"wp-page\" data-elementor-id=\"301\" class=\"elementor elementor-301\" data-elementor-post-type=\"page\">\n\t\t\t\t<div class=\"elementor-element elementor-element-6cb9c9a e-flex e-con-boxed e-con e-parent\" data-id=\"6cb9c9a\" data-element_type=\"container\" data-e-type=\"container\" data-settings=\"{&quot;background_background&quot;:&quot;classic&quot;}\">\n\t\t\t\t\t<div class=\"e-con-inner\">\n\t\t\t\t<div class=\"elementor-element elementor-element-a7e2c30 elementor-widget elementor-widget-spacer\" data-id=\"a7e2c30\" data-element_type=\"widget\" data-e-type=\"widget\" data-widget_type=\"spacer.default\">\n\t\t\t\t\t\t\t<div class=\"elementor-spacer\">\n\t\t\t<div class=\"elementor-spacer-inner\"><\/div>\n\t\t<\/div>\n\t\t\t\t\t\t<\/div>\n\t\t\t\t<div class=\"elementor-element elementor-element-e5b4161 elementor-widget elementor-widget-text-editor\" data-id=\"e5b4161\" data-element_type=\"widget\" data-e-type=\"widget\" data-widget_type=\"text-editor.default\">\n\t\t\t\t\t\t\t\t\t<p><a href=\"\/\">Kryefaqja<\/a> \/ <strong>Sh\u00ebrbimet<\/strong><\/p>\t\t\t\t\t\t\t\t<\/div>\n\t\t\t\t\t<\/div>\n\t\t\t\t<\/div>\n\t\t<div class=\"elementor-element elementor-element-9de37ab e-flex e-con-boxed e-con e-parent\" data-id=\"9de37ab\" data-element_type=\"container\" data-e-type=\"container\">\n\t\t\t\t\t<div class=\"e-con-inner\">\n\t\t\t\t<div class=\"elementor-element elementor-element-ab33b2d elementor-widget elementor-widget-heading\" data-id=\"ab33b2d\" data-element_type=\"widget\" data-e-type=\"widget\" data-widget_type=\"heading.default\">\n\t\t\t\t\t<h2 class=\"elementor-heading-title elementor-size-default\">Sh\u00ebrbimet e ofruara pran\u00eb Qendr\u00ebs Medicare :<\/h2>\t\t\t\t<\/div>\n\t\t\t\t\t<\/div>\n\t\t\t\t<\/div>\n\t\t<div class=\"elementor-element elementor-element-8ac5db7 e-flex e-con-boxed e-con e-parent\" data-id=\"8ac5db7\" data-element_type=\"container\" data-e-type=\"container\">\n\t\t\t\t\t<div class=\"e-con-inner\">\n\t\t<div class=\"elementor-element elementor-element-3023243 e-con-full e-flex e-con e-child\" data-id=\"3023243\" data-element_type=\"container\" data-e-type=\"container\">\n\t\t\t\t<div class=\"elementor-element elementor-element-2f74d91 elementor-cta--skin-cover elementor-cta--valign-middle elementor-bg-transform elementor-bg-transform-zoom-in elementor-widget elementor-widget-call-to-action\" data-id=\"2f74d91\" data-element_type=\"widget\" data-e-type=\"widget\" data-widget_type=\"call-to-action.default\">\n\t\t\t\t\t\t\t<a class=\"elementor-cta\" href=\"https:\/\/fjori.kostricani.com\/medicare\/imazheri\/\">\n\t\t\t\t\t<div class=\"elementor-cta__bg-wrapper\">\n\t\t\t\t<div class=\"elementor-cta__bg elementor-bg\" style=\"background-image: url(https:\/\/fjori.kostricani.com\/medicare\/wp-content\/uploads\/2026\/03\/WhatsApp-Image-2026-03-03-at-12.57.00-2-1.png);\" role=\"img\" aria-label=\"WhatsApp Image 2026-03-03 at 12.57.00 2 (1)\"><\/div>\n\t\t\t\t<div class=\"elementor-cta__bg-overlay\"><\/div>\n\t\t\t<\/div>\n\t\t\t\t\t\t\t<div class=\"elementor-cta__content\">\n\t\t\t\t\n\t\t\t\t\t\t\t\t\t<h2 class=\"elementor-cta__title elementor-cta__content-item elementor-content-item\">\n\t\t\t\t\t\tImazheri\/Radiologji\t\t\t\t\t<\/h2>\n\t\t\t\t\n\t\t\t\t\t\t\t\t\t<div class=\"elementor-cta__description elementor-cta__content-item elementor-content-item\">\n\t\t\t\t\t\tImazheria ofron ekzaminime t\u00eb avancuara p\u00ebr vler\u00ebsim t\u00eb sakt\u00eb dhe t\u00eb besuesh\u00ebm t\u00eb gjendjes sh\u00ebndet\u00ebsore.\t\t\t\t\t<\/div>\n\t\t\t\t\n\t\t\t\t\t\t\t\t\t<div class=\"elementor-cta__button-wrapper elementor-cta__content-item elementor-content-item \">\n\t\t\t\t\t<span class=\"elementor-cta__button elementor-button elementor-size-\">\n\t\t\t\t\t\tM\u00eb shum\u00eb\t\t\t\t\t<\/span>\n\t\t\t\t\t<\/div>\n\t\t\t\t\t\t\t<\/div>\n\t\t\t\t\t\t<\/a>\n\t\t\t\t\t\t<\/div>\n\t\t\t\t<\/div>\n\t\t<div class=\"elementor-element elementor-element-7e70417 e-con-full e-flex e-con e-child\" data-id=\"7e70417\" data-element_type=\"container\" data-e-type=\"container\">\n\t\t\t\t<div class=\"elementor-element elementor-element-cc51324 elementor-cta--skin-cover elementor-cta--valign-middle elementor-bg-transform elementor-bg-transform-zoom-in elementor-widget elementor-widget-call-to-action\" data-id=\"cc51324\" data-element_type=\"widget\" data-e-type=\"widget\" data-widget_type=\"call-to-action.default\">\n\t\t\t\t\t\t\t<a class=\"elementor-cta\" href=\"https:\/\/fjori.kostricani.com\/medicare\/elektrofiziologji\/\">\n\t\t\t\t\t<div class=\"elementor-cta__bg-wrapper\">\n\t\t\t\t<div class=\"elementor-cta__bg elementor-bg\" style=\"background-image: url(https:\/\/fjori.kostricani.com\/medicare\/wp-content\/uploads\/2026\/03\/WhatsApp-Image-2026-03-05-at-10.49.46-1.png);\" role=\"img\" aria-label=\"WhatsApp Image 2026-03-05 at 10.49.46 1\"><\/div>\n\t\t\t\t<div class=\"elementor-cta__bg-overlay\"><\/div>\n\t\t\t<\/div>\n\t\t\t\t\t\t\t<div class=\"elementor-cta__content\">\n\t\t\t\t\n\t\t\t\t\t\t\t\t\t<h2 class=\"elementor-cta__title elementor-cta__content-item elementor-content-item\">\n\t\t\t\t\t\tElektrofiziologji\t\t\t\t\t<\/h2>\n\t\t\t\t\n\t\t\t\t\t\t\t\t\t<div class=\"elementor-cta__description elementor-cta__content-item elementor-content-item\">\n\t\t\t\t\t\tElektrofiziologjia vler\u00ebson funksionin e sistemit nervor dhe muskulor p\u00ebrmes testeve t\u00eb specializuara diagnostikuese.\t\t\t\t\t<\/div>\n\t\t\t\t\n\t\t\t\t\t\t\t\t\t<div class=\"elementor-cta__button-wrapper elementor-cta__content-item elementor-content-item \">\n\t\t\t\t\t<span class=\"elementor-cta__button elementor-button elementor-size-\">\n\t\t\t\t\t\tM\u00eb shum\u00eb\t\t\t\t\t<\/span>\n\t\t\t\t\t<\/div>\n\t\t\t\t\t\t\t<\/div>\n\t\t\t\t\t\t<\/a>\n\t\t\t\t\t\t<\/div>\n\t\t\t\t<\/div>\n\t\t<div class=\"elementor-element elementor-element-cf6d251 e-con-full e-flex e-con e-child\" data-id=\"cf6d251\" data-element_type=\"container\" data-e-type=\"container\">\n\t\t\t\t<div class=\"elementor-element elementor-element-ee9d615 elementor-cta--skin-cover elementor-cta--valign-middle elementor-bg-transform elementor-bg-transform-zoom-in elementor-widget elementor-widget-call-to-action\" data-id=\"ee9d615\" data-element_type=\"widget\" data-e-type=\"widget\" data-widget_type=\"call-to-action.default\">\n\t\t\t\t\t\t\t<a class=\"elementor-cta\" href=\"https:\/\/fjori.kostricani.com\/medicare\/konsulta\/\">\n\t\t\t\t\t<div class=\"elementor-cta__bg-wrapper\">\n\t\t\t\t<div class=\"elementor-cta__bg elementor-bg\" style=\"background-image: url(https:\/\/fjori.kostricani.com\/medicare\/wp-content\/uploads\/2026\/03\/old-physician-listens-man-clinic-1.png);\" role=\"img\" aria-label=\"old-physician-listens-man-clinic 1\"><\/div>\n\t\t\t\t<div class=\"elementor-cta__bg-overlay\"><\/div>\n\t\t\t<\/div>\n\t\t\t\t\t\t\t<div class=\"elementor-cta__content\">\n\t\t\t\t\n\t\t\t\t\t\t\t\t\t<h2 class=\"elementor-cta__title elementor-cta__content-item elementor-content-item\">\n\t\t\t\t\t\tKonsulta\t\t\t\t\t<\/h2>\n\t\t\t\t\n\t\t\t\t\t\t\t\t\t<div class=\"elementor-cta__description elementor-cta__content-item elementor-content-item\">\n\t\t\t\t\t\tKonsulta mjek\u00ebsore t\u00eb specializuara p\u00ebr vler\u00ebsim profesional, diagnoz\u00eb t\u00eb sakt\u00eb dhe plan trajtimi t\u00eb personalizuar.\t\t\t\t\t<\/div>\n\t\t\t\t\n\t\t\t\t\t\t\t\t\t<div class=\"elementor-cta__button-wrapper elementor-cta__content-item elementor-content-item \">\n\t\t\t\t\t<span class=\"elementor-cta__button elementor-button elementor-size-\">\n\t\t\t\t\t\tM\u00eb shum\u00eb\t\t\t\t\t<\/span>\n\t\t\t\t\t<\/div>\n\t\t\t\t\t\t\t<\/div>\n\t\t\t\t\t\t<\/a>\n\t\t\t\t\t\t<\/div>\n\t\t\t\t<\/div>\n\t\t\t\t\t<\/div>\n\t\t\t\t<\/div>\n\t\t\t\t<\/div>\n\t\t\n    <div class=\"xs_social_share_widget xs_share_url after_content \t\tmain_content  wslu-style-1 wslu-share-box-shaped wslu-fill-colored wslu-none wslu-share-horizontal wslu-theme-font-no wslu-main_content\">\n\n\t\t\n        <ul>\n\t\t\t        <\/ul>\n    <\/div> \n","protected":false},"excerpt":{"rendered":"<p>Kryefaqja \/ Sh\u00ebrbimet Sh\u00ebrbimet e ofruara pran\u00eb Qendr\u00ebs Medicare : Imazheri\/Radiologji Imazheria ofron ekzaminime t\u00eb avancuara p\u00ebr vler\u00ebsim t\u00eb sakt\u00eb dhe t\u00eb besuesh\u00ebm t\u00eb gjendjes sh\u00ebndet\u00ebsore. M\u00eb shum\u00eb Elektrofiziologji Elektrofiziologjia vler\u00ebson funksionin e sistemit nervor dhe muskulor p\u00ebrmes testeve t\u00eb specializuara diagnostikuese. M\u00eb shum\u00eb Konsulta Konsulta mjek\u00ebsore t\u00eb specializuara p\u00ebr vler\u00ebsim profesional, diagnoz\u00eb t\u00eb sakt\u00eb [&hellip;]<\/p>\n","protected":false},"author":1,"featured_media":0,"parent":0,"menu_order":0,"comment_status":"closed","ping_status":"closed","template":"elementor_header_footer","meta":{"footnotes":""},"class_list":["post-301","page","type-page","status-publish","hentry"],"_links":{"self":[{"href":"https:\/\/fjori.kostricani.com\/medicare\/wp-json\/wp\/v2\/pages\/301","targetHints":{"allow":["GET"]}}],"collection":[{"href":"https:\/\/fjori.kostricani.com\/medicare\/wp-json\/wp\/v2\/pages"}],"about":[{"href":"https:\/\/fjori.kostricani.com\/medicare\/wp-json\/wp\/v2\/types\/page"}],"author":[{"embeddable":true,"href":"https:\/\/fjori.kostricani.com\/medicare\/wp-json\/wp\/v2\/users\/1"}],"replies":[{"embeddable":true,"href":"https:\/\/fjori.kostricani.com\/medicare\/wp-json\/wp\/v2\/comments?post=301"}],"version-history":[{"count":139,"href":"https:\/\/fjori.kostricani.com\/medicare\/wp-json\/wp\/v2\/pages\/301\/revisions"}],"predecessor-version":[{"id":3857,"href":"https:\/\/fjori.kostricani.com\/medicare\/wp-json\/wp\/v2\/pages\/301\/revisions\/3857"}],"wp:attachment":[{"href":"https:\/\/fjori.kostricani.com\/medicare\/wp-json\/wp\/v2\/media?parent=301"}],"curies":[{"name":"wp","href":"https:\/\/api.w.org\/{rel}","templated":true}]}}