{"id":303,"date":"2026-01-26T07:36:53","date_gmt":"2026-01-26T07:36:53","guid":{"rendered":"https:\/\/fjori.kostricani.com\/medicare\/?page_id=303"},"modified":"2026-03-05T11:33:41","modified_gmt":"2026-03-05T11:33:41","slug":"rezonance-magnetike","status":"publish","type":"page","link":"https:\/\/fjori.kostricani.com\/medicare\/rezonance-magnetike\/","title":{"rendered":"Rezonance Magnetike"},"content":{"rendered":"\t\t<div data-elementor-type=\"wp-page\" data-elementor-id=\"303\" class=\"elementor elementor-303\" data-elementor-post-type=\"page\">\n\t\t\t\t<div class=\"elementor-element elementor-element-07ada9f e-flex e-con-boxed e-con e-parent\" data-id=\"07ada9f\" data-element_type=\"container\" data-e-type=\"container\" data-settings=\"{&quot;background_background&quot;:&quot;classic&quot;}\">\n\t\t\t\t\t<div class=\"e-con-inner\">\n\t\t\t\t<div class=\"elementor-element elementor-element-005d6ad elementor-widget elementor-widget-spacer\" data-id=\"005d6ad\" data-element_type=\"widget\" data-e-type=\"widget\" data-widget_type=\"spacer.default\">\n\t\t\t\t\t\t\t<div class=\"elementor-spacer\">\n\t\t\t<div class=\"elementor-spacer-inner\"><\/div>\n\t\t<\/div>\n\t\t\t\t\t\t<\/div>\n\t\t\t\t<div class=\"elementor-element elementor-element-6ddca00 elementor-widget elementor-widget-text-editor\" data-id=\"6ddca00\" data-element_type=\"widget\" data-e-type=\"widget\" data-widget_type=\"text-editor.default\">\n\t\t\t\t\t\t\t\t\t<p><a href=\"\/\">Kryefaqja<\/a> \/ <strong>Rezonanc\u00eb Magnetike<\/strong><\/p>\t\t\t\t\t\t\t\t<\/div>\n\t\t\t\t\t<\/div>\n\t\t\t\t<\/div>\n\t\t<div class=\"elementor-element elementor-element-2cc5c51 e-flex e-con-boxed e-con e-parent\" data-id=\"2cc5c51\" data-element_type=\"container\" data-e-type=\"container\">\n\t\t\t\t\t<div class=\"e-con-inner\">\n\t\t<div class=\"elementor-element elementor-element-041ef8c e-con-full e-flex e-con e-child\" data-id=\"041ef8c\" data-element_type=\"container\" data-e-type=\"container\">\n\t\t\t\t<div class=\"elementor-element elementor-element-875e875 elementor-widget elementor-widget-image\" data-id=\"875e875\" data-element_type=\"widget\" data-e-type=\"widget\" data-widget_type=\"image.default\">\n\t\t\t\t\t\t\t\t\t\t\t\t\t\t\t<img fetchpriority=\"high\" decoding=\"async\" width=\"600\" height=\"400\" src=\"https:\/\/fjori.kostricani.com\/medicare\/wp-content\/uploads\/2026\/03\/WhatsApp-Image-2026-03-03-at-12.57.20-1.png\" class=\"attachment-full size-full wp-image-3600\" alt=\"\" srcset=\"https:\/\/fjori.kostricani.com\/medicare\/wp-content\/uploads\/2026\/03\/WhatsApp-Image-2026-03-03-at-12.57.20-1.png 600w, https:\/\/fjori.kostricani.com\/medicare\/wp-content\/uploads\/2026\/03\/WhatsApp-Image-2026-03-03-at-12.57.20-1-300x200.png 300w\" sizes=\"(max-width: 600px) 100vw, 600px\" \/>\t\t\t\t\t\t\t\t\t\t\t\t\t\t\t<\/div>\n\t\t\t\t<\/div>\n\t\t<div class=\"elementor-element elementor-element-cd9005c e-con-full e-flex e-con e-child\" data-id=\"cd9005c\" data-element_type=\"container\" data-e-type=\"container\">\n\t\t\t\t<div class=\"elementor-element elementor-element-6090bf4 elementor-widget elementor-widget-heading\" data-id=\"6090bf4\" data-element_type=\"widget\" data-e-type=\"widget\" data-widget_type=\"heading.default\">\n\t\t\t\t\t<h2 class=\"elementor-heading-title elementor-size-default\">Rezonanc\u00eb Magnetike (MR)<\/h2>\t\t\t\t<\/div>\n\t\t\t\t<div class=\"elementor-element elementor-element-640875b elementor-widget elementor-widget-text-editor\" data-id=\"640875b\" data-element_type=\"widget\" data-e-type=\"widget\" data-widget_type=\"text-editor.default\">\n\t\t\t\t\t\t\t\t\t<p data-start=\"0\" data-end=\"233\">Rezonanca magnetike MR \u00ebsht\u00eb nj\u00eb ekzaminim imazherik joinvaziv dhe pa dhimbje q\u00eb p\u00ebrdor val\u00ebt elektromagnetike p\u00ebr t\u00eb ndihmuar mjek\u00ebt n\u00eb diagnostikimin e s\u00ebmundjeve t\u00eb ndryshme, kur metodat e tjera imazherike jan\u00eb t\u00eb pamjaftueshme.<\/p><p data-start=\"235\" data-end=\"618\">Rezonanca magnetike mund\u00ebson krijimin e imazheve t\u00eb detajuara t\u00eb kockave, indeve t\u00eb buta dhe, n\u00eb disa raste, t\u00eb t\u00eb gjitha strukturave t\u00eb tjera t\u00eb trupit. Ajo ofron informacion t\u00eb holl\u00ebsish\u00ebm jo vet\u00ebm mbi struktur\u00ebn e nj\u00eb organi, por edhe funksionin e tij. RM nuk p\u00ebrdor rrezatim jonizues (si rrezet X) dhe nuk paraqet rrezik p\u00ebr pacientin n\u00ebse ndiqen udh\u00ebzimet p\u00ebrkat\u00ebse t\u00eb siguris\u00eb.<\/p><p data-start=\"620\" data-end=\"738\">Aktualisht, RM \u00ebsht\u00eb ekzaminimi m\u00eb i ndjesh\u00ebm p\u00ebr imazherin\u00eb e kok\u00ebs (p\u00ebrfshir\u00eb trurin) n\u00eb praktik\u00ebn mjek\u00ebsore rutin\u00eb.<\/p><p data-start=\"740\" data-end=\"797\"><span style=\"text-decoration: underline;\">RM \u00ebsht\u00eb gjithashtu zgjedhja m\u00eb e mir\u00eb p\u00ebr ekzaminimin e:<\/span><\/p><p data-start=\"801\" data-end=\"902\">&#8211; S\u00ebmundjeve t\u00eb trurit,<\/p><p data-start=\"905\" data-end=\"982\">&#8211; S\u00ebmundjeve t\u00eb zemr\u00ebs,<\/p><p data-start=\"985\" data-end=\"1099\">&#8211; S\u00ebmundjeve t\u00eb kavitetit abdominal,<\/p><p data-start=\"1102\" data-end=\"1300\">&#8211; S\u00ebmundjeve t\u00eb sistemit muskulo-skeletal.<\/p>\t\t\t\t\t\t\t\t<\/div>\n\t\t\t\t<\/div>\n\t\t\t\t\t<\/div>\n\t\t\t\t<\/div>\n\t\t<div class=\"elementor-element elementor-element-8bd6486 e-flex e-con-boxed e-con e-parent\" data-id=\"8bd6486\" data-element_type=\"container\" data-e-type=\"container\" data-settings=\"{&quot;background_background&quot;:&quot;classic&quot;}\">\n\t\t\t\t\t<div class=\"e-con-inner\">\n\t\t<div class=\"elementor-element elementor-element-c520a19 e-con-full e-flex e-con e-child\" data-id=\"c520a19\" data-element_type=\"container\" data-e-type=\"container\">\n\t\t\t\t<div class=\"elementor-element elementor-element-9f553cd elementor-widget elementor-widget-heading\" data-id=\"9f553cd\" data-element_type=\"widget\" data-e-type=\"widget\" data-widget_type=\"heading.default\">\n\t\t\t\t\t<h2 class=\"elementor-heading-title elementor-size-default\">Staf mjek\u00ebsor profesional  <\/h2>\t\t\t\t<\/div>\n\t\t\t\t<\/div>\n\t\t<div class=\"elementor-element elementor-element-a0a975e e-con-full e-flex e-con e-child\" data-id=\"a0a975e\" data-element_type=\"container\" data-e-type=\"container\">\n\t\t\t\t<div class=\"elementor-element elementor-element-c5ff057 elementor-widget elementor-widget-heading\" data-id=\"c5ff057\" data-element_type=\"widget\" data-e-type=\"widget\" data-widget_type=\"heading.default\">\n\t\t\t\t\t<h2 class=\"elementor-heading-title elementor-size-default\">Aparatura moderne\u00a0<\/h2>\t\t\t\t<\/div>\n\t\t\t\t<\/div>\n\t\t<div class=\"elementor-element elementor-element-1af5320 e-con-full e-flex e-con e-child\" data-id=\"1af5320\" data-element_type=\"container\" data-e-type=\"container\">\n\t\t\t\t<div class=\"elementor-element elementor-element-4601bfe elementor-widget elementor-widget-heading\" data-id=\"4601bfe\" data-element_type=\"widget\" data-e-type=\"widget\" data-widget_type=\"heading.default\">\n\t\t\t\t\t<h2 class=\"elementor-heading-title elementor-size-default\">Specialist\u00ebt mjek\u00ebsor m\u00eb t\u00eb mir\u00eb n\u00eb vend<\/h2>\t\t\t\t<\/div>\n\t\t\t\t<\/div>\n\t\t\t\t\t<\/div>\n\t\t\t\t<\/div>\n\t\t\t\t<\/div>\n\t\t\n    <div class=\"xs_social_share_widget xs_share_url after_content \t\tmain_content  wslu-style-1 wslu-share-box-shaped wslu-fill-colored wslu-none wslu-share-horizontal wslu-theme-font-no wslu-main_content\">\n\n\t\t\n        <ul>\n\t\t\t        <\/ul>\n    <\/div> \n","protected":false},"excerpt":{"rendered":"<p>Kryefaqja \/ Rezonanc\u00eb Magnetike Rezonanc\u00eb Magnetike (MR) Rezonanca magnetike MR \u00ebsht\u00eb nj\u00eb ekzaminim imazherik joinvaziv dhe pa dhimbje q\u00eb p\u00ebrdor val\u00ebt elektromagnetike p\u00ebr t\u00eb ndihmuar mjek\u00ebt n\u00eb diagnostikimin e s\u00ebmundjeve t\u00eb ndryshme, kur metodat e tjera imazherike jan\u00eb t\u00eb pamjaftueshme. Rezonanca magnetike mund\u00ebson krijimin e imazheve t\u00eb detajuara t\u00eb kockave, indeve t\u00eb buta dhe, n\u00eb [&hellip;]<\/p>\n","protected":false},"author":1,"featured_media":0,"parent":0,"menu_order":0,"comment_status":"closed","ping_status":"closed","template":"elementor_header_footer","meta":{"footnotes":""},"class_list":["post-303","page","type-page","status-publish","hentry"],"_links":{"self":[{"href":"https:\/\/fjori.kostricani.com\/medicare\/wp-json\/wp\/v2\/pages\/303","targetHints":{"allow":["GET"]}}],"collection":[{"href":"https:\/\/fjori.kostricani.com\/medicare\/wp-json\/wp\/v2\/pages"}],"about":[{"href":"https:\/\/fjori.kostricani.com\/medicare\/wp-json\/wp\/v2\/types\/page"}],"author":[{"embeddable":true,"href":"https:\/\/fjori.kostricani.com\/medicare\/wp-json\/wp\/v2\/users\/1"}],"replies":[{"embeddable":true,"href":"https:\/\/fjori.kostricani.com\/medicare\/wp-json\/wp\/v2\/comments?post=303"}],"version-history":[{"count":112,"href":"https:\/\/fjori.kostricani.com\/medicare\/wp-json\/wp\/v2\/pages\/303\/revisions"}],"predecessor-version":[{"id":3680,"href":"https:\/\/fjori.kostricani.com\/medicare\/wp-json\/wp\/v2\/pages\/303\/revisions\/3680"}],"wp:attachment":[{"href":"https:\/\/fjori.kostricani.com\/medicare\/wp-json\/wp\/v2\/media?parent=303"}],"curies":[{"name":"wp","href":"https:\/\/api.w.org\/{rel}","templated":true}]}}