{"id":312,"date":"2026-01-26T07:39:59","date_gmt":"2026-01-26T07:39:59","guid":{"rendered":"https:\/\/fjori.kostricani.com\/medicare\/?page_id=312"},"modified":"2026-03-05T13:33:50","modified_gmt":"2026-03-05T13:33:50","slug":"diagnostikim-emg-eng","status":"publish","type":"page","link":"https:\/\/fjori.kostricani.com\/medicare\/diagnostikim-emg-eng\/","title":{"rendered":"Diagnostikim EMG \/ ENG"},"content":{"rendered":"\t\t<div data-elementor-type=\"wp-page\" data-elementor-id=\"312\" class=\"elementor elementor-312\" data-elementor-post-type=\"page\">\n\t\t\t\t<div class=\"elementor-element elementor-element-743e6bf e-flex e-con-boxed e-con e-parent\" data-id=\"743e6bf\" data-element_type=\"container\" data-e-type=\"container\" data-settings=\"{&quot;background_background&quot;:&quot;classic&quot;}\">\n\t\t\t\t\t<div class=\"e-con-inner\">\n\t\t\t\t<div class=\"elementor-element elementor-element-3ba548b elementor-widget elementor-widget-spacer\" data-id=\"3ba548b\" data-element_type=\"widget\" data-e-type=\"widget\" data-widget_type=\"spacer.default\">\n\t\t\t\t\t\t\t<div class=\"elementor-spacer\">\n\t\t\t<div class=\"elementor-spacer-inner\"><\/div>\n\t\t<\/div>\n\t\t\t\t\t\t<\/div>\n\t\t\t\t<div class=\"elementor-element elementor-element-ef87e98 elementor-widget elementor-widget-text-editor\" data-id=\"ef87e98\" data-element_type=\"widget\" data-e-type=\"widget\" data-widget_type=\"text-editor.default\">\n\t\t\t\t\t\t\t\t\t<p><a href=\"\/\">Kryefaqja<\/a> \/ <strong>Diagnostikimi EMG \/ ENG<\/strong><\/p>\t\t\t\t\t\t\t\t<\/div>\n\t\t\t\t\t<\/div>\n\t\t\t\t<\/div>\n\t\t<div class=\"elementor-element elementor-element-cd2b52e e-flex e-con-boxed e-con e-parent\" data-id=\"cd2b52e\" data-element_type=\"container\" data-e-type=\"container\">\n\t\t\t\t\t<div class=\"e-con-inner\">\n\t\t<div class=\"elementor-element elementor-element-3fe854f e-con-full e-flex e-con e-child\" data-id=\"3fe854f\" data-element_type=\"container\" data-e-type=\"container\">\n\t\t\t\t<div class=\"elementor-element elementor-element-e0bc61e elementor-widget elementor-widget-image\" data-id=\"e0bc61e\" data-element_type=\"widget\" data-e-type=\"widget\" data-widget_type=\"image.default\">\n\t\t\t\t\t\t\t\t\t\t\t\t\t\t\t<img fetchpriority=\"high\" decoding=\"async\" width=\"600\" height=\"400\" src=\"https:\/\/fjori.kostricani.com\/medicare\/wp-content\/uploads\/2026\/03\/electroacupuncture-dry-with-needle-female-ankle-2.png\" class=\"attachment-full size-full wp-image-3735\" alt=\"\" srcset=\"https:\/\/fjori.kostricani.com\/medicare\/wp-content\/uploads\/2026\/03\/electroacupuncture-dry-with-needle-female-ankle-2.png 600w, https:\/\/fjori.kostricani.com\/medicare\/wp-content\/uploads\/2026\/03\/electroacupuncture-dry-with-needle-female-ankle-2-300x200.png 300w\" sizes=\"(max-width: 600px) 100vw, 600px\" \/>\t\t\t\t\t\t\t\t\t\t\t\t\t\t\t<\/div>\n\t\t\t\t<\/div>\n\t\t<div class=\"elementor-element elementor-element-0115a39 e-con-full e-flex e-con e-child\" data-id=\"0115a39\" data-element_type=\"container\" data-e-type=\"container\">\n\t\t\t\t<div class=\"elementor-element elementor-element-717b610 elementor-widget elementor-widget-heading\" data-id=\"717b610\" data-element_type=\"widget\" data-e-type=\"widget\" data-widget_type=\"heading.default\">\n\t\t\t\t\t<h2 class=\"elementor-heading-title elementor-size-default\">Diagnostikimi EMG \/ ENG<\/h2>\t\t\t\t<\/div>\n\t\t\t\t<div class=\"elementor-element elementor-element-bd9a3de elementor-widget elementor-widget-text-editor\" data-id=\"bd9a3de\" data-element_type=\"widget\" data-e-type=\"widget\" data-widget_type=\"text-editor.default\">\n\t\t\t\t\t\t\t\t\t<p data-start=\"0\" data-end=\"361\"><strong>\u00c7far\u00eb \u00ebsht\u00eb testi i shpejt\u00ebsis\u00eb s\u00eb p\u00ebr\u00e7ueshm\u00ebris\u00eb nervore (ENG, EMG)<\/strong><\/p><p data-start=\"0\" data-end=\"361\">Testi i shpejt\u00ebsis\u00eb s\u00eb p\u00ebr\u00e7ueshm\u00ebris\u00eb nervore &#8211; i quajtur shkurtimisht ENG, mat se sa shpejt l\u00ebviz nj\u00eb impuls elektrik p\u00ebrmes nervit tuaj. ENG mund t\u00eb identifikoj\u00eb llojin dhe vendin e d\u00ebmtimit nervor.<\/p><p data-start=\"0\" data-end=\"361\">Gjat\u00eb testit, nervi juaj studiohet zakonisht me an\u00eb t\u00eb elektrodave t\u00eb vendosura n\u00eb l\u00ebkur\u00eb me nj\u00eb leukoplast. Dy elektroda vendosen n\u00eb l\u00ebkur\u00eb mbi nerv apo mbi muskul. Nj\u00eb elektrod\u00eb stimulon nervin me nj\u00eb impuls elektrik shum\u00eb t\u00eb but\u00eb. Elektroda tjet\u00ebr e regjistron at\u00eb. Aktiviteti elektrik q\u00eb rezulton regjistrohet dhe shfaqet n\u00eb ekran. Kjo p\u00ebrs\u00ebritet p\u00ebr \u00e7do nerv q\u00eb do t\u00eb testohet.<\/p><p data-start=\"0\" data-end=\"361\">Nj\u00eb test tjet\u00ebr q\u00eb mund t\u00eb jet\u00eb i nevojsh\u00ebm \u00ebsht\u00eb elektromiografia (EMG). Kjo procedur\u00eb mat aktivitetin elektrik n\u00eb muskujt tuaj. Shpesh b\u00ebhet n\u00eb t\u00eb nj\u00ebjt\u00ebn seanc\u00eb me ENG. T\u00eb dy testet ndihmojn\u00eb n\u00eb gjetjen e pranis\u00eb, vendndodhjes dhe shtrirjes s\u00eb s\u00ebmundjeve q\u00eb d\u00ebmtojn\u00eb nervat dhe muskujt.<\/p><p data-start=\"0\" data-end=\"361\">\u00a0<\/p>\t\t\t\t\t\t\t\t<\/div>\n\t\t\t\t<\/div>\n\t\t\t\t\t<\/div>\n\t\t\t\t<\/div>\n\t\t<div class=\"elementor-element elementor-element-03e211b e-flex e-con-boxed e-con e-parent\" data-id=\"03e211b\" data-element_type=\"container\" data-e-type=\"container\">\n\t\t\t\t\t<div class=\"e-con-inner\">\n\t\t<div class=\"elementor-element elementor-element-6bbffcd e-con-full e-flex e-con e-child\" data-id=\"6bbffcd\" data-element_type=\"container\" data-e-type=\"container\">\n\t\t\t\t<div class=\"elementor-element elementor-element-1353ce6 elementor-widget elementor-widget-image\" data-id=\"1353ce6\" data-element_type=\"widget\" data-e-type=\"widget\" data-widget_type=\"image.default\">\n\t\t\t\t\t\t\t\t\t\t\t\t\t\t\t<img decoding=\"async\" width=\"600\" height=\"400\" src=\"https:\/\/fjori.kostricani.com\/medicare\/wp-content\/uploads\/2026\/03\/iStock-910382846-2000x1125-1.png\" class=\"attachment-full size-full wp-image-3834\" alt=\"\" srcset=\"https:\/\/fjori.kostricani.com\/medicare\/wp-content\/uploads\/2026\/03\/iStock-910382846-2000x1125-1.png 600w, https:\/\/fjori.kostricani.com\/medicare\/wp-content\/uploads\/2026\/03\/iStock-910382846-2000x1125-1-300x200.png 300w\" sizes=\"(max-width: 600px) 100vw, 600px\" \/>\t\t\t\t\t\t\t\t\t\t\t\t\t\t\t<\/div>\n\t\t\t\t<\/div>\n\t\t<div class=\"elementor-element elementor-element-057eeeb e-con-full e-flex e-con e-child\" data-id=\"057eeeb\" data-element_type=\"container\" data-e-type=\"container\">\n\t\t\t\t<div class=\"elementor-element elementor-element-cb5acc2 elementor-widget elementor-widget-text-editor\" data-id=\"cb5acc2\" data-element_type=\"widget\" data-e-type=\"widget\" data-widget_type=\"text-editor.default\">\n\t\t\t\t\t\t\t\t\t<p data-start=\"0\" data-end=\"361\"><strong>Pse mund t\u00eb m\u00eb duhet nj\u00eb test i shpejt\u00ebsis\u00eb s\u00eb p\u00ebr\u00e7ueshm\u00ebris\u00eb nervore (ENG\/EMG)?<\/strong><\/p><p data-start=\"0\" data-end=\"361\">ENG p\u00ebrdoret shpesh s\u00eb bashku me EMG p\u00ebr t\u00eb treguar dallimin midis nj\u00eb \u00e7rregullimi nervor dhe nj\u00eb \u00e7rregullimi t\u00eb muskujve. ENG zbulon nj\u00eb problem me nervin, nd\u00ebrsa nj\u00eb EMG zbulon n\u00ebse muskuli po funksionon si\u00e7 duhet n\u00eb p\u00ebrgjigje t\u00eb stimulit t\u00eb nervit.<\/p><p data-start=\"0\" data-end=\"361\">S\u00ebmundjet ose crregullimet q\u00eb mund t\u00eb kontrollohen me ENG\/EMG p\u00ebrfshijn\u00eb:<\/p><ul><li data-start=\"0\" data-end=\"361\">Sindroma Guillain-Barr\u00e9.\u00a0<\/li><li data-start=\"0\" data-end=\"361\">Sindroma e tunelit karpal.\u00a0<\/li><li data-start=\"0\" data-end=\"361\">S\u00ebmundja Charcot Marie-Tooth.<\/li><li data-start=\"0\" data-end=\"361\">S\u00ebmundja e hernies s\u00eb diskut.\u00a0\u00a0<\/li><li data-start=\"0\" data-end=\"361\">Polineuropatia.\u00a0<\/li><li data-start=\"0\" data-end=\"361\">Probleme me nervin shiatik.\u00a0\u00a0<\/li><li data-start=\"0\" data-end=\"361\">S\u00ebmundjet muskulare inflamatore e gjenetike&#8230;. etj&#8230;<\/li><\/ul><p>Studimet e p\u00ebrcjelljes nervore mund t\u00eb b\u00ebhen gjithashtu edhe p\u00ebr tu orientuar mbi shkakun e simptomave, t\u00eb tilla si mpirje, ndjesi shpimi gjilp\u00ebrash, dhimbje t\u00eb vazhdueshme apo dob\u00ebsi e lodhje t\u00eb an\u00ebsive.<\/p>\t\t\t\t\t\t\t\t<\/div>\n\t\t\t\t<\/div>\n\t\t\t\t\t<\/div>\n\t\t\t\t<\/div>\n\t\t<div class=\"elementor-element elementor-element-cc665e6 e-flex e-con-boxed e-con e-parent\" data-id=\"cc665e6\" data-element_type=\"container\" data-e-type=\"container\" data-settings=\"{&quot;background_background&quot;:&quot;classic&quot;}\">\n\t\t\t\t\t<div class=\"e-con-inner\">\n\t\t<div class=\"elementor-element elementor-element-98f6148 e-con-full e-flex e-con e-child\" data-id=\"98f6148\" data-element_type=\"container\" data-e-type=\"container\">\n\t\t\t\t<div class=\"elementor-element elementor-element-59cbc71 elementor-widget elementor-widget-heading\" data-id=\"59cbc71\" data-element_type=\"widget\" data-e-type=\"widget\" data-widget_type=\"heading.default\">\n\t\t\t\t\t<h2 class=\"elementor-heading-title elementor-size-default\">Staf mjek\u00ebsor profesional  <\/h2>\t\t\t\t<\/div>\n\t\t\t\t<\/div>\n\t\t<div class=\"elementor-element elementor-element-c7c6c60 e-con-full e-flex e-con e-child\" data-id=\"c7c6c60\" data-element_type=\"container\" data-e-type=\"container\">\n\t\t\t\t<div class=\"elementor-element elementor-element-c6c20a7 elementor-widget elementor-widget-heading\" data-id=\"c6c20a7\" data-element_type=\"widget\" data-e-type=\"widget\" data-widget_type=\"heading.default\">\n\t\t\t\t\t<h2 class=\"elementor-heading-title elementor-size-default\">Aparatura moderne\u00a0<\/h2>\t\t\t\t<\/div>\n\t\t\t\t<\/div>\n\t\t<div class=\"elementor-element elementor-element-da096b7 e-con-full e-flex e-con e-child\" data-id=\"da096b7\" data-element_type=\"container\" data-e-type=\"container\">\n\t\t\t\t<div class=\"elementor-element elementor-element-9363a8f elementor-widget elementor-widget-heading\" data-id=\"9363a8f\" data-element_type=\"widget\" data-e-type=\"widget\" data-widget_type=\"heading.default\">\n\t\t\t\t\t<h2 class=\"elementor-heading-title elementor-size-default\">Specialist\u00ebt mjek\u00ebsor m\u00eb t\u00eb mir\u00eb n\u00eb vend<\/h2>\t\t\t\t<\/div>\n\t\t\t\t<\/div>\n\t\t\t\t\t<\/div>\n\t\t\t\t<\/div>\n\t\t\t\t<\/div>\n\t\t\n    <div class=\"xs_social_share_widget xs_share_url after_content \t\tmain_content  wslu-style-1 wslu-share-box-shaped wslu-fill-colored wslu-none wslu-share-horizontal wslu-theme-font-no wslu-main_content\">\n\n\t\t\n        <ul>\n\t\t\t        <\/ul>\n    <\/div> \n","protected":false},"excerpt":{"rendered":"<p>Kryefaqja \/ Diagnostikimi EMG \/ ENG Diagnostikimi EMG \/ ENG \u00c7far\u00eb \u00ebsht\u00eb testi i shpejt\u00ebsis\u00eb s\u00eb p\u00ebr\u00e7ueshm\u00ebris\u00eb nervore (ENG, EMG) Testi i shpejt\u00ebsis\u00eb s\u00eb p\u00ebr\u00e7ueshm\u00ebris\u00eb nervore &#8211; i quajtur shkurtimisht ENG, mat se sa shpejt l\u00ebviz nj\u00eb impuls elektrik p\u00ebrmes nervit tuaj. ENG mund t\u00eb identifikoj\u00eb llojin dhe vendin e d\u00ebmtimit nervor. Gjat\u00eb testit, nervi [&hellip;]<\/p>\n","protected":false},"author":1,"featured_media":0,"parent":0,"menu_order":0,"comment_status":"closed","ping_status":"closed","template":"","meta":{"footnotes":""},"class_list":["post-312","page","type-page","status-publish","hentry"],"_links":{"self":[{"href":"https:\/\/fjori.kostricani.com\/medicare\/wp-json\/wp\/v2\/pages\/312","targetHints":{"allow":["GET"]}}],"collection":[{"href":"https:\/\/fjori.kostricani.com\/medicare\/wp-json\/wp\/v2\/pages"}],"about":[{"href":"https:\/\/fjori.kostricani.com\/medicare\/wp-json\/wp\/v2\/types\/page"}],"author":[{"embeddable":true,"href":"https:\/\/fjori.kostricani.com\/medicare\/wp-json\/wp\/v2\/users\/1"}],"replies":[{"embeddable":true,"href":"https:\/\/fjori.kostricani.com\/medicare\/wp-json\/wp\/v2\/comments?post=312"}],"version-history":[{"count":91,"href":"https:\/\/fjori.kostricani.com\/medicare\/wp-json\/wp\/v2\/pages\/312\/revisions"}],"predecessor-version":[{"id":3849,"href":"https:\/\/fjori.kostricani.com\/medicare\/wp-json\/wp\/v2\/pages\/312\/revisions\/3849"}],"wp:attachment":[{"href":"https:\/\/fjori.kostricani.com\/medicare\/wp-json\/wp\/v2\/media?parent=312"}],"curies":[{"name":"wp","href":"https:\/\/api.w.org\/{rel}","templated":true}]}}