{"id":315,"date":"2026-01-26T07:40:45","date_gmt":"2026-01-26T07:40:45","guid":{"rendered":"https:\/\/fjori.kostricani.com\/medicare\/?page_id=315"},"modified":"2026-03-05T13:19:52","modified_gmt":"2026-03-05T13:19:52","slug":"elektroencefalograma-eeg","status":"publish","type":"page","link":"https:\/\/fjori.kostricani.com\/medicare\/elektroencefalograma-eeg\/","title":{"rendered":"Elektroencefalograma EEG"},"content":{"rendered":"\t\t<div data-elementor-type=\"wp-page\" data-elementor-id=\"315\" class=\"elementor elementor-315\" data-elementor-post-type=\"page\">\n\t\t\t\t<div class=\"elementor-element elementor-element-2582cf3 e-flex e-con-boxed e-con e-parent\" data-id=\"2582cf3\" data-element_type=\"container\" data-e-type=\"container\" data-settings=\"{&quot;background_background&quot;:&quot;classic&quot;}\">\n\t\t\t\t\t<div class=\"e-con-inner\">\n\t\t\t\t<div class=\"elementor-element elementor-element-1a8493d elementor-widget elementor-widget-spacer\" data-id=\"1a8493d\" data-element_type=\"widget\" data-e-type=\"widget\" data-widget_type=\"spacer.default\">\n\t\t\t\t\t\t\t<div class=\"elementor-spacer\">\n\t\t\t<div class=\"elementor-spacer-inner\"><\/div>\n\t\t<\/div>\n\t\t\t\t\t\t<\/div>\n\t\t\t\t<div class=\"elementor-element elementor-element-7601957 elementor-widget elementor-widget-text-editor\" data-id=\"7601957\" data-element_type=\"widget\" data-e-type=\"widget\" data-widget_type=\"text-editor.default\">\n\t\t\t\t\t\t\t\t\t<p><a href=\"\/\">Kryefaqja<\/a> \/ <strong>Ezhe<\/strong><\/p>\t\t\t\t\t\t\t\t<\/div>\n\t\t\t\t\t<\/div>\n\t\t\t\t<\/div>\n\t\t<div class=\"elementor-element elementor-element-4d23ff8 e-flex e-con-boxed e-con e-parent\" data-id=\"4d23ff8\" data-element_type=\"container\" data-e-type=\"container\">\n\t\t\t\t\t<div class=\"e-con-inner\">\n\t\t<div class=\"elementor-element elementor-element-d9c439f e-con-full e-flex e-con e-child\" data-id=\"d9c439f\" data-element_type=\"container\" data-e-type=\"container\">\n\t\t\t\t<div class=\"elementor-element elementor-element-3f07d6b elementor-widget elementor-widget-image\" data-id=\"3f07d6b\" data-element_type=\"widget\" data-e-type=\"widget\" data-widget_type=\"image.default\">\n\t\t\t\t\t\t\t\t\t\t\t\t\t\t\t<img fetchpriority=\"high\" decoding=\"async\" width=\"600\" height=\"400\" src=\"https:\/\/fjori.kostricani.com\/medicare\/wp-content\/uploads\/2026\/03\/WhatsApp-Image-2026-03-05-at-10.49.46-2.png\" class=\"attachment-full size-full wp-image-3733\" alt=\"\" srcset=\"https:\/\/fjori.kostricani.com\/medicare\/wp-content\/uploads\/2026\/03\/WhatsApp-Image-2026-03-05-at-10.49.46-2.png 600w, https:\/\/fjori.kostricani.com\/medicare\/wp-content\/uploads\/2026\/03\/WhatsApp-Image-2026-03-05-at-10.49.46-2-300x200.png 300w\" sizes=\"(max-width: 600px) 100vw, 600px\" \/>\t\t\t\t\t\t\t\t\t\t\t\t\t\t\t<\/div>\n\t\t\t\t<\/div>\n\t\t<div class=\"elementor-element elementor-element-b167e6e e-con-full e-flex e-con e-child\" data-id=\"b167e6e\" data-element_type=\"container\" data-e-type=\"container\">\n\t\t\t\t<div class=\"elementor-element elementor-element-2085d08 elementor-widget elementor-widget-heading\" data-id=\"2085d08\" data-element_type=\"widget\" data-e-type=\"widget\" data-widget_type=\"heading.default\">\n\t\t\t\t\t<h2 class=\"elementor-heading-title elementor-size-default\">Cfar\u00eb \u00ebsht\u00eb EEG?<\/h2>\t\t\t\t<\/div>\n\t\t\t\t<div class=\"elementor-element elementor-element-2e5e311 elementor-widget elementor-widget-text-editor\" data-id=\"2e5e311\" data-element_type=\"widget\" data-e-type=\"widget\" data-widget_type=\"text-editor.default\">\n\t\t\t\t\t\t\t\t\t<p data-start=\"0\" data-end=\"547\">Elektroencefalograma (EEG) \u00ebsht\u00eb nj\u00eb ekzaminim i cili regjistron aktivitetin elektrik t\u00eb trurit. Ky ekzaminim jep informacione mjaft t\u00eb vlefshme n\u00eb rastet e episodeve me humbje apo peshtjellim t\u00eb vet\u00ebdijes si dhe n\u00eb diagnoz\u00ebn dhe ndjekjen e pacient\u00ebve me epilepsi.<\/p>\t\t\t\t\t\t\t\t<\/div>\n\t\t\t\t<div class=\"elementor-element elementor-element-9c89bd2 elementor-widget elementor-widget-text-editor\" data-id=\"9c89bd2\" data-element_type=\"widget\" data-e-type=\"widget\" data-widget_type=\"text-editor.default\">\n\t\t\t\t\t\t\t\t\t<p data-start=\"0\" data-end=\"547\"><strong>Si kryhet ky ekzaminim?<\/strong><\/p>\n<p>Zakonisht ky test zgjat rreth 45 min, p\u00ebrvec rasteve kur k\u00ebrkohen ekzaminime t\u00eb zgjatura (90 -120 minuta). Teknikja do kryej\u00eb disa matje p\u00ebr vendosjen e sakt\u00eb t\u00eb elektrodave. K\u00ebto elektroda me an\u00eb t\u00eb disa telave t\u00eb gjat\u00eb lidhen me aparatin e EEG-s\u00eb. Teknikja e EEG-s\u00eb do t\u2019ju k\u00ebrkoj\u00eb t\u00eb relaksoheni, t\u00eb q\u00ebndroni t\u00eb qet\u00eb, me sy mbyllur dhe her\u00eb pas here t\u00eb ndiqni komandat e thjeshta q\u00eb ajo do t\u2019ju jap\u00eb, si psh t\u00eb hapni\/mbyllni syt\u00eb. Gjat\u00eb regjistrimit mund t\u2019ju k\u00ebrkohet t\u00eb b\u00ebni gjithashtu edhe dy procedura t\u00eb tjera:<\/p>\n<ul>\n<li>Frym\u00ebmarrje t\u00eb thella dhe t\u00eb shpeshta p\u00ebr t\u00eb pakt\u00ebn 3 min. Ky ushtrim mund t\u00eb nxis\u00eb ndryshime n\u00eb aktivitetin elektrik t\u00eb trurit dhe mund t\u00eb ndihmoj\u00eb n\u00eb p\u00ebrcaktimin e diagnoz\u00ebs.<\/li>\n<li>Foto stimulimi. Ju do t\u2019ju k\u00ebrkohet t\u00eb shikoni nj\u00eb drit\u00eb t\u00eb shk\u00eblqyeshme q\u00eb flashon me shpejt\u00ebsi t\u00eb ndryshme, t\u00eb pakt\u00ebn 10 sekonda secila.<\/li><\/ul><p>Ekzaminimi i EEG nuk shkakton dhimbje, nuk ka efekte an\u00ebsore apo rrezatim. P\u00ebrgjigjja e testit merret zakonisht nj\u00eb dit\u00eb pas kryerjes s\u00eb ekzaminimit.<\/p>\t\t\t\t\t\t\t\t<\/div>\n\t\t\t\t<\/div>\n\t\t\t\t\t<\/div>\n\t\t\t\t<\/div>\n\t\t<div class=\"elementor-element elementor-element-2607734 e-flex e-con-boxed e-con e-parent\" data-id=\"2607734\" data-element_type=\"container\" data-e-type=\"container\">\n\t\t\t\t\t<div class=\"e-con-inner\">\n\t\t\t\t<div class=\"elementor-element elementor-element-4d7a995 elementor-widget elementor-widget-text-editor\" data-id=\"4d7a995\" data-element_type=\"widget\" data-e-type=\"widget\" data-widget_type=\"text-editor.default\">\n\t\t\t\t\t\t\t\t\t<p data-start=\"0\" data-end=\"547\"><strong>P\u00ebrpara kryerjes s\u00eb EEG ndiqni k\u00ebto k\u00ebshilla paraprake!!!<\/strong><\/p><p data-start=\"0\" data-end=\"547\">B\u00ebni dush nat\u00ebn p\u00ebrpara ekzaminimit.<br \/>Mos p\u00ebrdorni n\u00eb fytyr\u00eb dhe n\u00eb kok\u00eb produkte kozmetike.<br \/>Dit\u00ebn e ekzaminimit nuk k\u00ebshillohen t\u00eb vishen bluza me golf dhe bluza me kapuc.<\/p><p>K\u00ebshillohet dit\u00ebn e ekzaminimit t\u00eb mos konsumoni pije energjike, kafe, coca cola etj.<\/p><p data-start=\"0\" data-end=\"547\">P\u00ebrpara <strong>EEG t\u00eb zgjatur gjumi<\/strong>, nj\u00eb nat\u00eb para ekzaminimit k\u00ebshillohet p\u00ebr f\u00ebmij\u00ebt t\u00eb zgjohen 2-3 or\u00eb m\u00eb par\u00eb se zakonisht kurse t\u00eb rriturit t\u00eb mos flen\u00eb nj\u00eb nat\u00eb para ekzaminimit.<br \/>Nqs trajtoheni me medikamente merrini ato dit\u00ebn e ekzaminimit si zakonisht vet\u00ebm n\u00eb rastet kur mjeku ka k\u00ebshilluar ndryshe.<\/p>\t\t\t\t\t\t\t\t<\/div>\n\t\t\t\t\t<\/div>\n\t\t\t\t<\/div>\n\t\t<div class=\"elementor-element elementor-element-a75e0b9 e-flex e-con-boxed e-con e-parent\" data-id=\"a75e0b9\" data-element_type=\"container\" data-e-type=\"container\" data-settings=\"{&quot;background_background&quot;:&quot;classic&quot;}\">\n\t\t\t\t\t<div class=\"e-con-inner\">\n\t\t<div class=\"elementor-element elementor-element-554a148 e-con-full e-flex e-con e-child\" data-id=\"554a148\" data-element_type=\"container\" data-e-type=\"container\">\n\t\t\t\t<div class=\"elementor-element elementor-element-32bee0e elementor-widget elementor-widget-heading\" data-id=\"32bee0e\" data-element_type=\"widget\" data-e-type=\"widget\" data-widget_type=\"heading.default\">\n\t\t\t\t\t<h2 class=\"elementor-heading-title elementor-size-default\">Staf mjek\u00ebsor profesional  <\/h2>\t\t\t\t<\/div>\n\t\t\t\t<\/div>\n\t\t<div class=\"elementor-element elementor-element-92580d5 e-con-full e-flex e-con e-child\" data-id=\"92580d5\" data-element_type=\"container\" data-e-type=\"container\">\n\t\t\t\t<div class=\"elementor-element elementor-element-d90a491 elementor-widget elementor-widget-heading\" data-id=\"d90a491\" data-element_type=\"widget\" data-e-type=\"widget\" data-widget_type=\"heading.default\">\n\t\t\t\t\t<h2 class=\"elementor-heading-title elementor-size-default\">Aparatura moderne\u00a0<\/h2>\t\t\t\t<\/div>\n\t\t\t\t<\/div>\n\t\t<div class=\"elementor-element elementor-element-971e266 e-con-full e-flex e-con e-child\" data-id=\"971e266\" data-element_type=\"container\" data-e-type=\"container\">\n\t\t\t\t<div class=\"elementor-element elementor-element-2805cd9 elementor-widget elementor-widget-heading\" data-id=\"2805cd9\" data-element_type=\"widget\" data-e-type=\"widget\" data-widget_type=\"heading.default\">\n\t\t\t\t\t<h2 class=\"elementor-heading-title elementor-size-default\">Specialist\u00ebt mjek\u00ebsor m\u00eb t\u00eb mir\u00eb n\u00eb vend<\/h2>\t\t\t\t<\/div>\n\t\t\t\t<\/div>\n\t\t\t\t\t<\/div>\n\t\t\t\t<\/div>\n\t\t\t\t<\/div>\n\t\t\n    <div class=\"xs_social_share_widget xs_share_url after_content \t\tmain_content  wslu-style-1 wslu-share-box-shaped wslu-fill-colored wslu-none wslu-share-horizontal wslu-theme-font-no wslu-main_content\">\n\n\t\t\n        <ul>\n\t\t\t        <\/ul>\n    <\/div> \n","protected":false},"excerpt":{"rendered":"<p>Kryefaqja \/ Ezhe Cfar\u00eb \u00ebsht\u00eb EEG? Elektroencefalograma (EEG) \u00ebsht\u00eb nj\u00eb ekzaminim i cili regjistron aktivitetin elektrik t\u00eb trurit. Ky ekzaminim jep informacione mjaft t\u00eb vlefshme n\u00eb rastet e episodeve me humbje apo peshtjellim t\u00eb vet\u00ebdijes si dhe n\u00eb diagnoz\u00ebn dhe ndjekjen e pacient\u00ebve me epilepsi. Si kryhet ky ekzaminim? Zakonisht ky test zgjat rreth 45 [&hellip;]<\/p>\n","protected":false},"author":1,"featured_media":0,"parent":0,"menu_order":0,"comment_status":"closed","ping_status":"closed","template":"elementor_header_footer","meta":{"footnotes":""},"class_list":["post-315","page","type-page","status-publish","hentry"],"_links":{"self":[{"href":"https:\/\/fjori.kostricani.com\/medicare\/wp-json\/wp\/v2\/pages\/315","targetHints":{"allow":["GET"]}}],"collection":[{"href":"https:\/\/fjori.kostricani.com\/medicare\/wp-json\/wp\/v2\/pages"}],"about":[{"href":"https:\/\/fjori.kostricani.com\/medicare\/wp-json\/wp\/v2\/types\/page"}],"author":[{"embeddable":true,"href":"https:\/\/fjori.kostricani.com\/medicare\/wp-json\/wp\/v2\/users\/1"}],"replies":[{"embeddable":true,"href":"https:\/\/fjori.kostricani.com\/medicare\/wp-json\/wp\/v2\/comments?post=315"}],"version-history":[{"count":70,"href":"https:\/\/fjori.kostricani.com\/medicare\/wp-json\/wp\/v2\/pages\/315\/revisions"}],"predecessor-version":[{"id":3820,"href":"https:\/\/fjori.kostricani.com\/medicare\/wp-json\/wp\/v2\/pages\/315\/revisions\/3820"}],"wp:attachment":[{"href":"https:\/\/fjori.kostricani.com\/medicare\/wp-json\/wp\/v2\/media?parent=315"}],"curies":[{"name":"wp","href":"https:\/\/api.w.org\/{rel}","templated":true}]}}