{"id":317,"date":"2026-01-26T07:41:45","date_gmt":"2026-01-26T07:41:45","guid":{"rendered":"https:\/\/fjori.kostricani.com\/medicare\/?page_id=317"},"modified":"2026-02-02T08:12:55","modified_gmt":"2026-02-02T08:12:55","slug":"potencialet-e-evokuara","status":"publish","type":"page","link":"https:\/\/fjori.kostricani.com\/medicare\/potencialet-e-evokuara\/","title":{"rendered":"Potencialet e evokuara"},"content":{"rendered":"\t\t<div data-elementor-type=\"wp-page\" data-elementor-id=\"317\" class=\"elementor elementor-317\" data-elementor-post-type=\"page\">\n\t\t\t\t<div class=\"elementor-element elementor-element-c0f0b3e e-flex e-con-boxed e-con e-parent\" data-id=\"c0f0b3e\" data-element_type=\"container\" data-e-type=\"container\" data-settings=\"{&quot;background_background&quot;:&quot;classic&quot;}\">\n\t\t\t\t\t<div class=\"e-con-inner\">\n\t\t\t\t<div class=\"elementor-element elementor-element-d162199 elementor-widget elementor-widget-heading\" data-id=\"d162199\" data-element_type=\"widget\" data-e-type=\"widget\" data-widget_type=\"heading.default\">\n\t\t\t\t\t<h2 class=\"elementor-heading-title elementor-size-default\">Potencialet e evokuara<\/h2>\t\t\t\t<\/div>\n\t\t\t\t<div class=\"elementor-element elementor-element-da848b9 elementor-widget elementor-widget-spacer\" data-id=\"da848b9\" data-element_type=\"widget\" data-e-type=\"widget\" data-widget_type=\"spacer.default\">\n\t\t\t\t\t\t\t<div class=\"elementor-spacer\">\n\t\t\t<div class=\"elementor-spacer-inner\"><\/div>\n\t\t<\/div>\n\t\t\t\t\t\t<\/div>\n\t\t\t\t<div class=\"elementor-element elementor-element-4bfc0c8 elementor-widget elementor-widget-text-editor\" data-id=\"4bfc0c8\" data-element_type=\"widget\" data-e-type=\"widget\" data-widget_type=\"text-editor.default\">\n\t\t\t\t\t\t\t\t\t<p><a href=\"\/\">Kryefaqja<\/a> \/ <strong>Potencialet e evokuara<\/strong><\/p>\t\t\t\t\t\t\t\t<\/div>\n\t\t\t\t\t<\/div>\n\t\t\t\t<\/div>\n\t\t<div class=\"elementor-element elementor-element-babc6fd e-flex e-con-boxed e-con e-parent\" data-id=\"babc6fd\" data-element_type=\"container\" data-e-type=\"container\">\n\t\t\t\t\t<div class=\"e-con-inner\">\n\t\t<div class=\"elementor-element elementor-element-de0a406 e-con-full e-flex e-con e-child\" data-id=\"de0a406\" data-element_type=\"container\" data-e-type=\"container\">\n\t\t\t\t<div class=\"elementor-element elementor-element-ea488d1 elementor-widget elementor-widget-heading\" data-id=\"ea488d1\" data-element_type=\"widget\" data-e-type=\"widget\" data-widget_type=\"heading.default\">\n\t\t\t\t\t<h2 class=\"elementor-heading-title elementor-size-default\">Potencialet e Evokuara<\/h2>\t\t\t\t<\/div>\n\t\t\t\t<div class=\"elementor-element elementor-element-0e4b227 elementor-widget elementor-widget-text-editor\" data-id=\"0e4b227\" data-element_type=\"widget\" data-e-type=\"widget\" data-widget_type=\"text-editor.default\">\n\t\t\t\t\t\t\t\t\t<p data-start=\"0\" data-end=\"105\"><strong data-start=\"0\" data-end=\"26\">Potencialet e Evokuara<\/strong> jan\u00eb nj\u00eb metod\u00eb q\u00eb na mund\u00ebson t\u00eb studiojm\u00eb funksionin e sistemeve sensorike.<\/p><p data-start=\"107\" data-end=\"257\"><strong data-start=\"107\" data-end=\"133\">Potencialet e evokuara<\/strong> (ose shkaktuara) jan\u00eb potenciale, ku perceptohet stimulimi i jasht\u00ebm dhe reagimi i qendrave t\u00eb trurit ndaj k\u00ebtyre stimujve.<\/p><p data-start=\"259\" data-end=\"348\">N\u00eb var\u00ebsi t\u00eb stimulit q\u00eb i ka shkaktuar, dallohen disa lloje t\u00eb potencialeve t\u00eb evokuara:<\/p><ul data-start=\"350\" data-end=\"492\"><li data-start=\"350\" data-end=\"393\"><p data-start=\"352\" data-end=\"393\"><a href=\"\/medicare\/potenciale-te-evokuara-vizive-pev\/\"><strong data-start=\"352\" data-end=\"391\">Potencialet e evokuara vizive (PEV)<\/strong><\/a><\/p><\/li><li data-start=\"394\" data-end=\"439\"><p data-start=\"396\" data-end=\"439\"><a href=\"\/medicare\/potenciale-te-evokuara-auditive-pea\/\"><strong data-start=\"396\" data-end=\"437\">Potencialet e evokuara auditive (PEA)<\/strong><\/a><\/p><\/li><li data-start=\"440\" data-end=\"492\"><p data-start=\"442\" data-end=\"492\"><a href=\"\/medicare\/potenciale-te-evokuara-somestezike-pess\/\"><strong data-start=\"442\" data-end=\"490\">Potencialet e evokuara somatosenzorike (PES)<\/strong><\/a><\/p><\/li><\/ul><p data-start=\"494\" data-end=\"640\"><strong data-start=\"494\" data-end=\"520\">Potencialet e evokuara<\/strong> zbulohet me an\u00eb t\u00eb elektrodave t\u00eb vendosura p\u00ebrgjat\u00eb sip\u00ebrfaqes s\u00eb rrug\u00ebs sensorike, deri te receptori i cipa e trurit.<\/p>\t\t\t\t\t\t\t\t<\/div>\n\t\t\t\t<\/div>\n\t\t<div class=\"elementor-element elementor-element-ee2fc61 e-con-full e-flex e-con e-child\" data-id=\"ee2fc61\" data-element_type=\"container\" data-e-type=\"container\">\n\t\t\t\t<div class=\"elementor-element elementor-element-b43218a elementor-widget elementor-widget-image\" data-id=\"b43218a\" data-element_type=\"widget\" data-e-type=\"widget\" data-widget_type=\"image.default\">\n\t\t\t\t\t\t\t\t\t\t\t\t\t\t\t<img fetchpriority=\"high\" decoding=\"async\" width=\"800\" height=\"534\" src=\"https:\/\/fjori.kostricani.com\/medicare\/wp-content\/uploads\/2026\/01\/8ed784dc-5387-4f44-b392-c1b8b0c57ca4-1-1024x683.png\" class=\"attachment-large size-large wp-image-1263\" alt=\"\" srcset=\"https:\/\/fjori.kostricani.com\/medicare\/wp-content\/uploads\/2026\/01\/8ed784dc-5387-4f44-b392-c1b8b0c57ca4-1-1024x683.png 1024w, https:\/\/fjori.kostricani.com\/medicare\/wp-content\/uploads\/2026\/01\/8ed784dc-5387-4f44-b392-c1b8b0c57ca4-1-300x200.png 300w, https:\/\/fjori.kostricani.com\/medicare\/wp-content\/uploads\/2026\/01\/8ed784dc-5387-4f44-b392-c1b8b0c57ca4-1-768x512.png 768w, https:\/\/fjori.kostricani.com\/medicare\/wp-content\/uploads\/2026\/01\/8ed784dc-5387-4f44-b392-c1b8b0c57ca4-1.png 1536w\" sizes=\"(max-width: 800px) 100vw, 800px\" \/>\t\t\t\t\t\t\t\t\t\t\t\t\t\t\t<\/div>\n\t\t\t\t<\/div>\n\t\t\t\t\t<\/div>\n\t\t\t\t<\/div>\n\t\t<div class=\"elementor-element elementor-element-fd9a51d e-flex e-con-boxed e-con e-parent\" data-id=\"fd9a51d\" data-element_type=\"container\" data-e-type=\"container\" data-settings=\"{&quot;background_background&quot;:&quot;classic&quot;}\">\n\t\t\t\t\t<div class=\"e-con-inner\">\n\t\t<div class=\"elementor-element elementor-element-97ff8d4 e-con-full e-flex e-con e-child\" data-id=\"97ff8d4\" data-element_type=\"container\" data-e-type=\"container\">\n\t\t\t\t<div class=\"elementor-element elementor-element-e006df1 elementor-widget elementor-widget-heading\" data-id=\"e006df1\" data-element_type=\"widget\" data-e-type=\"widget\" data-widget_type=\"heading.default\">\n\t\t\t\t\t<h2 class=\"elementor-heading-title elementor-size-default\">Staf mjek\u00ebsor profesional  <\/h2>\t\t\t\t<\/div>\n\t\t\t\t<\/div>\n\t\t<div class=\"elementor-element elementor-element-7131680 e-con-full e-flex e-con e-child\" data-id=\"7131680\" data-element_type=\"container\" data-e-type=\"container\">\n\t\t\t\t<div class=\"elementor-element elementor-element-87eb822 elementor-widget elementor-widget-heading\" data-id=\"87eb822\" data-element_type=\"widget\" data-e-type=\"widget\" data-widget_type=\"heading.default\">\n\t\t\t\t\t<h2 class=\"elementor-heading-title elementor-size-default\">Aparatura moderne\u00a0<\/h2>\t\t\t\t<\/div>\n\t\t\t\t<\/div>\n\t\t<div class=\"elementor-element elementor-element-e56dc62 e-con-full e-flex e-con e-child\" data-id=\"e56dc62\" data-element_type=\"container\" data-e-type=\"container\">\n\t\t\t\t<div class=\"elementor-element elementor-element-d20c7b6 elementor-widget elementor-widget-heading\" data-id=\"d20c7b6\" data-element_type=\"widget\" data-e-type=\"widget\" data-widget_type=\"heading.default\">\n\t\t\t\t\t<h2 class=\"elementor-heading-title elementor-size-default\">Specialist\u00ebt mjek\u00ebsor m\u00eb t\u00eb mir\u00eb n\u00eb vend<\/h2>\t\t\t\t<\/div>\n\t\t\t\t<\/div>\n\t\t\t\t\t<\/div>\n\t\t\t\t<\/div>\n\t\t\t\t<\/div>\n\t\t\n    <div class=\"xs_social_share_widget xs_share_url after_content \t\tmain_content  wslu-style-1 wslu-share-box-shaped wslu-fill-colored wslu-none wslu-share-horizontal wslu-theme-font-no wslu-main_content\">\n\n\t\t\n        <ul>\n\t\t\t        <\/ul>\n    <\/div> \n","protected":false},"excerpt":{"rendered":"<p>Potencialet e evokuara Kryefaqja \/ Potencialet e evokuara Potencialet e Evokuara Potencialet e Evokuara jan\u00eb nj\u00eb metod\u00eb q\u00eb na mund\u00ebson t\u00eb studiojm\u00eb funksionin e sistemeve sensorike. Potencialet e evokuara (ose shkaktuara) jan\u00eb potenciale, ku perceptohet stimulimi i jasht\u00ebm dhe reagimi i qendrave t\u00eb trurit ndaj k\u00ebtyre stimujve. N\u00eb var\u00ebsi t\u00eb stimulit q\u00eb i ka shkaktuar, [&hellip;]<\/p>\n","protected":false},"author":1,"featured_media":0,"parent":0,"menu_order":0,"comment_status":"closed","ping_status":"closed","template":"elementor_header_footer","meta":{"footnotes":""},"class_list":["post-317","page","type-page","status-publish","hentry"],"_links":{"self":[{"href":"https:\/\/fjori.kostricani.com\/medicare\/wp-json\/wp\/v2\/pages\/317","targetHints":{"allow":["GET"]}}],"collection":[{"href":"https:\/\/fjori.kostricani.com\/medicare\/wp-json\/wp\/v2\/pages"}],"about":[{"href":"https:\/\/fjori.kostricani.com\/medicare\/wp-json\/wp\/v2\/types\/page"}],"author":[{"embeddable":true,"href":"https:\/\/fjori.kostricani.com\/medicare\/wp-json\/wp\/v2\/users\/1"}],"replies":[{"embeddable":true,"href":"https:\/\/fjori.kostricani.com\/medicare\/wp-json\/wp\/v2\/comments?post=317"}],"version-history":[{"count":22,"href":"https:\/\/fjori.kostricani.com\/medicare\/wp-json\/wp\/v2\/pages\/317\/revisions"}],"predecessor-version":[{"id":2545,"href":"https:\/\/fjori.kostricani.com\/medicare\/wp-json\/wp\/v2\/pages\/317\/revisions\/2545"}],"wp:attachment":[{"href":"https:\/\/fjori.kostricani.com\/medicare\/wp-json\/wp\/v2\/media?parent=317"}],"curies":[{"name":"wp","href":"https:\/\/api.w.org\/{rel}","templated":true}]}}