{"id":325,"date":"2026-01-26T07:45:52","date_gmt":"2026-01-26T07:45:52","guid":{"rendered":"https:\/\/fjori.kostricani.com\/medicare\/?page_id=325"},"modified":"2026-03-05T13:08:46","modified_gmt":"2026-03-05T13:08:46","slug":"reumatologji","status":"publish","type":"page","link":"https:\/\/fjori.kostricani.com\/medicare\/reumatologji\/","title":{"rendered":"Reumatologji"},"content":{"rendered":"\t\t<div data-elementor-type=\"wp-page\" data-elementor-id=\"325\" class=\"elementor elementor-325\" data-elementor-post-type=\"page\">\n\t\t\t\t<div class=\"elementor-element elementor-element-9d5e75c e-flex e-con-boxed e-con e-parent\" data-id=\"9d5e75c\" data-element_type=\"container\" data-e-type=\"container\" data-settings=\"{&quot;background_background&quot;:&quot;classic&quot;}\">\n\t\t\t\t\t<div class=\"e-con-inner\">\n\t\t\t\t<div class=\"elementor-element elementor-element-d75ad4c elementor-widget elementor-widget-spacer\" data-id=\"d75ad4c\" data-element_type=\"widget\" data-e-type=\"widget\" data-widget_type=\"spacer.default\">\n\t\t\t\t\t\t\t<div class=\"elementor-spacer\">\n\t\t\t<div class=\"elementor-spacer-inner\"><\/div>\n\t\t<\/div>\n\t\t\t\t\t\t<\/div>\n\t\t\t\t<div class=\"elementor-element elementor-element-db7aea4 elementor-widget elementor-widget-text-editor\" data-id=\"db7aea4\" data-element_type=\"widget\" data-e-type=\"widget\" data-widget_type=\"text-editor.default\">\n\t\t\t\t\t\t\t\t\t<p><a href=\"\/\">Kryefaqja<\/a> \/ <strong>Reumatologji<\/strong><\/p>\t\t\t\t\t\t\t\t<\/div>\n\t\t\t\t\t<\/div>\n\t\t\t\t<\/div>\n\t\t<div class=\"elementor-element elementor-element-81cc4e3 e-flex e-con-boxed e-con e-parent\" data-id=\"81cc4e3\" data-element_type=\"container\" data-e-type=\"container\">\n\t\t\t\t\t<div class=\"e-con-inner\">\n\t\t<div class=\"elementor-element elementor-element-4bd5015 e-con-full e-flex e-con e-child\" data-id=\"4bd5015\" data-element_type=\"container\" data-e-type=\"container\">\n\t\t\t\t<div class=\"elementor-element elementor-element-a2e377b elementor-widget elementor-widget-image\" data-id=\"a2e377b\" data-element_type=\"widget\" data-e-type=\"widget\" data-widget_type=\"image.default\">\n\t\t\t\t\t\t\t\t\t\t\t\t\t\t\t<img fetchpriority=\"high\" decoding=\"async\" width=\"450\" height=\"300\" src=\"https:\/\/fjori.kostricani.com\/medicare\/wp-content\/uploads\/2026\/01\/Untitled-design-8.png\" class=\"attachment-full size-full wp-image-852\" alt=\"\" srcset=\"https:\/\/fjori.kostricani.com\/medicare\/wp-content\/uploads\/2026\/01\/Untitled-design-8.png 450w, https:\/\/fjori.kostricani.com\/medicare\/wp-content\/uploads\/2026\/01\/Untitled-design-8-300x200.png 300w\" sizes=\"(max-width: 450px) 100vw, 450px\" \/>\t\t\t\t\t\t\t\t\t\t\t\t\t\t\t<\/div>\n\t\t\t\t<\/div>\n\t\t<div class=\"elementor-element elementor-element-9efcc71 e-con-full e-flex e-con e-child\" data-id=\"9efcc71\" data-element_type=\"container\" data-e-type=\"container\">\n\t\t\t\t<div class=\"elementor-element elementor-element-f175867 elementor-widget elementor-widget-heading\" data-id=\"f175867\" data-element_type=\"widget\" data-e-type=\"widget\" data-widget_type=\"heading.default\">\n\t\t\t\t\t<h2 class=\"elementor-heading-title elementor-size-default\">Reumatologji<\/h2>\t\t\t\t<\/div>\n\t\t\t\t<div class=\"elementor-element elementor-element-e00778b elementor-widget elementor-widget-text-editor\" data-id=\"e00778b\" data-element_type=\"widget\" data-e-type=\"widget\" data-widget_type=\"text-editor.default\">\n\t\t\t\t\t\t\t\t\t<div class=\"flex flex-col text-sm pb-25\"><article class=\"text-token-text-primary w-full focus:outline-none [--shadow-height:45px] has-data-writing-block:pointer-events-none has-data-writing-block:-mt-(--shadow-height) has-data-writing-block:pt-(--shadow-height) [&amp;:has([data-writing-block])&gt;*]:pointer-events-auto [content-visibility:auto] supports-[content-visibility:auto]:[contain-intrinsic-size:auto_100lvh] scroll-mt-[calc(var(--header-height)+min(200px,max(70px,20svh)))]\" dir=\"auto\" tabindex=\"-1\" data-turn-id=\"c6bf1604-88a5-4b13-8a03-b939cb51b487\" data-testid=\"conversation-turn-22\" data-scroll-anchor=\"true\" data-turn=\"assistant\"><div class=\"text-base my-auto mx-auto pb-10 [--thread-content-margin:--spacing(4)] @w-sm\/main:[--thread-content-margin:--spacing(6)] @w-lg\/main:[--thread-content-margin:--spacing(16)] px-(--thread-content-margin)\"><div class=\"[--thread-content-max-width:40rem] @w-lg\/main:[--thread-content-max-width:48rem] mx-auto max-w-(--thread-content-max-width) flex-1 group\/turn-messages focus-visible:outline-hidden relative flex w-full min-w-0 flex-col agent-turn\" tabindex=\"-1\"><div class=\"flex max-w-full flex-col grow\"><div class=\"min-h-8 text-message relative flex w-full flex-col items-end gap-2 text-start break-words whitespace-normal [.text-message+&amp;]:mt-1\" dir=\"auto\" data-message-author-role=\"assistant\" data-message-id=\"e9055db6-705a-4e3b-9a11-472cba33810a\" data-message-model-slug=\"gpt-4o-mini\"><div class=\"flex w-full flex-col gap-1 empty:hidden first:pt-[1px]\"><div class=\"markdown prose dark:prose-invert w-full wrap-break-word light markdown-new-styling\"><p data-start=\"52\" data-end=\"371\">S\u00ebmundjet reumatologjike jan\u00eb s\u00ebmundje inflamatore autoimune dhe jan\u00eb m\u00eb shum\u00eb se 200 s\u00ebmundje q\u00eb mund t\u00eb trajtohen nga nj\u00eb reumatolog. K\u00ebto s\u00ebmundje ndodhin kryesisht p\u00ebr shkak t\u00eb reagimeve t\u00eb pad\u00ebshiruara t\u00eb sistemit imunitar, q\u00eb sulmojn\u00eb inde dhe organe t\u00eb trupit, duke shkaktuar inflamacion dhe d\u00ebmtime t\u00eb mundshme.<\/p><p data-start=\"373\" data-end=\"433\">Disa nga s\u00ebmundjet q\u00eb trajtohen nga reumatolog\u00ebt p\u00ebrfshijn\u00eb:<\/p><p data-start=\"435\" data-end=\"452\"><strong data-start=\"439\" data-end=\"452\">Artritet:<\/strong><\/p><ul data-start=\"453\" data-end=\"533\"><li data-start=\"453\" data-end=\"473\"><p data-start=\"455\" data-end=\"473\">Artriti rheumatoid<\/p><\/li><li data-start=\"474\" data-end=\"491\"><p data-start=\"476\" data-end=\"491\">Artriti reaktiv<\/p><\/li><li data-start=\"492\" data-end=\"511\"><p data-start=\"494\" data-end=\"511\">Artriti psoriatik<\/p><\/li><li data-start=\"512\" data-end=\"533\"><p data-start=\"514\" data-end=\"533\">Artriti enteropatik<\/p><\/li><\/ul><\/div><\/div><\/div><\/div><\/div><\/div><\/article><\/div>\t\t\t\t\t\t\t\t<\/div>\n\t\t\t\t<\/div>\n\t\t\t\t\t<\/div>\n\t\t\t\t<\/div>\n\t\t<div class=\"elementor-element elementor-element-f0b0251 e-flex e-con-boxed e-con e-parent\" data-id=\"f0b0251\" data-element_type=\"container\" data-e-type=\"container\">\n\t\t\t\t\t<div class=\"e-con-inner\">\n\t\t<div class=\"elementor-element elementor-element-7217008 e-con-full e-flex e-con e-child\" data-id=\"7217008\" data-element_type=\"container\" data-e-type=\"container\">\n\t\t<div class=\"elementor-element elementor-element-786d9a5 e-grid e-con-full e-con e-child\" data-id=\"786d9a5\" data-element_type=\"container\" data-e-type=\"container\">\n\t\t\t\t<div class=\"elementor-element elementor-element-ee74e76 elementor-widget elementor-widget-text-editor\" data-id=\"ee74e76\" data-element_type=\"widget\" data-e-type=\"widget\" data-widget_type=\"text-editor.default\">\n\t\t\t\t\t\t\t\t\t<div class=\"flex flex-col text-sm pb-25\"><article class=\"text-token-text-primary w-full focus:outline-none [--shadow-height:45px] has-data-writing-block:pointer-events-none has-data-writing-block:-mt-(--shadow-height) has-data-writing-block:pt-(--shadow-height) [&amp;:has([data-writing-block])&gt;*]:pointer-events-auto [content-visibility:auto] supports-[content-visibility:auto]:[contain-intrinsic-size:auto_100lvh] scroll-mt-[calc(var(--header-height)+min(200px,max(70px,20svh)))]\" dir=\"auto\" tabindex=\"-1\" data-turn-id=\"c6bf1604-88a5-4b13-8a03-b939cb51b487\" data-testid=\"conversation-turn-22\" data-scroll-anchor=\"true\" data-turn=\"assistant\"><div class=\"text-base my-auto mx-auto pb-10 [--thread-content-margin:--spacing(4)] @w-sm\/main:[--thread-content-margin:--spacing(6)] @w-lg\/main:[--thread-content-margin:--spacing(16)] px-(--thread-content-margin)\"><div class=\"[--thread-content-max-width:40rem] @w-lg\/main:[--thread-content-max-width:48rem] mx-auto max-w-(--thread-content-max-width) flex-1 group\/turn-messages focus-visible:outline-hidden relative flex w-full min-w-0 flex-col agent-turn\" tabindex=\"-1\"><div class=\"flex max-w-full flex-col grow\"><div class=\"min-h-8 text-message relative flex w-full flex-col items-end gap-2 text-start break-words whitespace-normal [.text-message+&amp;]:mt-1\" dir=\"auto\" data-message-author-role=\"assistant\" data-message-id=\"e9055db6-705a-4e3b-9a11-472cba33810a\" data-message-model-slug=\"gpt-4o-mini\"><div class=\"flex w-full flex-col gap-1 empty:hidden first:pt-[1px]\"><div class=\"markdown prose dark:prose-invert w-full wrap-break-word light markdown-new-styling\"><p data-start=\"535\" data-end=\"568\"><strong data-start=\"539\" data-end=\"568\">S\u00ebmundjet e Indit Lidhor:<\/strong><\/p><ul data-start=\"569\" data-end=\"1031\"><li data-start=\"569\" data-end=\"585\"><p data-start=\"571\" data-end=\"585\">Dermatomioziti<\/p><\/li><li data-start=\"586\" data-end=\"607\"><p data-start=\"588\" data-end=\"607\">Gihti \/ Pseudogihti<\/p><\/li><li data-start=\"608\" data-end=\"627\"><p data-start=\"610\" data-end=\"627\">Lupusi eritematoz<\/p><\/li><li data-start=\"628\" data-end=\"643\"><p data-start=\"630\" data-end=\"643\">S\u00ebmundja Lyme<\/p><\/li><li data-start=\"644\" data-end=\"682\"><p data-start=\"646\" data-end=\"682\">S\u00ebmundjet e p\u00ebrzier\u00eb t\u00eb indit lidhor<\/p><\/li><li data-start=\"683\" data-end=\"725\"><p data-start=\"685\" data-end=\"725\">S\u00ebmundjet padiferencuara t\u00eb indit lidhor<\/p><\/li><li data-start=\"726\" data-end=\"740\"><p data-start=\"728\" data-end=\"740\">Polikondriti<\/p><\/li><li data-start=\"741\" data-end=\"754\"><p data-start=\"743\" data-end=\"754\">Polimioziti<\/p><\/li><li data-start=\"755\" data-end=\"779\"><p data-start=\"757\" data-end=\"779\">Polimialgjia reumatike<\/p><\/li><li data-start=\"780\" data-end=\"820\"><p data-start=\"782\" data-end=\"820\">Sarkoidoza (kur ka p\u00ebrhapje sistemike)<\/p><\/li><li data-start=\"821\" data-end=\"839\"><p data-start=\"823\" data-end=\"839\">Sindromi Sj\u00f8gren<\/p><\/li><li data-start=\"840\" data-end=\"853\"><p data-start=\"842\" data-end=\"853\">Skleroderma<\/p><\/li><li data-start=\"854\" data-end=\"872\"><p data-start=\"856\" data-end=\"872\">Sindromi Raynaud<\/p><\/li><li data-start=\"873\" data-end=\"1003\"><p data-start=\"875\" data-end=\"1003\">Vaskuliti (p\u00ebrfshir\u00eb vaskulitet e en\u00ebve t\u00eb gjakut me kalib\u00ebr\/lumen t\u00eb madh, t\u00eb mes\u00ebm dhe t\u00eb vog\u00ebl, si dhe ato me imunokomplekse)<\/p><\/li><li data-start=\"1004\" data-end=\"1031\"><p data-start=\"1006\" data-end=\"1031\">Sindromi antifosfolipidik<\/p><\/li><\/ul><\/div><\/div><\/div><\/div><\/div><\/div><\/article><\/div>\t\t\t\t\t\t\t\t<\/div>\n\t\t\t\t<div class=\"elementor-element elementor-element-1136771 elementor-widget elementor-widget-text-editor\" data-id=\"1136771\" data-element_type=\"widget\" data-e-type=\"widget\" data-widget_type=\"text-editor.default\">\n\t\t\t\t\t\t\t\t\t<div class=\"flex flex-col text-sm pb-25\"><article class=\"text-token-text-primary w-full focus:outline-none [--shadow-height:45px] has-data-writing-block:pointer-events-none has-data-writing-block:-mt-(--shadow-height) has-data-writing-block:pt-(--shadow-height) [&amp;:has([data-writing-block])&gt;*]:pointer-events-auto [content-visibility:auto] supports-[content-visibility:auto]:[contain-intrinsic-size:auto_100lvh] scroll-mt-[calc(var(--header-height)+min(200px,max(70px,20svh)))]\" dir=\"auto\" tabindex=\"-1\" data-turn-id=\"c6bf1604-88a5-4b13-8a03-b939cb51b487\" data-testid=\"conversation-turn-22\" data-scroll-anchor=\"true\" data-turn=\"assistant\"><div class=\"text-base my-auto mx-auto pb-10 [--thread-content-margin:--spacing(4)] @w-sm\/main:[--thread-content-margin:--spacing(6)] @w-lg\/main:[--thread-content-margin:--spacing(16)] px-(--thread-content-margin)\"><div class=\"[--thread-content-max-width:40rem] @w-lg\/main:[--thread-content-max-width:48rem] mx-auto max-w-(--thread-content-max-width) flex-1 group\/turn-messages focus-visible:outline-hidden relative flex w-full min-w-0 flex-col agent-turn\" tabindex=\"-1\"><div class=\"flex max-w-full flex-col grow\"><div class=\"min-h-8 text-message relative flex w-full flex-col items-end gap-2 text-start break-words whitespace-normal [.text-message+&amp;]:mt-1\" dir=\"auto\" data-message-author-role=\"assistant\" data-message-id=\"e9055db6-705a-4e3b-9a11-472cba33810a\" data-message-model-slug=\"gpt-4o-mini\"><div class=\"flex w-full flex-col gap-1 empty:hidden first:pt-[1px]\"><div class=\"markdown prose dark:prose-invert w-full wrap-break-word light markdown-new-styling\"><p data-start=\"1033\" data-end=\"1068\"><strong data-start=\"1037\" data-end=\"1068\">S\u00ebmundjet e Indeve t\u00eb Buta:<\/strong><\/p><p data-start=\"1069\" data-end=\"1145\">Reumatolog\u00ebt trajtojn\u00eb gjithashtu shum\u00eb s\u00ebmundje q\u00eb prekin indet e buta, si:<\/p><ul data-start=\"1146\" data-end=\"1343\"><li data-start=\"1146\" data-end=\"1165\"><p data-start=\"1148\" data-end=\"1165\">Fibromialgjia<\/p><\/li><li data-start=\"1166\" data-end=\"1281\"><p data-start=\"1168\" data-end=\"1281\">Dhembjet e lokalizuara n\u00eb t\u00ebr\u00eb shtyll\u00ebn kurrizore, qoft\u00eb ato si pasoj\u00eb e s\u00ebmundjeve degjenerative apo inflamatore<\/p><\/li><li data-start=\"1282\" data-end=\"1297\"><p data-start=\"1284\" data-end=\"1297\">Epikondilitet<\/p><\/li><li data-start=\"1298\" data-end=\"1308\"><p data-start=\"1300\" data-end=\"1308\">Bursitet<\/p><\/li><li data-start=\"1309\" data-end=\"1321\"><p data-start=\"1311\" data-end=\"1321\">Tendinitet<\/p><\/li><li data-start=\"1322\" data-end=\"1343\"><p data-start=\"1324\" data-end=\"1343\">Kapsulitet adhesive<\/p><\/li><\/ul><\/div><\/div><\/div><\/div><\/div><\/div><\/article><\/div>\t\t\t\t\t\t\t\t<\/div>\n\t\t\t\t<div class=\"elementor-element elementor-element-b3a1482 elementor-widget elementor-widget-text-editor\" data-id=\"b3a1482\" data-element_type=\"widget\" data-e-type=\"widget\" data-widget_type=\"text-editor.default\">\n\t\t\t\t\t\t\t\t\t<div class=\"flex flex-col text-sm pb-25\"><article class=\"text-token-text-primary w-full focus:outline-none [--shadow-height:45px] has-data-writing-block:pointer-events-none has-data-writing-block:-mt-(--shadow-height) has-data-writing-block:pt-(--shadow-height) [&amp;:has([data-writing-block])&gt;*]:pointer-events-auto [content-visibility:auto] supports-[content-visibility:auto]:[contain-intrinsic-size:auto_100lvh] scroll-mt-[calc(var(--header-height)+min(200px,max(70px,20svh)))]\" dir=\"auto\" tabindex=\"-1\" data-turn-id=\"c6bf1604-88a5-4b13-8a03-b939cb51b487\" data-testid=\"conversation-turn-22\" data-scroll-anchor=\"true\" data-turn=\"assistant\"><div class=\"text-base my-auto mx-auto pb-10 [--thread-content-margin:--spacing(4)] @w-sm\/main:[--thread-content-margin:--spacing(6)] @w-lg\/main:[--thread-content-margin:--spacing(16)] px-(--thread-content-margin)\"><div class=\"[--thread-content-max-width:40rem] @w-lg\/main:[--thread-content-max-width:48rem] mx-auto max-w-(--thread-content-max-width) flex-1 group\/turn-messages focus-visible:outline-hidden relative flex w-full min-w-0 flex-col agent-turn\" tabindex=\"-1\"><div class=\"flex max-w-full flex-col grow\"><div class=\"min-h-8 text-message relative flex w-full flex-col items-end gap-2 text-start break-words whitespace-normal [.text-message+&amp;]:mt-1\" dir=\"auto\" data-message-author-role=\"assistant\" data-message-id=\"e9055db6-705a-4e3b-9a11-472cba33810a\" data-message-model-slug=\"gpt-4o-mini\"><div class=\"flex w-full flex-col gap-1 empty:hidden first:pt-[1px]\"><div class=\"markdown prose dark:prose-invert w-full wrap-break-word light markdown-new-styling\"><p data-start=\"1345\" data-end=\"1380\"><strong data-start=\"1349\" data-end=\"1380\">S\u00ebmundjet q\u00eb Prekin Kockat:<\/strong><\/p><p data-start=\"1381\" data-end=\"1458\">Reumatolog\u00ebt trajtojn\u00eb gjithashtu s\u00ebmundjet q\u00eb prekin kockat, duke p\u00ebrfshir\u00eb:<\/p><ul data-start=\"1459\" data-end=\"1588\"><li data-start=\"1459\" data-end=\"1476\"><p data-start=\"1461\" data-end=\"1476\">Osteoporoza<\/p><\/li><li data-start=\"1477\" data-end=\"1497\"><p data-start=\"1479\" data-end=\"1497\">Osteomalacioni<\/p><\/li><li data-start=\"1498\" data-end=\"1525\"><p data-start=\"1500\" data-end=\"1525\">Osteodistrofia renale<\/p><\/li><li data-start=\"1526\" data-end=\"1538\"><p data-start=\"1528\" data-end=\"1538\">Rakita<\/p><\/li><li data-start=\"1539\" data-end=\"1559\"><p data-start=\"1541\" data-end=\"1559\">Achondroplazia<\/p><\/li><li data-start=\"1560\" data-end=\"1588\"><p data-start=\"1562\" data-end=\"1588\">Sindromi Ehlers-Danlos<\/p><\/li><\/ul><\/div><\/div><\/div><\/div><\/div><\/div><\/article><\/div>\t\t\t\t\t\t\t\t<\/div>\n\t\t\t\t<\/div>\n\t\t\t\t<\/div>\n\t\t\t\t\t<\/div>\n\t\t\t\t<\/div>\n\t\t<div class=\"elementor-element elementor-element-ead2862 e-flex e-con-boxed e-con e-parent\" data-id=\"ead2862\" data-element_type=\"container\" data-e-type=\"container\" data-settings=\"{&quot;background_background&quot;:&quot;classic&quot;}\">\n\t\t\t\t\t<div class=\"e-con-inner\">\n\t\t<div class=\"elementor-element elementor-element-ad8a2ca e-con-full e-flex e-con e-child\" data-id=\"ad8a2ca\" data-element_type=\"container\" data-e-type=\"container\">\n\t\t\t\t<div class=\"elementor-element elementor-element-c6f8b80 elementor-widget elementor-widget-heading\" data-id=\"c6f8b80\" data-element_type=\"widget\" data-e-type=\"widget\" data-widget_type=\"heading.default\">\n\t\t\t\t\t<h2 class=\"elementor-heading-title elementor-size-default\">Staf mjek\u00ebsor profesional  <\/h2>\t\t\t\t<\/div>\n\t\t\t\t<\/div>\n\t\t<div class=\"elementor-element elementor-element-bb05a8b e-con-full e-flex e-con e-child\" data-id=\"bb05a8b\" data-element_type=\"container\" data-e-type=\"container\">\n\t\t\t\t<div class=\"elementor-element elementor-element-c15a1d7 elementor-widget elementor-widget-heading\" data-id=\"c15a1d7\" data-element_type=\"widget\" data-e-type=\"widget\" data-widget_type=\"heading.default\">\n\t\t\t\t\t<h2 class=\"elementor-heading-title elementor-size-default\">Aparatura moderne\u00a0<\/h2>\t\t\t\t<\/div>\n\t\t\t\t<\/div>\n\t\t<div class=\"elementor-element elementor-element-4b44c26 e-con-full e-flex e-con e-child\" data-id=\"4b44c26\" data-element_type=\"container\" data-e-type=\"container\">\n\t\t\t\t<div class=\"elementor-element elementor-element-c9dfc68 elementor-widget elementor-widget-heading\" data-id=\"c9dfc68\" data-element_type=\"widget\" data-e-type=\"widget\" data-widget_type=\"heading.default\">\n\t\t\t\t\t<h2 class=\"elementor-heading-title elementor-size-default\">Specialist\u00ebt mjek\u00ebsor m\u00eb t\u00eb mir\u00eb n\u00eb vend<\/h2>\t\t\t\t<\/div>\n\t\t\t\t<\/div>\n\t\t\t\t\t<\/div>\n\t\t\t\t<\/div>\n\t\t\t\t<\/div>\n\t\t\n    <div class=\"xs_social_share_widget xs_share_url after_content \t\tmain_content  wslu-style-1 wslu-share-box-shaped wslu-fill-colored wslu-none wslu-share-horizontal wslu-theme-font-no wslu-main_content\">\n\n\t\t\n        <ul>\n\t\t\t        <\/ul>\n    <\/div> \n","protected":false},"excerpt":{"rendered":"<p>Kryefaqja \/ Reumatologji Reumatologji S\u00ebmundjet reumatologjike jan\u00eb s\u00ebmundje inflamatore autoimune dhe jan\u00eb m\u00eb shum\u00eb se 200 s\u00ebmundje q\u00eb mund t\u00eb trajtohen nga nj\u00eb reumatolog. K\u00ebto s\u00ebmundje ndodhin kryesisht p\u00ebr shkak t\u00eb reagimeve t\u00eb pad\u00ebshiruara t\u00eb sistemit imunitar, q\u00eb sulmojn\u00eb inde dhe organe t\u00eb trupit, duke shkaktuar inflamacion dhe d\u00ebmtime t\u00eb mundshme. Disa nga s\u00ebmundjet q\u00eb [&hellip;]<\/p>\n","protected":false},"author":1,"featured_media":0,"parent":0,"menu_order":0,"comment_status":"closed","ping_status":"closed","template":"elementor_header_footer","meta":{"footnotes":""},"class_list":["post-325","page","type-page","status-publish","hentry"],"_links":{"self":[{"href":"https:\/\/fjori.kostricani.com\/medicare\/wp-json\/wp\/v2\/pages\/325","targetHints":{"allow":["GET"]}}],"collection":[{"href":"https:\/\/fjori.kostricani.com\/medicare\/wp-json\/wp\/v2\/pages"}],"about":[{"href":"https:\/\/fjori.kostricani.com\/medicare\/wp-json\/wp\/v2\/types\/page"}],"author":[{"embeddable":true,"href":"https:\/\/fjori.kostricani.com\/medicare\/wp-json\/wp\/v2\/users\/1"}],"replies":[{"embeddable":true,"href":"https:\/\/fjori.kostricani.com\/medicare\/wp-json\/wp\/v2\/comments?post=325"}],"version-history":[{"count":49,"href":"https:\/\/fjori.kostricani.com\/medicare\/wp-json\/wp\/v2\/pages\/325\/revisions"}],"predecessor-version":[{"id":3802,"href":"https:\/\/fjori.kostricani.com\/medicare\/wp-json\/wp\/v2\/pages\/325\/revisions\/3802"}],"wp:attachment":[{"href":"https:\/\/fjori.kostricani.com\/medicare\/wp-json\/wp\/v2\/media?parent=325"}],"curies":[{"name":"wp","href":"https:\/\/api.w.org\/{rel}","templated":true}]}}