{"id":327,"date":"2026-01-26T07:47:13","date_gmt":"2026-01-26T07:47:13","guid":{"rendered":"https:\/\/fjori.kostricani.com\/medicare\/?page_id=327"},"modified":"2026-03-05T13:37:50","modified_gmt":"2026-03-05T13:37:50","slug":"qendra-medicare-tirane","status":"publish","type":"page","link":"https:\/\/fjori.kostricani.com\/medicare\/qendra-medicare-tirane\/","title":{"rendered":"Qendra Medicare Tirane"},"content":{"rendered":"\t\t<div data-elementor-type=\"wp-page\" data-elementor-id=\"327\" class=\"elementor elementor-327\" data-elementor-post-type=\"page\">\n\t\t\t\t<div class=\"elementor-element elementor-element-4e7dd41 e-flex e-con-boxed e-con e-parent\" data-id=\"4e7dd41\" data-element_type=\"container\" data-e-type=\"container\" data-settings=\"{&quot;background_background&quot;:&quot;classic&quot;}\">\n\t\t\t\t\t<div class=\"e-con-inner\">\n\t\t\t\t<div class=\"elementor-element elementor-element-9f55e9a elementor-widget elementor-widget-spacer\" data-id=\"9f55e9a\" data-element_type=\"widget\" data-e-type=\"widget\" data-widget_type=\"spacer.default\">\n\t\t\t\t\t\t\t<div class=\"elementor-spacer\">\n\t\t\t<div class=\"elementor-spacer-inner\"><\/div>\n\t\t<\/div>\n\t\t\t\t\t\t<\/div>\n\t\t\t\t<div class=\"elementor-element elementor-element-71b4d1d elementor-widget elementor-widget-text-editor\" data-id=\"71b4d1d\" data-element_type=\"widget\" data-e-type=\"widget\" data-widget_type=\"text-editor.default\">\n\t\t\t\t\t\t\t\t\t<p><a href=\"\/\">Kryefaqja<\/a> \/ <strong>Qendra<\/strong> <strong>Medicare Tiran\u00eb<\/strong><\/p>\t\t\t\t\t\t\t\t<\/div>\n\t\t\t\t\t<\/div>\n\t\t\t\t<\/div>\n\t\t<div class=\"elementor-element elementor-element-7bb6b47f e-flex e-con-boxed e-con e-parent\" data-id=\"7bb6b47f\" data-element_type=\"container\" data-e-type=\"container\">\n\t\t\t\t\t<div class=\"e-con-inner\">\n\t\t<div class=\"elementor-element elementor-element-1a430eec e-con-full e-flex e-con e-child\" data-id=\"1a430eec\" data-element_type=\"container\" data-e-type=\"container\">\n\t\t\t\t<div class=\"elementor-element elementor-element-4f79bee3 elementor-widget elementor-widget-image\" data-id=\"4f79bee3\" data-element_type=\"widget\" data-e-type=\"widget\" data-widget_type=\"image.default\">\n\t\t\t\t\t\t\t\t\t\t\t\t\t\t\t<img fetchpriority=\"high\" decoding=\"async\" width=\"800\" height=\"674\" src=\"https:\/\/fjori.kostricani.com\/medicare\/wp-content\/uploads\/2026\/01\/medicare-tirane-1.png\" class=\"attachment-large size-large wp-image-1513\" alt=\"\" srcset=\"https:\/\/fjori.kostricani.com\/medicare\/wp-content\/uploads\/2026\/01\/medicare-tirane-1.png 980w, https:\/\/fjori.kostricani.com\/medicare\/wp-content\/uploads\/2026\/01\/medicare-tirane-1-300x253.png 300w, https:\/\/fjori.kostricani.com\/medicare\/wp-content\/uploads\/2026\/01\/medicare-tirane-1-768x647.png 768w\" sizes=\"(max-width: 800px) 100vw, 800px\" \/>\t\t\t\t\t\t\t\t\t\t\t\t\t\t\t<\/div>\n\t\t\t\t<\/div>\n\t\t<div class=\"elementor-element elementor-element-1c9cf197 e-con-full e-flex e-con e-child\" data-id=\"1c9cf197\" data-element_type=\"container\" data-e-type=\"container\">\n\t\t\t\t<div class=\"elementor-element elementor-element-27f59e6 elementor-widget elementor-widget-heading\" data-id=\"27f59e6\" data-element_type=\"widget\" data-e-type=\"widget\" data-widget_type=\"heading.default\">\n\t\t\t\t\t<h2 class=\"elementor-heading-title elementor-size-default\">Qendra Medicare Tiran\u00eb<\/h2>\t\t\t\t<\/div>\n\t\t\t\t<div class=\"elementor-element elementor-element-e7afe36 elementor-widget elementor-widget-text-editor\" data-id=\"e7afe36\" data-element_type=\"widget\" data-e-type=\"widget\" data-widget_type=\"text-editor.default\">\n\t\t\t\t\t\t\t\t\t<p><strong data-start=\"0\" data-end=\"30\">Klinika MEDICARE n\u00eb Tiran\u00eb<\/strong> ka nisur aktivitetin e saj prej tetorit 2001.<\/p><p>E vendosur n\u00eb rrug\u00ebn <strong data-start=\"98\" data-end=\"112\">Siri Kodra<\/strong>, klinika ofron sh\u00ebrbime me nj\u00eb staf t\u00eb kualifikuar q\u00eb garanton cil\u00ebsi dhe profesionaliz\u00ebm n\u00eb sh\u00ebrbim.<\/p><p><span style=\"text-decoration: underline;\">Sh\u00ebrbimet e ofruara p\u00ebrfshijn\u00eb:<\/span><\/p>\t\t\t\t\t\t\t\t<\/div>\n\t\t<div class=\"elementor-element elementor-element-d669e05 e-con-full elementor-hidden-desktop elementor-hidden-tablet e-flex e-con e-child\" data-id=\"d669e05\" data-element_type=\"container\" data-e-type=\"container\">\n\t\t\t\t<div class=\"elementor-element elementor-element-f642181 elementor-pagination-position-outside elementor-widget elementor-widget-image-carousel\" data-id=\"f642181\" data-element_type=\"widget\" data-e-type=\"widget\" data-settings=\"{&quot;navigation&quot;:&quot;dots&quot;,&quot;autoplay&quot;:&quot;yes&quot;,&quot;pause_on_hover&quot;:&quot;yes&quot;,&quot;pause_on_interaction&quot;:&quot;yes&quot;,&quot;autoplay_speed&quot;:5000,&quot;infinite&quot;:&quot;yes&quot;,&quot;speed&quot;:500}\" data-widget_type=\"image-carousel.default\">\n\t\t\t\t\t\t\t<div class=\"elementor-image-carousel-wrapper swiper\" role=\"region\" aria-roledescription=\"carousel\" aria-label=\"Image Carousel\" dir=\"ltr\">\n\t\t\t<div class=\"elementor-image-carousel swiper-wrapper\" aria-live=\"off\">\n\t\t\t\t\t\t\t\t<div class=\"swiper-slide\" role=\"group\" aria-roledescription=\"slide\" aria-label=\"1 of 5\"><figure class=\"swiper-slide-inner\"><img decoding=\"async\" class=\"swiper-slide-image\" src=\"https:\/\/fjori.kostricani.com\/medicare\/wp-content\/uploads\/2026\/01\/1-150x150.png\" alt=\"Rezonanc\u00eb Magnetike Tesla\" \/><figcaption class=\"elementor-image-carousel-caption\">Rezonanc\u00eb Magnetike Tesla<\/figcaption><\/figure><\/div><div class=\"swiper-slide\" role=\"group\" aria-roledescription=\"slide\" aria-label=\"2 of 5\"><figure class=\"swiper-slide-inner\"><img decoding=\"async\" class=\"swiper-slide-image\" src=\"https:\/\/fjori.kostricani.com\/medicare\/wp-content\/uploads\/2026\/01\/2-150x150.png\" alt=\"Tomografi e kompjuterizuar (skaner)\" \/><figcaption class=\"elementor-image-carousel-caption\">Tomografi CT-Scanner<\/figcaption><\/figure><\/div><div class=\"swiper-slide\" role=\"group\" aria-roledescription=\"slide\" aria-label=\"3 of 5\"><figure class=\"swiper-slide-inner\"><img decoding=\"async\" class=\"swiper-slide-image\" src=\"https:\/\/fjori.kostricani.com\/medicare\/wp-content\/uploads\/2026\/01\/3-150x150.png\" alt=\"Ekografi\" \/><figcaption class=\"elementor-image-carousel-caption\">Ekografi<\/figcaption><\/figure><\/div><div class=\"swiper-slide\" role=\"group\" aria-roledescription=\"slide\" aria-label=\"4 of 5\"><figure class=\"swiper-slide-inner\"><img decoding=\"async\" class=\"swiper-slide-image\" src=\"https:\/\/fjori.kostricani.com\/medicare\/wp-content\/uploads\/2026\/01\/4-150x150.png\" alt=\"Elektrofiziologji\" \/><figcaption class=\"elementor-image-carousel-caption\">Elektrofiziologji<\/figcaption><\/figure><\/div><div class=\"swiper-slide\" role=\"group\" aria-roledescription=\"slide\" aria-label=\"5 of 5\"><figure class=\"swiper-slide-inner\"><img decoding=\"async\" class=\"swiper-slide-image\" src=\"https:\/\/fjori.kostricani.com\/medicare\/wp-content\/uploads\/2026\/01\/5-150x150.png\" alt=\"Konsulta\" \/><figcaption class=\"elementor-image-carousel-caption\">Konsulta<\/figcaption><\/figure><\/div>\t\t\t<\/div>\n\t\t\t\t\t\t\t\n\t\t\t\t\t\t\t\t\t<div class=\"swiper-pagination\"><\/div>\n\t\t\t\t\t\t\t\t\t<\/div>\n\t\t\t\t\t\t<\/div>\n\t\t\t\t<\/div>\n\t\t<div class=\"elementor-element elementor-element-4488a31 e-grid e-con-full elementor-hidden-mobile e-con e-child\" data-id=\"4488a31\" data-element_type=\"container\" data-e-type=\"container\" data-settings=\"{&quot;background_background&quot;:&quot;classic&quot;}\">\n\t\t\t\t<div class=\"elementor-element elementor-element-52f1a0d elementor-position-top elementor-position-top elementor-widget elementor-widget-image-box\" data-id=\"52f1a0d\" data-element_type=\"widget\" data-e-type=\"widget\" data-widget_type=\"image-box.default\">\n\t\t\t\t\t<div class=\"elementor-image-box-wrapper\"><figure class=\"elementor-image-box-img\"><img decoding=\"async\" width=\"300\" height=\"300\" src=\"https:\/\/fjori.kostricani.com\/medicare\/wp-content\/uploads\/2026\/01\/1.png\" class=\"attachment-full size-full wp-image-2119\" alt=\"\" srcset=\"https:\/\/fjori.kostricani.com\/medicare\/wp-content\/uploads\/2026\/01\/1.png 300w, https:\/\/fjori.kostricani.com\/medicare\/wp-content\/uploads\/2026\/01\/1-150x150.png 150w\" sizes=\"(max-width: 300px) 100vw, 300px\" \/><\/figure><div class=\"elementor-image-box-content\"><h3 class=\"elementor-image-box-title\">Rezonanc\u00eb Magnetike Tesla<\/h3><\/div><\/div>\t\t\t\t<\/div>\n\t\t\t\t<div class=\"elementor-element elementor-element-680ffb6 elementor-position-top elementor-position-top elementor-widget elementor-widget-image-box\" data-id=\"680ffb6\" data-element_type=\"widget\" data-e-type=\"widget\" data-widget_type=\"image-box.default\">\n\t\t\t\t\t<div class=\"elementor-image-box-wrapper\"><figure class=\"elementor-image-box-img\"><img decoding=\"async\" width=\"300\" height=\"300\" src=\"https:\/\/fjori.kostricani.com\/medicare\/wp-content\/uploads\/2026\/01\/2.png\" class=\"attachment-full size-full wp-image-2120\" alt=\"Tomografi e kompjuterizuar (skaner)\" srcset=\"https:\/\/fjori.kostricani.com\/medicare\/wp-content\/uploads\/2026\/01\/2.png 300w, https:\/\/fjori.kostricani.com\/medicare\/wp-content\/uploads\/2026\/01\/2-150x150.png 150w\" sizes=\"(max-width: 300px) 100vw, 300px\" \/><\/figure><div class=\"elementor-image-box-content\"><h3 class=\"elementor-image-box-title\">Tomografi CT-Scanner<\/h3><\/div><\/div>\t\t\t\t<\/div>\n\t\t\t\t<div class=\"elementor-element elementor-element-de4599f elementor-position-top elementor-position-top elementor-widget elementor-widget-image-box\" data-id=\"de4599f\" data-element_type=\"widget\" data-e-type=\"widget\" data-widget_type=\"image-box.default\">\n\t\t\t\t\t<div class=\"elementor-image-box-wrapper\"><figure class=\"elementor-image-box-img\"><img loading=\"lazy\" decoding=\"async\" width=\"300\" height=\"300\" src=\"https:\/\/fjori.kostricani.com\/medicare\/wp-content\/uploads\/2026\/01\/3.png\" class=\"attachment-full size-full wp-image-2121\" alt=\"Ekografi\" srcset=\"https:\/\/fjori.kostricani.com\/medicare\/wp-content\/uploads\/2026\/01\/3.png 300w, https:\/\/fjori.kostricani.com\/medicare\/wp-content\/uploads\/2026\/01\/3-150x150.png 150w\" sizes=\"(max-width: 300px) 100vw, 300px\" \/><\/figure><div class=\"elementor-image-box-content\"><h3 class=\"elementor-image-box-title\">Ekografi<\/h3><\/div><\/div>\t\t\t\t<\/div>\n\t\t\t\t<div class=\"elementor-element elementor-element-037f996 elementor-position-top elementor-position-top elementor-widget elementor-widget-image-box\" data-id=\"037f996\" data-element_type=\"widget\" data-e-type=\"widget\" data-widget_type=\"image-box.default\">\n\t\t\t\t\t<div class=\"elementor-image-box-wrapper\"><figure class=\"elementor-image-box-img\"><img loading=\"lazy\" decoding=\"async\" width=\"300\" height=\"300\" src=\"https:\/\/fjori.kostricani.com\/medicare\/wp-content\/uploads\/2026\/01\/4.png\" class=\"attachment-full size-full wp-image-2126\" alt=\"\" srcset=\"https:\/\/fjori.kostricani.com\/medicare\/wp-content\/uploads\/2026\/01\/4.png 300w, https:\/\/fjori.kostricani.com\/medicare\/wp-content\/uploads\/2026\/01\/4-150x150.png 150w\" sizes=\"(max-width: 300px) 100vw, 300px\" \/><\/figure><div class=\"elementor-image-box-content\"><h3 class=\"elementor-image-box-title\">Elektrofiziologji<\/h3><\/div><\/div>\t\t\t\t<\/div>\n\t\t\t\t<div class=\"elementor-element elementor-element-3e6b596 elementor-position-top elementor-position-top elementor-widget elementor-widget-image-box\" data-id=\"3e6b596\" data-element_type=\"widget\" data-e-type=\"widget\" data-widget_type=\"image-box.default\">\n\t\t\t\t\t<div class=\"elementor-image-box-wrapper\"><figure class=\"elementor-image-box-img\"><img loading=\"lazy\" decoding=\"async\" width=\"300\" height=\"300\" src=\"https:\/\/fjori.kostricani.com\/medicare\/wp-content\/uploads\/2026\/01\/5.png\" class=\"attachment-full size-full wp-image-2130\" alt=\"\" srcset=\"https:\/\/fjori.kostricani.com\/medicare\/wp-content\/uploads\/2026\/01\/5.png 300w, https:\/\/fjori.kostricani.com\/medicare\/wp-content\/uploads\/2026\/01\/5-150x150.png 150w\" sizes=\"(max-width: 300px) 100vw, 300px\" \/><\/figure><div class=\"elementor-image-box-content\"><h3 class=\"elementor-image-box-title\">Konsulta<\/h3><\/div><\/div>\t\t\t\t<\/div>\n\t\t\t\t<\/div>\n\t\t\t\t<\/div>\n\t\t\t\t\t<\/div>\n\t\t\t\t<\/div>\n\t\t<div class=\"elementor-element elementor-element-76a2d10a e-flex e-con-boxed e-con e-parent\" data-id=\"76a2d10a\" data-element_type=\"container\" data-e-type=\"container\" id=\"xs_cta_style_11\">\n\t\t\t\t\t<div class=\"e-con-inner\">\n\t\t<div class=\"elementor-element elementor-element-1f446bcd e-con-full e-flex e-con e-child\" data-id=\"1f446bcd\" data-element_type=\"container\" data-e-type=\"container\">\n\t\t\t\t<div class=\"elementor-element elementor-element-1fd31767 elementor-widget__width-initial elementor-widget elementor-widget-elementskit-heading\" data-id=\"1fd31767\" data-element_type=\"widget\" data-e-type=\"widget\" data-widget_type=\"elementskit-heading.default\">\n\t\t\t\t\t<div class=\"ekit-wid-con\" ><div class=\"ekit-heading elementskit-section-title-wraper text_left   ekit_heading_tablet-   ekit_heading_mobile-\"><h2 class=\"ekit-heading--title elementskit-section-title \">Rezervoni nj\u00eb takim pran\u00eb <span><span>Qendr\u00ebs Diagnostikuese Medicare<\/span><\/span><\/h2>\t\t\t\t<div class='ekit-heading__description'>\n\t\t\t\t\t<p>Klinika MEDICARE \u00ebsht\u00eb e angazhuar p\u00ebr t\u00eb ofruar kujdesin m\u00eb t\u00eb mir\u00eb sh\u00ebndet\u00ebsor p\u00ebr pacient\u00ebt e saj, duke p\u00ebrdorur teknologjin\u00eb m\u00eb t\u00eb avancuar dhe duke siguruar nj\u00eb mjedis t\u00eb sigurt dhe t\u00eb rehatsh\u00ebm p\u00ebr vizitat dhe trajtimet.<\/p>\n\t\t\t\t<\/div>\n\t\t\t<\/div><\/div>\t\t\t\t<\/div>\n\t\t\t\t<div class=\"elementor-element elementor-element-49fb8f9d elementor-align-right elementor-align--mobilecenter elementor-widget-tablet__width-inherit elementor-widget-mobile__width-auto elementor-widget elementor-widget-elementskit-button\" data-id=\"49fb8f9d\" data-element_type=\"widget\" data-e-type=\"widget\" data-widget_type=\"elementskit-button.default\">\n\t\t\t\t\t<div class=\"ekit-wid-con\" >\t\t<div class=\"ekit-btn-wraper\">\n\t\t\t\t\t\t\t<a href=\"\/medicare\/kontaktoni\/\" class=\"elementskit-btn  whitespace--normal\" id=\"\">\n\t\t\t\t\tNa Kontaktoni<svg class=\"fas ekit-svg-icon icon-right-arrow\" viewBox=\"0 0 32 32\" xmlns=\"http:\/\/www.w3.org\/2000\/svg\"><path d=\"M21.548 5.088c-0.436-0.451-1.162-0.451-1.613 0-0.436 0.436-0.436 1.162 0 1.596l8.177 8.177h-26.984c-0.629 0.001-1.129 0.501-1.129 1.13s0.5 1.145 1.129 1.145h26.984l-8.177 8.162c-0.436 0.451-0.436 1.178 0 1.613 0.451 0.451 1.178 0.451 1.613 0l10.113-10.113c0.451-0.436 0.451-1.162 0-1.596l-10.113-10.114z\"><\/path><\/svg>\t\t\t\t<\/a>\n\t\t\t\t\t<\/div>\n        <\/div>\t\t\t\t<\/div>\n\t\t\t\t<\/div>\n\t\t\t\t\t<\/div>\n\t\t\t\t<\/div>\n\t\t\t\t<\/div>\n\t\t\n    <div class=\"xs_social_share_widget xs_share_url after_content \t\tmain_content  wslu-style-1 wslu-share-box-shaped wslu-fill-colored wslu-none wslu-share-horizontal wslu-theme-font-no wslu-main_content\">\n\n\t\t\n        <ul>\n\t\t\t        <\/ul>\n    <\/div> \n","protected":false},"excerpt":{"rendered":"<p>Kryefaqja \/ Qendra Medicare Tiran\u00eb Qendra Medicare Tiran\u00eb Klinika MEDICARE n\u00eb Tiran\u00eb ka nisur aktivitetin e saj prej tetorit 2001. E vendosur n\u00eb rrug\u00ebn Siri Kodra, klinika ofron sh\u00ebrbime me nj\u00eb staf t\u00eb kualifikuar q\u00eb garanton cil\u00ebsi dhe profesionaliz\u00ebm n\u00eb sh\u00ebrbim. Sh\u00ebrbimet e ofruara p\u00ebrfshijn\u00eb: Rezonanc\u00eb Magnetike Tesla Tomografi CT-Scanner Ekografi Elektrofiziologji Konsulta Rezonanc\u00eb Magnetike [&hellip;]<\/p>\n","protected":false},"author":1,"featured_media":0,"parent":0,"menu_order":0,"comment_status":"closed","ping_status":"closed","template":"","meta":{"footnotes":""},"class_list":["post-327","page","type-page","status-publish","hentry"],"_links":{"self":[{"href":"https:\/\/fjori.kostricani.com\/medicare\/wp-json\/wp\/v2\/pages\/327","targetHints":{"allow":["GET"]}}],"collection":[{"href":"https:\/\/fjori.kostricani.com\/medicare\/wp-json\/wp\/v2\/pages"}],"about":[{"href":"https:\/\/fjori.kostricani.com\/medicare\/wp-json\/wp\/v2\/types\/page"}],"author":[{"embeddable":true,"href":"https:\/\/fjori.kostricani.com\/medicare\/wp-json\/wp\/v2\/users\/1"}],"replies":[{"embeddable":true,"href":"https:\/\/fjori.kostricani.com\/medicare\/wp-json\/wp\/v2\/comments?post=327"}],"version-history":[{"count":121,"href":"https:\/\/fjori.kostricani.com\/medicare\/wp-json\/wp\/v2\/pages\/327\/revisions"}],"predecessor-version":[{"id":3869,"href":"https:\/\/fjori.kostricani.com\/medicare\/wp-json\/wp\/v2\/pages\/327\/revisions\/3869"}],"wp:attachment":[{"href":"https:\/\/fjori.kostricani.com\/medicare\/wp-json\/wp\/v2\/media?parent=327"}],"curies":[{"name":"wp","href":"https:\/\/api.w.org\/{rel}","templated":true}]}}