{"id":329,"date":"2026-01-26T07:47:47","date_gmt":"2026-01-26T07:47:47","guid":{"rendered":"https:\/\/fjori.kostricani.com\/medicare\/?page_id=329"},"modified":"2026-03-05T13:38:40","modified_gmt":"2026-03-05T13:38:40","slug":"qendra-medicare-elbasan","status":"publish","type":"page","link":"https:\/\/fjori.kostricani.com\/medicare\/qendra-medicare-elbasan\/","title":{"rendered":"Qendra Medicare Elbasan"},"content":{"rendered":"\t\t<div data-elementor-type=\"wp-page\" data-elementor-id=\"329\" class=\"elementor elementor-329\" data-elementor-post-type=\"page\">\n\t\t\t\t<div class=\"elementor-element elementor-element-e1e8992 e-flex e-con-boxed e-con e-parent\" data-id=\"e1e8992\" data-element_type=\"container\" data-e-type=\"container\" data-settings=\"{&quot;background_background&quot;:&quot;classic&quot;}\">\n\t\t\t\t\t<div class=\"e-con-inner\">\n\t\t\t\t<div class=\"elementor-element elementor-element-c85a268 elementor-widget elementor-widget-spacer\" data-id=\"c85a268\" data-element_type=\"widget\" data-e-type=\"widget\" data-widget_type=\"spacer.default\">\n\t\t\t\t\t\t\t<div class=\"elementor-spacer\">\n\t\t\t<div class=\"elementor-spacer-inner\"><\/div>\n\t\t<\/div>\n\t\t\t\t\t\t<\/div>\n\t\t\t\t<div class=\"elementor-element elementor-element-8337104 elementor-widget elementor-widget-text-editor\" data-id=\"8337104\" data-element_type=\"widget\" data-e-type=\"widget\" data-widget_type=\"text-editor.default\">\n\t\t\t\t\t\t\t\t\t<p><a href=\"\/\">Kryefaqja<\/a> \/ <strong>Qendra Medicare Elbasan<\/strong><\/p>\t\t\t\t\t\t\t\t<\/div>\n\t\t\t\t\t<\/div>\n\t\t\t\t<\/div>\n\t\t<div class=\"elementor-element elementor-element-2f6b7b3 e-flex e-con-boxed e-con e-parent\" data-id=\"2f6b7b3\" data-element_type=\"container\" data-e-type=\"container\">\n\t\t\t\t\t<div class=\"e-con-inner\">\n\t\t<div class=\"elementor-element elementor-element-d321791 e-con-full e-flex e-con e-child\" data-id=\"d321791\" data-element_type=\"container\" data-e-type=\"container\">\n\t\t\t\t<div class=\"elementor-element elementor-element-2899285 elementor-widget elementor-widget-image\" data-id=\"2899285\" data-element_type=\"widget\" data-e-type=\"widget\" data-widget_type=\"image.default\">\n\t\t\t\t\t\t\t\t\t\t\t\t\t\t\t<img fetchpriority=\"high\" decoding=\"async\" width=\"800\" height=\"800\" src=\"https:\/\/fjori.kostricani.com\/medicare\/wp-content\/uploads\/2026\/01\/logo-medicare-1024x1024-1.png\" class=\"attachment-large size-large wp-image-1609\" alt=\"\" srcset=\"https:\/\/fjori.kostricani.com\/medicare\/wp-content\/uploads\/2026\/01\/logo-medicare-1024x1024-1.png 1024w, https:\/\/fjori.kostricani.com\/medicare\/wp-content\/uploads\/2026\/01\/logo-medicare-1024x1024-1-300x300.png 300w, https:\/\/fjori.kostricani.com\/medicare\/wp-content\/uploads\/2026\/01\/logo-medicare-1024x1024-1-150x150.png 150w, https:\/\/fjori.kostricani.com\/medicare\/wp-content\/uploads\/2026\/01\/logo-medicare-1024x1024-1-768x768.png 768w\" sizes=\"(max-width: 800px) 100vw, 800px\" \/>\t\t\t\t\t\t\t\t\t\t\t\t\t\t\t<\/div>\n\t\t\t\t<\/div>\n\t\t<div class=\"elementor-element elementor-element-fa10e09 e-con-full e-flex e-con e-child\" data-id=\"fa10e09\" data-element_type=\"container\" data-e-type=\"container\">\n\t\t\t\t<div class=\"elementor-element elementor-element-dd6e5ca elementor-widget elementor-widget-heading\" data-id=\"dd6e5ca\" data-element_type=\"widget\" data-e-type=\"widget\" data-widget_type=\"heading.default\">\n\t\t\t\t\t<h2 class=\"elementor-heading-title elementor-size-default\">Qendra Medicare Elbasan<\/h2>\t\t\t\t<\/div>\n\t\t\t\t<div class=\"elementor-element elementor-element-87ebe9c elementor-widget elementor-widget-text-editor\" data-id=\"87ebe9c\" data-element_type=\"widget\" data-e-type=\"widget\" data-widget_type=\"text-editor.default\">\n\t\t\t\t\t\t\t\t\t<p data-start=\"29\" data-end=\"161\">Klinika <strong data-start=\"37\" data-end=\"60\">MEDICARE n\u00eb Elbasan<\/strong> u hap n\u00eb qershor 2004, duke ofruar p\u00ebr her\u00eb t\u00eb par\u00eb mund\u00ebsin\u00eb e ekzaminimit me skaner n\u00eb k\u00ebt\u00eb rreth.<\/p><p data-start=\"163\" data-end=\"354\">Me vendndodhje n\u00eb rrug\u00ebn e spitalit rajonal <strong data-start=\"207\" data-end=\"228\">\u201cXhaferr Kongoli\u201d<\/strong>, dega jon\u00eb n\u00eb Elbasan ka nj\u00eb staf t\u00eb kualifikuar dhe ofron sh\u00ebrbim maksimal p\u00ebr pacient\u00ebt, duke plot\u00ebsuar \u00e7do nevoj\u00eb t\u00eb tyre.<\/p><p><span style=\"text-decoration: underline;\">Sh\u00ebrbimet mjek\u00ebsore n\u00eb Medicare Elbasan p\u00ebrfshijn\u00eb:<\/span><\/p>\t\t\t\t\t\t\t\t<\/div>\n\t\t<div class=\"elementor-element elementor-element-8a414c8 e-con-full e-flex e-con e-child\" data-id=\"8a414c8\" data-element_type=\"container\" data-e-type=\"container\">\n\t\t<div class=\"elementor-element elementor-element-c0613c6 e-con-full elementor-hidden-desktop elementor-hidden-tablet e-flex e-con e-child\" data-id=\"c0613c6\" data-element_type=\"container\" data-e-type=\"container\">\n\t\t\t\t<div class=\"elementor-element elementor-element-852606a elementor-pagination-position-outside elementor-widget elementor-widget-image-carousel\" data-id=\"852606a\" data-element_type=\"widget\" data-e-type=\"widget\" data-settings=\"{&quot;navigation&quot;:&quot;dots&quot;,&quot;autoplay&quot;:&quot;yes&quot;,&quot;pause_on_hover&quot;:&quot;yes&quot;,&quot;pause_on_interaction&quot;:&quot;yes&quot;,&quot;autoplay_speed&quot;:5000,&quot;infinite&quot;:&quot;yes&quot;,&quot;speed&quot;:500}\" data-widget_type=\"image-carousel.default\">\n\t\t\t\t\t\t\t<div class=\"elementor-image-carousel-wrapper swiper\" role=\"region\" aria-roledescription=\"carousel\" aria-label=\"Image Carousel\" dir=\"ltr\">\n\t\t\t<div class=\"elementor-image-carousel swiper-wrapper\" aria-live=\"off\">\n\t\t\t\t\t\t\t\t<div class=\"swiper-slide\" role=\"group\" aria-roledescription=\"slide\" aria-label=\"1 of 4\"><figure class=\"swiper-slide-inner\"><img decoding=\"async\" class=\"swiper-slide-image\" src=\"https:\/\/fjori.kostricani.com\/medicare\/wp-content\/uploads\/2026\/01\/2-150x150.png\" alt=\"Tomografi e kompjuterizuar (skaner)\" \/><figcaption class=\"elementor-image-carousel-caption\">Tomografi e kompjuterizuar (skaner)<\/figcaption><\/figure><\/div><div class=\"swiper-slide\" role=\"group\" aria-roledescription=\"slide\" aria-label=\"2 of 4\"><figure class=\"swiper-slide-inner\"><img decoding=\"async\" class=\"swiper-slide-image\" src=\"https:\/\/fjori.kostricani.com\/medicare\/wp-content\/uploads\/2026\/01\/6-150x150.png\" alt=\"Radiografi dixhitale\" \/><figcaption class=\"elementor-image-carousel-caption\">Radiografi dixhitale<\/figcaption><\/figure><\/div><div class=\"swiper-slide\" role=\"group\" aria-roledescription=\"slide\" aria-label=\"3 of 4\"><figure class=\"swiper-slide-inner\"><img decoding=\"async\" class=\"swiper-slide-image\" src=\"https:\/\/fjori.kostricani.com\/medicare\/wp-content\/uploads\/2026\/01\/3-150x150.png\" alt=\"Ekografi\" \/><figcaption class=\"elementor-image-carousel-caption\">Ekografi<\/figcaption><\/figure><\/div><div class=\"swiper-slide\" role=\"group\" aria-roledescription=\"slide\" aria-label=\"4 of 4\"><figure class=\"swiper-slide-inner\"><img decoding=\"async\" class=\"swiper-slide-image\" src=\"https:\/\/fjori.kostricani.com\/medicare\/wp-content\/uploads\/2026\/01\/7-150x150.png\" alt=\"Konsult\u00eb pneumologu\" \/><figcaption class=\"elementor-image-carousel-caption\">Konsult\u00eb pneumologu<\/figcaption><\/figure><\/div>\t\t\t<\/div>\n\t\t\t\t\t\t\t\n\t\t\t\t\t\t\t\t\t<div class=\"swiper-pagination\"><\/div>\n\t\t\t\t\t\t\t\t\t<\/div>\n\t\t\t\t\t\t<\/div>\n\t\t\t\t<\/div>\n\t\t\t\t<\/div>\n\t\t<div class=\"elementor-element elementor-element-b80ebe0 e-grid e-con-full elementor-hidden-mobile e-con e-child\" data-id=\"b80ebe0\" data-element_type=\"container\" data-e-type=\"container\">\n\t\t\t\t<div class=\"elementor-element elementor-element-e10a97c elementor-position-top elementor-position-top elementor-widget elementor-widget-image-box\" data-id=\"e10a97c\" data-element_type=\"widget\" data-e-type=\"widget\" data-widget_type=\"image-box.default\">\n\t\t\t\t\t<div class=\"elementor-image-box-wrapper\"><figure class=\"elementor-image-box-img\"><img decoding=\"async\" width=\"300\" height=\"300\" src=\"https:\/\/fjori.kostricani.com\/medicare\/wp-content\/uploads\/2026\/01\/2.png\" class=\"attachment-full size-full wp-image-2120\" alt=\"Tomografi e kompjuterizuar (skaner)\" srcset=\"https:\/\/fjori.kostricani.com\/medicare\/wp-content\/uploads\/2026\/01\/2.png 300w, https:\/\/fjori.kostricani.com\/medicare\/wp-content\/uploads\/2026\/01\/2-150x150.png 150w\" sizes=\"(max-width: 300px) 100vw, 300px\" \/><\/figure><div class=\"elementor-image-box-content\"><h3 class=\"elementor-image-box-title\">Tomografi e kompjuterizuar (skaner)<\/h3><\/div><\/div>\t\t\t\t<\/div>\n\t\t\t\t<div class=\"elementor-element elementor-element-5ed4918 elementor-position-top elementor-position-top elementor-widget elementor-widget-image-box\" data-id=\"5ed4918\" data-element_type=\"widget\" data-e-type=\"widget\" data-widget_type=\"image-box.default\">\n\t\t\t\t\t<div class=\"elementor-image-box-wrapper\"><figure class=\"elementor-image-box-img\"><img decoding=\"async\" width=\"300\" height=\"300\" src=\"https:\/\/fjori.kostricani.com\/medicare\/wp-content\/uploads\/2026\/01\/6.png\" class=\"attachment-full size-full wp-image-2162\" alt=\"Radiografi dixhitale\" srcset=\"https:\/\/fjori.kostricani.com\/medicare\/wp-content\/uploads\/2026\/01\/6.png 300w, https:\/\/fjori.kostricani.com\/medicare\/wp-content\/uploads\/2026\/01\/6-150x150.png 150w\" sizes=\"(max-width: 300px) 100vw, 300px\" \/><\/figure><div class=\"elementor-image-box-content\"><h3 class=\"elementor-image-box-title\">Radiografi dixhitale<\/h3><\/div><\/div>\t\t\t\t<\/div>\n\t\t\t\t<div class=\"elementor-element elementor-element-acc14b1 elementor-position-top elementor-position-top elementor-widget elementor-widget-image-box\" data-id=\"acc14b1\" data-element_type=\"widget\" data-e-type=\"widget\" data-widget_type=\"image-box.default\">\n\t\t\t\t\t<div class=\"elementor-image-box-wrapper\"><figure class=\"elementor-image-box-img\"><img loading=\"lazy\" decoding=\"async\" width=\"300\" height=\"300\" src=\"https:\/\/fjori.kostricani.com\/medicare\/wp-content\/uploads\/2026\/01\/3.png\" class=\"attachment-full size-full wp-image-2121\" alt=\"Ekografi\" srcset=\"https:\/\/fjori.kostricani.com\/medicare\/wp-content\/uploads\/2026\/01\/3.png 300w, https:\/\/fjori.kostricani.com\/medicare\/wp-content\/uploads\/2026\/01\/3-150x150.png 150w\" sizes=\"(max-width: 300px) 100vw, 300px\" \/><\/figure><div class=\"elementor-image-box-content\"><h3 class=\"elementor-image-box-title\">Ekografi<\/h3><\/div><\/div>\t\t\t\t<\/div>\n\t\t\t\t<div class=\"elementor-element elementor-element-7664d6e elementor-position-top elementor-position-top elementor-widget elementor-widget-image-box\" data-id=\"7664d6e\" data-element_type=\"widget\" data-e-type=\"widget\" data-widget_type=\"image-box.default\">\n\t\t\t\t\t<div class=\"elementor-image-box-wrapper\"><figure class=\"elementor-image-box-img\"><img loading=\"lazy\" decoding=\"async\" width=\"300\" height=\"300\" src=\"https:\/\/fjori.kostricani.com\/medicare\/wp-content\/uploads\/2026\/01\/7.png\" class=\"attachment-full size-full wp-image-2161\" alt=\"Konsult\u00eb pneumologu\" srcset=\"https:\/\/fjori.kostricani.com\/medicare\/wp-content\/uploads\/2026\/01\/7.png 300w, https:\/\/fjori.kostricani.com\/medicare\/wp-content\/uploads\/2026\/01\/7-150x150.png 150w\" sizes=\"(max-width: 300px) 100vw, 300px\" \/><\/figure><div class=\"elementor-image-box-content\"><h3 class=\"elementor-image-box-title\">Konsult\u00eb pneumologu<\/h3><\/div><\/div>\t\t\t\t<\/div>\n\t\t\t\t<\/div>\n\t\t\t\t<\/div>\n\t\t\t\t\t<\/div>\n\t\t\t\t<\/div>\n\t\t<div class=\"elementor-element elementor-element-510bc8f e-flex e-con-boxed e-con e-parent\" data-id=\"510bc8f\" data-element_type=\"container\" data-e-type=\"container\">\n\t\t\t\t\t<div class=\"e-con-inner\">\n\t\t<div class=\"elementor-element elementor-element-e69e663 e-con-full e-flex e-con e-child\" data-id=\"e69e663\" data-element_type=\"container\" data-e-type=\"container\">\n\t\t\t\t<div class=\"elementor-element elementor-element-eba69d3 elementor-widget__width-initial elementor-widget elementor-widget-elementskit-heading\" data-id=\"eba69d3\" data-element_type=\"widget\" data-e-type=\"widget\" data-widget_type=\"elementskit-heading.default\">\n\t\t\t\t\t<div class=\"ekit-wid-con\" ><div class=\"ekit-heading elementskit-section-title-wraper text_left   ekit_heading_tablet-   ekit_heading_mobile-\"><h2 class=\"ekit-heading--title elementskit-section-title \">Rezervoni nj\u00eb takim pran\u00eb <span><span>Qendr\u00ebs Diagnostikuese Medicare<\/span><\/span><\/h2>\t\t\t\t<div class='ekit-heading__description'>\n\t\t\t\t\t<p>Klinika MEDICARE \u00ebsht\u00eb e angazhuar p\u00ebr t\u00eb ofruar kujdesin m\u00eb t\u00eb mir\u00eb sh\u00ebndet\u00ebsor p\u00ebr pacient\u00ebt e saj, duke p\u00ebrdorur teknologjin\u00eb m\u00eb t\u00eb avancuar dhe duke siguruar nj\u00eb mjedis t\u00eb sigurt dhe t\u00eb rehatsh\u00ebm p\u00ebr vizitat dhe trajtimet.<\/p>\n\t\t\t\t<\/div>\n\t\t\t<\/div><\/div>\t\t\t\t<\/div>\n\t\t\t\t<div class=\"elementor-element elementor-element-ff15900 elementor-align-right elementor-align--mobilecenter elementor-widget-tablet__width-inherit elementor-widget-mobile__width-auto elementor-widget elementor-widget-elementskit-button\" data-id=\"ff15900\" data-element_type=\"widget\" data-e-type=\"widget\" data-widget_type=\"elementskit-button.default\">\n\t\t\t\t\t<div class=\"ekit-wid-con\" >\t\t<div class=\"ekit-btn-wraper\">\n\t\t\t\t\t\t\t<a href=\"\/medicare\/kontaktoni\/\" class=\"elementskit-btn  whitespace--normal\" id=\"\">\n\t\t\t\t\tNa Kontaktoni<svg class=\"fas ekit-svg-icon icon-right-arrow\" viewBox=\"0 0 32 32\" xmlns=\"http:\/\/www.w3.org\/2000\/svg\"><path d=\"M21.548 5.088c-0.436-0.451-1.162-0.451-1.613 0-0.436 0.436-0.436 1.162 0 1.596l8.177 8.177h-26.984c-0.629 0.001-1.129 0.501-1.129 1.13s0.5 1.145 1.129 1.145h26.984l-8.177 8.162c-0.436 0.451-0.436 1.178 0 1.613 0.451 0.451 1.178 0.451 1.613 0l10.113-10.113c0.451-0.436 0.451-1.162 0-1.596l-10.113-10.114z\"><\/path><\/svg>\t\t\t\t<\/a>\n\t\t\t\t\t<\/div>\n        <\/div>\t\t\t\t<\/div>\n\t\t\t\t<\/div>\n\t\t\t\t\t<\/div>\n\t\t\t\t<\/div>\n\t\t\t\t<\/div>\n\t\t\n    <div class=\"xs_social_share_widget xs_share_url after_content \t\tmain_content  wslu-style-1 wslu-share-box-shaped wslu-fill-colored wslu-none wslu-share-horizontal wslu-theme-font-no wslu-main_content\">\n\n\t\t\n        <ul>\n\t\t\t        <\/ul>\n    <\/div> \n","protected":false},"excerpt":{"rendered":"<p>Kryefaqja \/ Qendra Medicare Elbasan Qendra Medicare Elbasan Klinika MEDICARE n\u00eb Elbasan u hap n\u00eb qershor 2004, duke ofruar p\u00ebr her\u00eb t\u00eb par\u00eb mund\u00ebsin\u00eb e ekzaminimit me skaner n\u00eb k\u00ebt\u00eb rreth. Me vendndodhje n\u00eb rrug\u00ebn e spitalit rajonal \u201cXhaferr Kongoli\u201d, dega jon\u00eb n\u00eb Elbasan ka nj\u00eb staf t\u00eb kualifikuar dhe ofron sh\u00ebrbim maksimal p\u00ebr pacient\u00ebt, [&hellip;]<\/p>\n","protected":false},"author":1,"featured_media":0,"parent":0,"menu_order":0,"comment_status":"closed","ping_status":"closed","template":"elementor_header_footer","meta":{"footnotes":""},"class_list":["post-329","page","type-page","status-publish","hentry"],"_links":{"self":[{"href":"https:\/\/fjori.kostricani.com\/medicare\/wp-json\/wp\/v2\/pages\/329","targetHints":{"allow":["GET"]}}],"collection":[{"href":"https:\/\/fjori.kostricani.com\/medicare\/wp-json\/wp\/v2\/pages"}],"about":[{"href":"https:\/\/fjori.kostricani.com\/medicare\/wp-json\/wp\/v2\/types\/page"}],"author":[{"embeddable":true,"href":"https:\/\/fjori.kostricani.com\/medicare\/wp-json\/wp\/v2\/users\/1"}],"replies":[{"embeddable":true,"href":"https:\/\/fjori.kostricani.com\/medicare\/wp-json\/wp\/v2\/comments?post=329"}],"version-history":[{"count":76,"href":"https:\/\/fjori.kostricani.com\/medicare\/wp-json\/wp\/v2\/pages\/329\/revisions"}],"predecessor-version":[{"id":3881,"href":"https:\/\/fjori.kostricani.com\/medicare\/wp-json\/wp\/v2\/pages\/329\/revisions\/3881"}],"wp:attachment":[{"href":"https:\/\/fjori.kostricani.com\/medicare\/wp-json\/wp\/v2\/media?parent=329"}],"curies":[{"name":"wp","href":"https:\/\/api.w.org\/{rel}","templated":true}]}}