{"id":331,"date":"2026-01-26T07:48:16","date_gmt":"2026-01-26T07:48:16","guid":{"rendered":"https:\/\/fjori.kostricani.com\/medicare\/?page_id=331"},"modified":"2026-03-05T13:38:01","modified_gmt":"2026-03-05T13:38:01","slug":"qendra-medicare-shkoder","status":"publish","type":"page","link":"https:\/\/fjori.kostricani.com\/medicare\/qendra-medicare-shkoder\/","title":{"rendered":"Qendra Medicare Shkoder"},"content":{"rendered":"\t\t<div data-elementor-type=\"wp-page\" data-elementor-id=\"331\" class=\"elementor elementor-331\" data-elementor-post-type=\"page\">\n\t\t\t\t<div class=\"elementor-element elementor-element-38f994b e-flex e-con-boxed e-con e-parent\" data-id=\"38f994b\" data-element_type=\"container\" data-e-type=\"container\" data-settings=\"{&quot;background_background&quot;:&quot;classic&quot;}\">\n\t\t\t\t\t<div class=\"e-con-inner\">\n\t\t\t\t<div class=\"elementor-element elementor-element-9db5661 elementor-widget elementor-widget-spacer\" data-id=\"9db5661\" data-element_type=\"widget\" data-e-type=\"widget\" data-widget_type=\"spacer.default\">\n\t\t\t\t\t\t\t<div class=\"elementor-spacer\">\n\t\t\t<div class=\"elementor-spacer-inner\"><\/div>\n\t\t<\/div>\n\t\t\t\t\t\t<\/div>\n\t\t\t\t<div class=\"elementor-element elementor-element-fa99e39 elementor-widget elementor-widget-text-editor\" data-id=\"fa99e39\" data-element_type=\"widget\" data-e-type=\"widget\" data-widget_type=\"text-editor.default\">\n\t\t\t\t\t\t\t\t\t<p><a href=\"\/\">Kryefaqja<\/a> \/ <strong>Qendra Medicare Shkod\u00ebr<\/strong><\/p>\t\t\t\t\t\t\t\t<\/div>\n\t\t\t\t\t<\/div>\n\t\t\t\t<\/div>\n\t\t<div class=\"elementor-element elementor-element-fdc9073 e-flex e-con-boxed e-con e-parent\" data-id=\"fdc9073\" data-element_type=\"container\" data-e-type=\"container\">\n\t\t\t\t\t<div class=\"e-con-inner\">\n\t\t<div class=\"elementor-element elementor-element-079f2e3 e-con-full e-flex e-con e-child\" data-id=\"079f2e3\" data-element_type=\"container\" data-e-type=\"container\">\n\t\t\t\t<div class=\"elementor-element elementor-element-8a24aa5 elementor-widget elementor-widget-image\" data-id=\"8a24aa5\" data-element_type=\"widget\" data-e-type=\"widget\" data-widget_type=\"image.default\">\n\t\t\t\t\t\t\t\t\t\t\t\t\t\t\t<img fetchpriority=\"high\" decoding=\"async\" width=\"800\" height=\"800\" src=\"https:\/\/fjori.kostricani.com\/medicare\/wp-content\/uploads\/2026\/01\/logo-medicare-1024x1024-1.png\" class=\"attachment-large size-large wp-image-1609\" alt=\"\" srcset=\"https:\/\/fjori.kostricani.com\/medicare\/wp-content\/uploads\/2026\/01\/logo-medicare-1024x1024-1.png 1024w, https:\/\/fjori.kostricani.com\/medicare\/wp-content\/uploads\/2026\/01\/logo-medicare-1024x1024-1-300x300.png 300w, https:\/\/fjori.kostricani.com\/medicare\/wp-content\/uploads\/2026\/01\/logo-medicare-1024x1024-1-150x150.png 150w, https:\/\/fjori.kostricani.com\/medicare\/wp-content\/uploads\/2026\/01\/logo-medicare-1024x1024-1-768x768.png 768w\" sizes=\"(max-width: 800px) 100vw, 800px\" \/>\t\t\t\t\t\t\t\t\t\t\t\t\t\t\t<\/div>\n\t\t\t\t<\/div>\n\t\t<div class=\"elementor-element elementor-element-49a6a10 e-con-full e-flex e-con e-child\" data-id=\"49a6a10\" data-element_type=\"container\" data-e-type=\"container\">\n\t\t\t\t<div class=\"elementor-element elementor-element-0c7656d elementor-widget elementor-widget-heading\" data-id=\"0c7656d\" data-element_type=\"widget\" data-e-type=\"widget\" data-widget_type=\"heading.default\">\n\t\t\t\t\t<h2 class=\"elementor-heading-title elementor-size-default\">Qendra Medicare Shkod\u00ebr<\/h2>\t\t\t\t<\/div>\n\t\t\t\t<div class=\"elementor-element elementor-element-3916e6c elementor-widget elementor-widget-text-editor\" data-id=\"3916e6c\" data-element_type=\"widget\" data-e-type=\"widget\" data-widget_type=\"text-editor.default\">\n\t\t\t\t\t\t\t\t\t<p data-start=\"29\" data-end=\"161\">Klinika <strong data-start=\"37\" data-end=\"60\">MEDICARE n\u00eb Shkod\u00ebr<\/strong> u hap n\u00eb n\u00ebntor 2005. E pozicionuar n\u00eb af\u00ebrsi t\u00eb spitalit rajonal t\u00eb Shkodr\u00ebs, klinika jon\u00eb sh\u00ebrben si pik\u00eb referuese p\u00ebr t\u00eb gjith\u00eb veriun e Shqip\u00ebris\u00eb p\u00ebr sh\u00ebrbimet q\u00eb mbulon.<\/p><p><span style=\"text-decoration: underline;\">Sh\u00ebrbimet mjek\u00ebsore n\u00eb Medicare Shkod\u00ebr p\u00ebrfshijn\u00eb:<\/span><\/p>\t\t\t\t\t\t\t\t<\/div>\n\t\t<div class=\"elementor-element elementor-element-1c7abcf e-con-full e-flex e-con e-child\" data-id=\"1c7abcf\" data-element_type=\"container\" data-e-type=\"container\">\n\t\t<div class=\"elementor-element elementor-element-b6fe697 e-con-full elementor-hidden-desktop elementor-hidden-tablet e-flex e-con e-child\" data-id=\"b6fe697\" data-element_type=\"container\" data-e-type=\"container\">\n\t\t\t\t<div class=\"elementor-element elementor-element-760728f elementor-pagination-position-outside elementor-widget elementor-widget-image-carousel\" data-id=\"760728f\" data-element_type=\"widget\" data-e-type=\"widget\" data-settings=\"{&quot;navigation&quot;:&quot;dots&quot;,&quot;autoplay&quot;:&quot;yes&quot;,&quot;pause_on_hover&quot;:&quot;yes&quot;,&quot;pause_on_interaction&quot;:&quot;yes&quot;,&quot;autoplay_speed&quot;:5000,&quot;infinite&quot;:&quot;yes&quot;,&quot;speed&quot;:500}\" data-widget_type=\"image-carousel.default\">\n\t\t\t\t\t\t\t<div class=\"elementor-image-carousel-wrapper swiper\" role=\"region\" aria-roledescription=\"carousel\" aria-label=\"Image Carousel\" dir=\"ltr\">\n\t\t\t<div class=\"elementor-image-carousel swiper-wrapper\" aria-live=\"off\">\n\t\t\t\t\t\t\t\t<div class=\"swiper-slide\" role=\"group\" aria-roledescription=\"slide\" aria-label=\"1 of 8\"><figure class=\"swiper-slide-inner\"><img decoding=\"async\" class=\"swiper-slide-image\" src=\"https:\/\/fjori.kostricani.com\/medicare\/wp-content\/uploads\/2026\/01\/1.1-150x150.png\" alt=\"Grafi konvencionale\" \/><figcaption class=\"elementor-image-carousel-caption\">Grafi konvencionale<\/figcaption><\/figure><\/div><div class=\"swiper-slide\" role=\"group\" aria-roledescription=\"slide\" aria-label=\"2 of 8\"><figure class=\"swiper-slide-inner\"><img decoding=\"async\" class=\"swiper-slide-image\" src=\"https:\/\/fjori.kostricani.com\/medicare\/wp-content\/uploads\/2026\/01\/3-150x150.png\" alt=\"Ekografi\" \/><figcaption class=\"elementor-image-carousel-caption\">Ekografi<\/figcaption><\/figure><\/div><div class=\"swiper-slide\" role=\"group\" aria-roledescription=\"slide\" aria-label=\"3 of 8\"><figure class=\"swiper-slide-inner\"><img decoding=\"async\" class=\"swiper-slide-image\" src=\"https:\/\/fjori.kostricani.com\/medicare\/wp-content\/uploads\/2026\/01\/1.2-150x150.png\" alt=\"Konsult\u00eb kardiologu\" \/><figcaption class=\"elementor-image-carousel-caption\">Konsult\u00eb kardiologu<\/figcaption><\/figure><\/div><div class=\"swiper-slide\" role=\"group\" aria-roledescription=\"slide\" aria-label=\"4 of 8\"><figure class=\"swiper-slide-inner\"><img decoding=\"async\" class=\"swiper-slide-image\" src=\"https:\/\/fjori.kostricani.com\/medicare\/wp-content\/uploads\/2026\/01\/gj-150x150.png\" alt=\"Konsult\u00eb gjinekologu\" \/><figcaption class=\"elementor-image-carousel-caption\">Konsult\u00eb gjinekologu<\/figcaption><\/figure><\/div><div class=\"swiper-slide\" role=\"group\" aria-roledescription=\"slide\" aria-label=\"5 of 8\"><figure class=\"swiper-slide-inner\"><img decoding=\"async\" class=\"swiper-slide-image\" src=\"https:\/\/fjori.kostricani.com\/medicare\/wp-content\/uploads\/2026\/01\/7-150x150.png\" alt=\"Konsult\u00eb pneumologu\" \/><figcaption class=\"elementor-image-carousel-caption\">Konsult\u00eb pneumologu<\/figcaption><\/figure><\/div><div class=\"swiper-slide\" role=\"group\" aria-roledescription=\"slide\" aria-label=\"6 of 8\"><figure class=\"swiper-slide-inner\"><img decoding=\"async\" class=\"swiper-slide-image\" src=\"https:\/\/fjori.kostricani.com\/medicare\/wp-content\/uploads\/2026\/01\/1.6-150x150.png\" alt=\"Konsult\u00eb neurolog \/ EMG\" \/><figcaption class=\"elementor-image-carousel-caption\">Konsult\u00eb neurolog \/ EMG<\/figcaption><\/figure><\/div><div class=\"swiper-slide\" role=\"group\" aria-roledescription=\"slide\" aria-label=\"7 of 8\"><figure class=\"swiper-slide-inner\"><img decoding=\"async\" class=\"swiper-slide-image\" src=\"https:\/\/fjori.kostricani.com\/medicare\/wp-content\/uploads\/2026\/01\/1.7-150x150.png\" alt=\"Fizioterapi\" \/><figcaption class=\"elementor-image-carousel-caption\">Fizioterapi<\/figcaption><\/figure><\/div><div class=\"swiper-slide\" role=\"group\" aria-roledescription=\"slide\" aria-label=\"8 of 8\"><figure class=\"swiper-slide-inner\"><img decoding=\"async\" class=\"swiper-slide-image\" src=\"https:\/\/fjori.kostricani.com\/medicare\/wp-content\/uploads\/2026\/01\/1.9-150x150.png\" alt=\"Laborator analizash\" \/><figcaption class=\"elementor-image-carousel-caption\">Laborator analizash<\/figcaption><\/figure><\/div>\t\t\t<\/div>\n\t\t\t\t\t\t\t\n\t\t\t\t\t\t\t\t\t<div class=\"swiper-pagination\"><\/div>\n\t\t\t\t\t\t\t\t\t<\/div>\n\t\t\t\t\t\t<\/div>\n\t\t\t\t<\/div>\n\t\t\t\t<\/div>\n\t\t<div class=\"elementor-element elementor-element-3e8a7fe e-grid e-con-full elementor-hidden-mobile e-con e-child\" data-id=\"3e8a7fe\" data-element_type=\"container\" data-e-type=\"container\">\n\t\t\t\t<div class=\"elementor-element elementor-element-d8f2fa5 elementor-position-top elementor-position-top elementor-widget elementor-widget-image-box\" data-id=\"d8f2fa5\" data-element_type=\"widget\" data-e-type=\"widget\" data-widget_type=\"image-box.default\">\n\t\t\t\t\t<div class=\"elementor-image-box-wrapper\"><figure class=\"elementor-image-box-img\"><img decoding=\"async\" width=\"300\" height=\"300\" src=\"https:\/\/fjori.kostricani.com\/medicare\/wp-content\/uploads\/2026\/01\/1.1.png\" class=\"attachment-full size-full wp-image-2201\" alt=\"Grafi konvencionale\" srcset=\"https:\/\/fjori.kostricani.com\/medicare\/wp-content\/uploads\/2026\/01\/1.1.png 300w, https:\/\/fjori.kostricani.com\/medicare\/wp-content\/uploads\/2026\/01\/1.1-150x150.png 150w\" sizes=\"(max-width: 300px) 100vw, 300px\" \/><\/figure><div class=\"elementor-image-box-content\"><h3 class=\"elementor-image-box-title\">Grafi konvencionale<\/h3><\/div><\/div>\t\t\t\t<\/div>\n\t\t\t\t<div class=\"elementor-element elementor-element-56cdac6 elementor-position-top elementor-position-top elementor-widget elementor-widget-image-box\" data-id=\"56cdac6\" data-element_type=\"widget\" data-e-type=\"widget\" data-widget_type=\"image-box.default\">\n\t\t\t\t\t<div class=\"elementor-image-box-wrapper\"><figure class=\"elementor-image-box-img\"><img decoding=\"async\" width=\"300\" height=\"300\" src=\"https:\/\/fjori.kostricani.com\/medicare\/wp-content\/uploads\/2026\/01\/3.png\" class=\"attachment-full size-full wp-image-2121\" alt=\"Ekografi\" srcset=\"https:\/\/fjori.kostricani.com\/medicare\/wp-content\/uploads\/2026\/01\/3.png 300w, https:\/\/fjori.kostricani.com\/medicare\/wp-content\/uploads\/2026\/01\/3-150x150.png 150w\" sizes=\"(max-width: 300px) 100vw, 300px\" \/><\/figure><div class=\"elementor-image-box-content\"><h3 class=\"elementor-image-box-title\">Ekografi<\/h3><\/div><\/div>\t\t\t\t<\/div>\n\t\t\t\t<div class=\"elementor-element elementor-element-106e8c0 elementor-position-top elementor-position-top elementor-widget elementor-widget-image-box\" data-id=\"106e8c0\" data-element_type=\"widget\" data-e-type=\"widget\" data-widget_type=\"image-box.default\">\n\t\t\t\t\t<div class=\"elementor-image-box-wrapper\"><figure class=\"elementor-image-box-img\"><img loading=\"lazy\" decoding=\"async\" width=\"300\" height=\"300\" src=\"https:\/\/fjori.kostricani.com\/medicare\/wp-content\/uploads\/2026\/01\/1.2.png\" class=\"attachment-full size-full wp-image-2200\" alt=\"\" srcset=\"https:\/\/fjori.kostricani.com\/medicare\/wp-content\/uploads\/2026\/01\/1.2.png 300w, https:\/\/fjori.kostricani.com\/medicare\/wp-content\/uploads\/2026\/01\/1.2-150x150.png 150w\" sizes=\"(max-width: 300px) 100vw, 300px\" \/><\/figure><div class=\"elementor-image-box-content\"><h3 class=\"elementor-image-box-title\">Konsult\u00eb kardiologu<\/h3><\/div><\/div>\t\t\t\t<\/div>\n\t\t\t\t<div class=\"elementor-element elementor-element-62e3f3c elementor-position-top elementor-position-top elementor-widget elementor-widget-image-box\" data-id=\"62e3f3c\" data-element_type=\"widget\" data-e-type=\"widget\" data-widget_type=\"image-box.default\">\n\t\t\t\t\t<div class=\"elementor-image-box-wrapper\"><figure class=\"elementor-image-box-img\"><img loading=\"lazy\" decoding=\"async\" width=\"300\" height=\"300\" src=\"https:\/\/fjori.kostricani.com\/medicare\/wp-content\/uploads\/2026\/01\/gj.png\" class=\"attachment-full size-full wp-image-2208\" alt=\"\" srcset=\"https:\/\/fjori.kostricani.com\/medicare\/wp-content\/uploads\/2026\/01\/gj.png 300w, https:\/\/fjori.kostricani.com\/medicare\/wp-content\/uploads\/2026\/01\/gj-150x150.png 150w\" sizes=\"(max-width: 300px) 100vw, 300px\" \/><\/figure><div class=\"elementor-image-box-content\"><h3 class=\"elementor-image-box-title\">Konsult\u00eb gjinekologu<\/h3><\/div><\/div>\t\t\t\t<\/div>\n\t\t\t\t<div class=\"elementor-element elementor-element-92587d8 elementor-position-top elementor-position-top elementor-widget elementor-widget-image-box\" data-id=\"92587d8\" data-element_type=\"widget\" data-e-type=\"widget\" data-widget_type=\"image-box.default\">\n\t\t\t\t\t<div class=\"elementor-image-box-wrapper\"><figure class=\"elementor-image-box-img\"><img loading=\"lazy\" decoding=\"async\" width=\"300\" height=\"300\" src=\"https:\/\/fjori.kostricani.com\/medicare\/wp-content\/uploads\/2026\/01\/7.png\" class=\"attachment-full size-full wp-image-2161\" alt=\"Konsult\u00eb pneumologu\" srcset=\"https:\/\/fjori.kostricani.com\/medicare\/wp-content\/uploads\/2026\/01\/7.png 300w, https:\/\/fjori.kostricani.com\/medicare\/wp-content\/uploads\/2026\/01\/7-150x150.png 150w\" sizes=\"(max-width: 300px) 100vw, 300px\" \/><\/figure><div class=\"elementor-image-box-content\"><h3 class=\"elementor-image-box-title\">Konsult\u00eb pneumologu<\/h3><\/div><\/div>\t\t\t\t<\/div>\n\t\t\t\t<div class=\"elementor-element elementor-element-3ee7ac4 elementor-position-top elementor-position-top elementor-widget elementor-widget-image-box\" data-id=\"3ee7ac4\" data-element_type=\"widget\" data-e-type=\"widget\" data-widget_type=\"image-box.default\">\n\t\t\t\t\t<div class=\"elementor-image-box-wrapper\"><figure class=\"elementor-image-box-img\"><img loading=\"lazy\" decoding=\"async\" width=\"300\" height=\"300\" src=\"https:\/\/fjori.kostricani.com\/medicare\/wp-content\/uploads\/2026\/01\/1.6.png\" class=\"attachment-full size-full wp-image-2198\" alt=\"\" srcset=\"https:\/\/fjori.kostricani.com\/medicare\/wp-content\/uploads\/2026\/01\/1.6.png 300w, https:\/\/fjori.kostricani.com\/medicare\/wp-content\/uploads\/2026\/01\/1.6-150x150.png 150w\" sizes=\"(max-width: 300px) 100vw, 300px\" \/><\/figure><div class=\"elementor-image-box-content\"><h3 class=\"elementor-image-box-title\">Konsult\u00eb neurolog \/ EMG<\/h3><\/div><\/div>\t\t\t\t<\/div>\n\t\t\t\t<div class=\"elementor-element elementor-element-fbe1d3b elementor-position-top elementor-position-top elementor-widget elementor-widget-image-box\" data-id=\"fbe1d3b\" data-element_type=\"widget\" data-e-type=\"widget\" data-widget_type=\"image-box.default\">\n\t\t\t\t\t<div class=\"elementor-image-box-wrapper\"><figure class=\"elementor-image-box-img\"><img loading=\"lazy\" decoding=\"async\" width=\"300\" height=\"300\" src=\"https:\/\/fjori.kostricani.com\/medicare\/wp-content\/uploads\/2026\/01\/1.7.png\" class=\"attachment-full size-full wp-image-2197\" alt=\"\" srcset=\"https:\/\/fjori.kostricani.com\/medicare\/wp-content\/uploads\/2026\/01\/1.7.png 300w, https:\/\/fjori.kostricani.com\/medicare\/wp-content\/uploads\/2026\/01\/1.7-150x150.png 150w\" sizes=\"(max-width: 300px) 100vw, 300px\" \/><\/figure><div class=\"elementor-image-box-content\"><h3 class=\"elementor-image-box-title\">Fizioterapi<\/h3><\/div><\/div>\t\t\t\t<\/div>\n\t\t\t\t<div class=\"elementor-element elementor-element-f1c7f22 elementor-position-top elementor-position-top elementor-widget elementor-widget-image-box\" data-id=\"f1c7f22\" data-element_type=\"widget\" data-e-type=\"widget\" data-widget_type=\"image-box.default\">\n\t\t\t\t\t<div class=\"elementor-image-box-wrapper\"><figure class=\"elementor-image-box-img\"><img loading=\"lazy\" decoding=\"async\" width=\"300\" height=\"300\" src=\"https:\/\/fjori.kostricani.com\/medicare\/wp-content\/uploads\/2026\/01\/1.9.png\" class=\"attachment-full size-full wp-image-2195\" alt=\"\" srcset=\"https:\/\/fjori.kostricani.com\/medicare\/wp-content\/uploads\/2026\/01\/1.9.png 300w, https:\/\/fjori.kostricani.com\/medicare\/wp-content\/uploads\/2026\/01\/1.9-150x150.png 150w\" sizes=\"(max-width: 300px) 100vw, 300px\" \/><\/figure><div class=\"elementor-image-box-content\"><h3 class=\"elementor-image-box-title\">Laborator analizash<\/h3><\/div><\/div>\t\t\t\t<\/div>\n\t\t\t\t<\/div>\n\t\t\t\t<\/div>\n\t\t\t\t\t<\/div>\n\t\t\t\t<\/div>\n\t\t<div class=\"elementor-element elementor-element-64ef338 e-flex e-con-boxed e-con e-parent\" data-id=\"64ef338\" data-element_type=\"container\" data-e-type=\"container\">\n\t\t\t\t\t<div class=\"e-con-inner\">\n\t\t<div class=\"elementor-element elementor-element-efabfae e-con-full e-flex e-con e-child\" data-id=\"efabfae\" data-element_type=\"container\" data-e-type=\"container\">\n\t\t\t\t<div class=\"elementor-element elementor-element-4f044cb elementor-widget__width-initial elementor-widget elementor-widget-elementskit-heading\" data-id=\"4f044cb\" data-element_type=\"widget\" data-e-type=\"widget\" data-widget_type=\"elementskit-heading.default\">\n\t\t\t\t\t<div class=\"ekit-wid-con\" ><div class=\"ekit-heading elementskit-section-title-wraper text_left   ekit_heading_tablet-   ekit_heading_mobile-\"><h2 class=\"ekit-heading--title elementskit-section-title \">Rezervoni nj\u00eb takim pran\u00eb <span><span>Qendr\u00ebs Diagnostikuese Medicare<\/span><\/span><\/h2>\t\t\t\t<div class='ekit-heading__description'>\n\t\t\t\t\t<p>Klinika MEDICARE \u00ebsht\u00eb e angazhuar p\u00ebr t\u00eb ofruar kujdesin m\u00eb t\u00eb mir\u00eb sh\u00ebndet\u00ebsor p\u00ebr pacient\u00ebt e saj, duke p\u00ebrdorur teknologjin\u00eb m\u00eb t\u00eb avancuar dhe duke siguruar nj\u00eb mjedis t\u00eb sigurt dhe t\u00eb rehatsh\u00ebm p\u00ebr vizitat dhe trajtimet.<\/p>\n\t\t\t\t<\/div>\n\t\t\t<\/div><\/div>\t\t\t\t<\/div>\n\t\t\t\t<div class=\"elementor-element elementor-element-23bc4bb elementor-align-right elementor-align--mobilecenter elementor-widget-tablet__width-inherit elementor-widget-mobile__width-auto elementor-widget elementor-widget-elementskit-button\" data-id=\"23bc4bb\" data-element_type=\"widget\" data-e-type=\"widget\" data-widget_type=\"elementskit-button.default\">\n\t\t\t\t\t<div class=\"ekit-wid-con\" >\t\t<div class=\"ekit-btn-wraper\">\n\t\t\t\t\t\t\t<a href=\"\/medicare\/kontaktoni\/\" class=\"elementskit-btn  whitespace--normal\" id=\"\">\n\t\t\t\t\tNa Kontaktoni<svg class=\"fas ekit-svg-icon icon-right-arrow\" viewBox=\"0 0 32 32\" xmlns=\"http:\/\/www.w3.org\/2000\/svg\"><path d=\"M21.548 5.088c-0.436-0.451-1.162-0.451-1.613 0-0.436 0.436-0.436 1.162 0 1.596l8.177 8.177h-26.984c-0.629 0.001-1.129 0.501-1.129 1.13s0.5 1.145 1.129 1.145h26.984l-8.177 8.162c-0.436 0.451-0.436 1.178 0 1.613 0.451 0.451 1.178 0.451 1.613 0l10.113-10.113c0.451-0.436 0.451-1.162 0-1.596l-10.113-10.114z\"><\/path><\/svg>\t\t\t\t<\/a>\n\t\t\t\t\t<\/div>\n        <\/div>\t\t\t\t<\/div>\n\t\t\t\t<\/div>\n\t\t\t\t\t<\/div>\n\t\t\t\t<\/div>\n\t\t\t\t<\/div>\n\t\t\n    <div class=\"xs_social_share_widget xs_share_url after_content \t\tmain_content  wslu-style-1 wslu-share-box-shaped wslu-fill-colored wslu-none wslu-share-horizontal wslu-theme-font-no wslu-main_content\">\n\n\t\t\n        <ul>\n\t\t\t        <\/ul>\n    <\/div> \n","protected":false},"excerpt":{"rendered":"<p>Kryefaqja \/ Qendra Medicare Shkod\u00ebr Qendra Medicare Shkod\u00ebr Klinika MEDICARE n\u00eb Shkod\u00ebr u hap n\u00eb n\u00ebntor 2005. E pozicionuar n\u00eb af\u00ebrsi t\u00eb spitalit rajonal t\u00eb Shkodr\u00ebs, klinika jon\u00eb sh\u00ebrben si pik\u00eb referuese p\u00ebr t\u00eb gjith\u00eb veriun e Shqip\u00ebris\u00eb p\u00ebr sh\u00ebrbimet q\u00eb mbulon. Sh\u00ebrbimet mjek\u00ebsore n\u00eb Medicare Shkod\u00ebr p\u00ebrfshijn\u00eb: Grafi konvencionale Ekografi Konsult\u00eb kardiologu Konsult\u00eb gjinekologu [&hellip;]<\/p>\n","protected":false},"author":1,"featured_media":0,"parent":0,"menu_order":0,"comment_status":"closed","ping_status":"closed","template":"elementor_header_footer","meta":{"footnotes":""},"class_list":["post-331","page","type-page","status-publish","hentry"],"_links":{"self":[{"href":"https:\/\/fjori.kostricani.com\/medicare\/wp-json\/wp\/v2\/pages\/331","targetHints":{"allow":["GET"]}}],"collection":[{"href":"https:\/\/fjori.kostricani.com\/medicare\/wp-json\/wp\/v2\/pages"}],"about":[{"href":"https:\/\/fjori.kostricani.com\/medicare\/wp-json\/wp\/v2\/types\/page"}],"author":[{"embeddable":true,"href":"https:\/\/fjori.kostricani.com\/medicare\/wp-json\/wp\/v2\/users\/1"}],"replies":[{"embeddable":true,"href":"https:\/\/fjori.kostricani.com\/medicare\/wp-json\/wp\/v2\/comments?post=331"}],"version-history":[{"count":76,"href":"https:\/\/fjori.kostricani.com\/medicare\/wp-json\/wp\/v2\/pages\/331\/revisions"}],"predecessor-version":[{"id":3875,"href":"https:\/\/fjori.kostricani.com\/medicare\/wp-json\/wp\/v2\/pages\/331\/revisions\/3875"}],"wp:attachment":[{"href":"https:\/\/fjori.kostricani.com\/medicare\/wp-json\/wp\/v2\/media?parent=331"}],"curies":[{"name":"wp","href":"https:\/\/api.w.org\/{rel}","templated":true}]}}