{"id":335,"date":"2026-01-26T07:49:02","date_gmt":"2026-01-26T07:49:02","guid":{"rendered":"https:\/\/fjori.kostricani.com\/medicare\/?page_id=335"},"modified":"2026-03-05T13:38:06","modified_gmt":"2026-03-05T13:38:06","slug":"qendra-medicare-berat","status":"publish","type":"page","link":"https:\/\/fjori.kostricani.com\/medicare\/qendra-medicare-berat\/","title":{"rendered":"Qendra Medicare Berat"},"content":{"rendered":"\t\t<div data-elementor-type=\"wp-page\" data-elementor-id=\"335\" class=\"elementor elementor-335\" data-elementor-post-type=\"page\">\n\t\t\t\t<div class=\"elementor-element elementor-element-9b35809 e-flex e-con-boxed e-con e-parent\" data-id=\"9b35809\" data-element_type=\"container\" data-e-type=\"container\" data-settings=\"{&quot;background_background&quot;:&quot;classic&quot;}\">\n\t\t\t\t\t<div class=\"e-con-inner\">\n\t\t\t\t<div class=\"elementor-element elementor-element-87edee8 elementor-widget elementor-widget-spacer\" data-id=\"87edee8\" data-element_type=\"widget\" data-e-type=\"widget\" data-widget_type=\"spacer.default\">\n\t\t\t\t\t\t\t<div class=\"elementor-spacer\">\n\t\t\t<div class=\"elementor-spacer-inner\"><\/div>\n\t\t<\/div>\n\t\t\t\t\t\t<\/div>\n\t\t\t\t<div class=\"elementor-element elementor-element-c813562 elementor-widget elementor-widget-text-editor\" data-id=\"c813562\" data-element_type=\"widget\" data-e-type=\"widget\" data-widget_type=\"text-editor.default\">\n\t\t\t\t\t\t\t\t\t<p><a href=\"\/\">Kryefaqja<\/a> \/ <strong>Qendra Medicare Berat<\/strong><\/p>\t\t\t\t\t\t\t\t<\/div>\n\t\t\t\t\t<\/div>\n\t\t\t\t<\/div>\n\t\t<div class=\"elementor-element elementor-element-6b006ff e-flex e-con-boxed e-con e-parent\" data-id=\"6b006ff\" data-element_type=\"container\" data-e-type=\"container\">\n\t\t\t\t\t<div class=\"e-con-inner\">\n\t\t<div class=\"elementor-element elementor-element-7b45641 e-con-full e-flex e-con e-child\" data-id=\"7b45641\" data-element_type=\"container\" data-e-type=\"container\">\n\t\t\t\t<div class=\"elementor-element elementor-element-8e5af93 elementor-widget elementor-widget-image\" data-id=\"8e5af93\" data-element_type=\"widget\" data-e-type=\"widget\" data-widget_type=\"image.default\">\n\t\t\t\t\t\t\t\t\t\t\t\t\t\t\t<img fetchpriority=\"high\" decoding=\"async\" width=\"800\" height=\"800\" src=\"https:\/\/fjori.kostricani.com\/medicare\/wp-content\/uploads\/2026\/01\/logo-medicare-1024x1024-1.png\" class=\"attachment-large size-large wp-image-1609\" alt=\"\" srcset=\"https:\/\/fjori.kostricani.com\/medicare\/wp-content\/uploads\/2026\/01\/logo-medicare-1024x1024-1.png 1024w, https:\/\/fjori.kostricani.com\/medicare\/wp-content\/uploads\/2026\/01\/logo-medicare-1024x1024-1-300x300.png 300w, https:\/\/fjori.kostricani.com\/medicare\/wp-content\/uploads\/2026\/01\/logo-medicare-1024x1024-1-150x150.png 150w, https:\/\/fjori.kostricani.com\/medicare\/wp-content\/uploads\/2026\/01\/logo-medicare-1024x1024-1-768x768.png 768w\" sizes=\"(max-width: 800px) 100vw, 800px\" \/>\t\t\t\t\t\t\t\t\t\t\t\t\t\t\t<\/div>\n\t\t\t\t<\/div>\n\t\t<div class=\"elementor-element elementor-element-4abc6f7 e-con-full e-flex e-con e-child\" data-id=\"4abc6f7\" data-element_type=\"container\" data-e-type=\"container\">\n\t\t\t\t<div class=\"elementor-element elementor-element-7d92437 elementor-widget elementor-widget-heading\" data-id=\"7d92437\" data-element_type=\"widget\" data-e-type=\"widget\" data-widget_type=\"heading.default\">\n\t\t\t\t\t<h2 class=\"elementor-heading-title elementor-size-default\">Qendra Medicare Berat<\/h2>\t\t\t\t<\/div>\n\t\t\t\t<div class=\"elementor-element elementor-element-ae72213 elementor-widget elementor-widget-text-editor\" data-id=\"ae72213\" data-element_type=\"widget\" data-e-type=\"widget\" data-widget_type=\"text-editor.default\">\n\t\t\t\t\t\t\t\t\t<p data-start=\"27\" data-end=\"222\">Klinika <strong data-start=\"35\" data-end=\"56\">MEDICARE n\u00eb Berat<\/strong> u hap n\u00eb korrik 2010. Me vendndodhje pran\u00eb spitalit rajonal t\u00eb Beratit, klinika jon\u00eb ofron sh\u00ebrbimet e saj p\u00ebr t\u00eb gjith\u00eb qytetar\u00ebt e k\u00ebtij qyteti dhe zonave p\u00ebrreth.<\/p><p data-start=\"224\" data-end=\"390\">E pajisur me nj\u00eb infrastruktur\u00eb moderne dhe me teknologjin\u00eb m\u00eb t\u00eb fundit n\u00eb fush\u00ebn e diagnostik\u00ebs mjek\u00ebsore, klinika garanton marrjen e nj\u00eb sh\u00ebrbimi mjek\u00ebsor cil\u00ebsor.<\/p><p><span style=\"text-decoration: underline;\">Sh\u00ebrbimet e ofruara p\u00ebrfshijn\u00eb:<\/span><\/p>\t\t\t\t\t\t\t\t<\/div>\n\t\t<div class=\"elementor-element elementor-element-354bf81 e-con-full e-flex e-con e-child\" data-id=\"354bf81\" data-element_type=\"container\" data-e-type=\"container\">\n\t\t<div class=\"elementor-element elementor-element-0fe6255 e-con-full elementor-hidden-desktop elementor-hidden-tablet e-flex e-con e-child\" data-id=\"0fe6255\" data-element_type=\"container\" data-e-type=\"container\">\n\t\t\t\t<div class=\"elementor-element elementor-element-f5c8277 elementor-pagination-position-outside elementor-widget elementor-widget-image-carousel\" data-id=\"f5c8277\" data-element_type=\"widget\" data-e-type=\"widget\" data-settings=\"{&quot;navigation&quot;:&quot;dots&quot;,&quot;autoplay&quot;:&quot;yes&quot;,&quot;pause_on_hover&quot;:&quot;yes&quot;,&quot;pause_on_interaction&quot;:&quot;yes&quot;,&quot;autoplay_speed&quot;:5000,&quot;infinite&quot;:&quot;yes&quot;,&quot;speed&quot;:500}\" data-widget_type=\"image-carousel.default\">\n\t\t\t\t\t\t\t<div class=\"elementor-image-carousel-wrapper swiper\" role=\"region\" aria-roledescription=\"carousel\" aria-label=\"Image Carousel\" dir=\"ltr\">\n\t\t\t<div class=\"elementor-image-carousel swiper-wrapper\" aria-live=\"off\">\n\t\t\t\t\t\t\t\t<div class=\"swiper-slide\" role=\"group\" aria-roledescription=\"slide\" aria-label=\"1 of 2\"><figure class=\"swiper-slide-inner\"><img decoding=\"async\" class=\"swiper-slide-image\" src=\"https:\/\/fjori.kostricani.com\/medicare\/wp-content\/uploads\/2026\/01\/2-150x150.png\" alt=\"Tomografi e kompjuterizuar (skaner)\" \/><figcaption class=\"elementor-image-carousel-caption\">Tomografi e kompjuterizuar (skaner)<\/figcaption><\/figure><\/div><div class=\"swiper-slide\" role=\"group\" aria-roledescription=\"slide\" aria-label=\"2 of 2\"><figure class=\"swiper-slide-inner\"><img decoding=\"async\" class=\"swiper-slide-image\" src=\"https:\/\/fjori.kostricani.com\/medicare\/wp-content\/uploads\/2026\/01\/1.1-150x150.png\" alt=\"Grafi konvencionale\" \/><figcaption class=\"elementor-image-carousel-caption\">Grafi konvencionale<\/figcaption><\/figure><\/div>\t\t\t<\/div>\n\t\t\t\t\t\t\t\n\t\t\t\t\t\t\t\t\t<div class=\"swiper-pagination\"><\/div>\n\t\t\t\t\t\t\t\t\t<\/div>\n\t\t\t\t\t\t<\/div>\n\t\t\t\t<\/div>\n\t\t\t\t<\/div>\n\t\t<div class=\"elementor-element elementor-element-87b988a e-grid e-con-full elementor-hidden-mobile e-con e-child\" data-id=\"87b988a\" data-element_type=\"container\" data-e-type=\"container\">\n\t\t\t\t<div class=\"elementor-element elementor-element-2c6ccaa elementor-position-top elementor-position-top elementor-widget elementor-widget-image-box\" data-id=\"2c6ccaa\" data-element_type=\"widget\" data-e-type=\"widget\" data-widget_type=\"image-box.default\">\n\t\t\t\t\t<div class=\"elementor-image-box-wrapper\"><figure class=\"elementor-image-box-img\"><img decoding=\"async\" width=\"300\" height=\"300\" src=\"https:\/\/fjori.kostricani.com\/medicare\/wp-content\/uploads\/2026\/01\/2.png\" class=\"attachment-full size-full wp-image-2120\" alt=\"Tomografi e kompjuterizuar (skaner)\" srcset=\"https:\/\/fjori.kostricani.com\/medicare\/wp-content\/uploads\/2026\/01\/2.png 300w, https:\/\/fjori.kostricani.com\/medicare\/wp-content\/uploads\/2026\/01\/2-150x150.png 150w\" sizes=\"(max-width: 300px) 100vw, 300px\" \/><\/figure><div class=\"elementor-image-box-content\"><h3 class=\"elementor-image-box-title\">Tomografi e kompjuterizuar (skaner)<\/h3><\/div><\/div>\t\t\t\t<\/div>\n\t\t\t\t<div class=\"elementor-element elementor-element-d74e627 elementor-position-top elementor-position-top elementor-widget elementor-widget-image-box\" data-id=\"d74e627\" data-element_type=\"widget\" data-e-type=\"widget\" data-widget_type=\"image-box.default\">\n\t\t\t\t\t<div class=\"elementor-image-box-wrapper\"><figure class=\"elementor-image-box-img\"><img decoding=\"async\" width=\"300\" height=\"300\" src=\"https:\/\/fjori.kostricani.com\/medicare\/wp-content\/uploads\/2026\/01\/1.1.png\" class=\"attachment-full size-full wp-image-2201\" alt=\"Grafi konvencionale\" srcset=\"https:\/\/fjori.kostricani.com\/medicare\/wp-content\/uploads\/2026\/01\/1.1.png 300w, https:\/\/fjori.kostricani.com\/medicare\/wp-content\/uploads\/2026\/01\/1.1-150x150.png 150w\" sizes=\"(max-width: 300px) 100vw, 300px\" \/><\/figure><div class=\"elementor-image-box-content\"><h3 class=\"elementor-image-box-title\">Grafi konvencionale<\/h3><\/div><\/div>\t\t\t\t<\/div>\n\t\t\t\t<\/div>\n\t\t\t\t<\/div>\n\t\t\t\t\t<\/div>\n\t\t\t\t<\/div>\n\t\t<div class=\"elementor-element elementor-element-d634e47 e-flex e-con-boxed e-con e-parent\" data-id=\"d634e47\" data-element_type=\"container\" data-e-type=\"container\">\n\t\t\t\t\t<div class=\"e-con-inner\">\n\t\t<div class=\"elementor-element elementor-element-0e1303e e-con-full e-flex e-con e-child\" data-id=\"0e1303e\" data-element_type=\"container\" data-e-type=\"container\">\n\t\t\t\t<div class=\"elementor-element elementor-element-f7b7945 elementor-widget__width-initial elementor-widget elementor-widget-elementskit-heading\" data-id=\"f7b7945\" data-element_type=\"widget\" data-e-type=\"widget\" data-widget_type=\"elementskit-heading.default\">\n\t\t\t\t\t<div class=\"ekit-wid-con\" ><div class=\"ekit-heading elementskit-section-title-wraper text_left   ekit_heading_tablet-   ekit_heading_mobile-\"><h2 class=\"ekit-heading--title elementskit-section-title \">Rezervoni nj\u00eb takim pran\u00eb <span><span>Qendr\u00ebs Diagnostikuese Medicare<\/span><\/span><\/h2>\t\t\t\t<div class='ekit-heading__description'>\n\t\t\t\t\t<p>Klinika MEDICARE \u00ebsht\u00eb e angazhuar p\u00ebr t\u00eb ofruar kujdesin m\u00eb t\u00eb mir\u00eb sh\u00ebndet\u00ebsor p\u00ebr pacient\u00ebt e saj, duke p\u00ebrdorur teknologjin\u00eb m\u00eb t\u00eb avancuar dhe duke siguruar nj\u00eb mjedis t\u00eb sigurt dhe t\u00eb rehatsh\u00ebm p\u00ebr vizitat dhe trajtimet.<\/p>\n\t\t\t\t<\/div>\n\t\t\t<\/div><\/div>\t\t\t\t<\/div>\n\t\t\t\t<div class=\"elementor-element elementor-element-17f873d elementor-align-right elementor-align--mobilecenter elementor-widget-tablet__width-inherit elementor-widget-mobile__width-auto elementor-widget elementor-widget-elementskit-button\" data-id=\"17f873d\" data-element_type=\"widget\" data-e-type=\"widget\" data-widget_type=\"elementskit-button.default\">\n\t\t\t\t\t<div class=\"ekit-wid-con\" >\t\t<div class=\"ekit-btn-wraper\">\n\t\t\t\t\t\t\t<a href=\"\/medicare\/kontaktoni\/\" class=\"elementskit-btn  whitespace--normal\" id=\"\">\n\t\t\t\t\tNa Kontaktoni<svg class=\"fas ekit-svg-icon icon-right-arrow\" viewBox=\"0 0 32 32\" xmlns=\"http:\/\/www.w3.org\/2000\/svg\"><path d=\"M21.548 5.088c-0.436-0.451-1.162-0.451-1.613 0-0.436 0.436-0.436 1.162 0 1.596l8.177 8.177h-26.984c-0.629 0.001-1.129 0.501-1.129 1.13s0.5 1.145 1.129 1.145h26.984l-8.177 8.162c-0.436 0.451-0.436 1.178 0 1.613 0.451 0.451 1.178 0.451 1.613 0l10.113-10.113c0.451-0.436 0.451-1.162 0-1.596l-10.113-10.114z\"><\/path><\/svg>\t\t\t\t<\/a>\n\t\t\t\t\t<\/div>\n        <\/div>\t\t\t\t<\/div>\n\t\t\t\t<\/div>\n\t\t\t\t\t<\/div>\n\t\t\t\t<\/div>\n\t\t\t\t<\/div>\n\t\t\n    <div class=\"xs_social_share_widget xs_share_url after_content \t\tmain_content  wslu-style-1 wslu-share-box-shaped wslu-fill-colored wslu-none wslu-share-horizontal wslu-theme-font-no wslu-main_content\">\n\n\t\t\n        <ul>\n\t\t\t        <\/ul>\n    <\/div> \n","protected":false},"excerpt":{"rendered":"<p>Kryefaqja \/ Qendra Medicare Berat Qendra Medicare Berat Klinika MEDICARE n\u00eb Berat u hap n\u00eb korrik 2010. Me vendndodhje pran\u00eb spitalit rajonal t\u00eb Beratit, klinika jon\u00eb ofron sh\u00ebrbimet e saj p\u00ebr t\u00eb gjith\u00eb qytetar\u00ebt e k\u00ebtij qyteti dhe zonave p\u00ebrreth. E pajisur me nj\u00eb infrastruktur\u00eb moderne dhe me teknologjin\u00eb m\u00eb t\u00eb fundit n\u00eb fush\u00ebn e [&hellip;]<\/p>\n","protected":false},"author":1,"featured_media":0,"parent":0,"menu_order":0,"comment_status":"closed","ping_status":"closed","template":"elementor_header_footer","meta":{"footnotes":""},"class_list":["post-335","page","type-page","status-publish","hentry"],"_links":{"self":[{"href":"https:\/\/fjori.kostricani.com\/medicare\/wp-json\/wp\/v2\/pages\/335","targetHints":{"allow":["GET"]}}],"collection":[{"href":"https:\/\/fjori.kostricani.com\/medicare\/wp-json\/wp\/v2\/pages"}],"about":[{"href":"https:\/\/fjori.kostricani.com\/medicare\/wp-json\/wp\/v2\/types\/page"}],"author":[{"embeddable":true,"href":"https:\/\/fjori.kostricani.com\/medicare\/wp-json\/wp\/v2\/users\/1"}],"replies":[{"embeddable":true,"href":"https:\/\/fjori.kostricani.com\/medicare\/wp-json\/wp\/v2\/comments?post=335"}],"version-history":[{"count":76,"href":"https:\/\/fjori.kostricani.com\/medicare\/wp-json\/wp\/v2\/pages\/335\/revisions"}],"predecessor-version":[{"id":3878,"href":"https:\/\/fjori.kostricani.com\/medicare\/wp-json\/wp\/v2\/pages\/335\/revisions\/3878"}],"wp:attachment":[{"href":"https:\/\/fjori.kostricani.com\/medicare\/wp-json\/wp\/v2\/media?parent=335"}],"curies":[{"name":"wp","href":"https:\/\/api.w.org\/{rel}","templated":true}]}}