{"id":337,"date":"2026-01-26T07:49:35","date_gmt":"2026-01-26T07:49:35","guid":{"rendered":"https:\/\/fjori.kostricani.com\/medicare\/?page_id=337"},"modified":"2026-03-05T13:36:59","modified_gmt":"2026-03-05T13:36:59","slug":"kontaktoni","status":"publish","type":"page","link":"https:\/\/fjori.kostricani.com\/medicare\/kontaktoni\/","title":{"rendered":"Kontaktoni"},"content":{"rendered":"\t\t<div data-elementor-type=\"wp-page\" data-elementor-id=\"337\" class=\"elementor elementor-337\" data-elementor-post-type=\"page\">\n\t\t\t\t<div class=\"elementor-element elementor-element-3484e1b e-flex e-con-boxed e-con e-parent\" data-id=\"3484e1b\" data-element_type=\"container\" data-e-type=\"container\" data-settings=\"{&quot;background_background&quot;:&quot;classic&quot;}\">\n\t\t\t\t\t<div class=\"e-con-inner\">\n\t\t\t\t<div class=\"elementor-element elementor-element-b8f4e3d elementor-widget elementor-widget-spacer\" data-id=\"b8f4e3d\" data-element_type=\"widget\" data-e-type=\"widget\" data-widget_type=\"spacer.default\">\n\t\t\t\t\t\t\t<div class=\"elementor-spacer\">\n\t\t\t<div class=\"elementor-spacer-inner\"><\/div>\n\t\t<\/div>\n\t\t\t\t\t\t<\/div>\n\t\t\t\t<div class=\"elementor-element elementor-element-7996735 elementor-widget elementor-widget-text-editor\" data-id=\"7996735\" data-element_type=\"widget\" data-e-type=\"widget\" data-widget_type=\"text-editor.default\">\n\t\t\t\t\t\t\t\t\t<p><a href=\"\/\">Kryefaqja<\/a> \/ <strong>Kontakt<\/strong><\/p>\t\t\t\t\t\t\t\t<\/div>\n\t\t\t\t\t<\/div>\n\t\t\t\t<\/div>\n\t\t<div class=\"elementor-element elementor-element-9499922 e-flex e-con-boxed e-con e-parent\" data-id=\"9499922\" data-element_type=\"container\" data-e-type=\"container\">\n\t\t\t\t\t<div class=\"e-con-inner\">\n\t\t\t\t<div class=\"elementor-element elementor-element-42791fa elementor-widget elementor-widget-heading\" data-id=\"42791fa\" data-element_type=\"widget\" data-e-type=\"widget\" data-widget_type=\"heading.default\">\n\t\t\t\t\t<h2 class=\"elementor-heading-title elementor-size-default\">Kontakto<\/h2>\t\t\t\t<\/div>\n\t\t\t\t<div class=\"elementor-element elementor-element-9eb0bee elementor-widget elementor-widget-text-editor\" data-id=\"9eb0bee\" data-element_type=\"widget\" data-e-type=\"widget\" data-widget_type=\"text-editor.default\">\n\t\t\t\t\t\t\t\t\t<p>Rezervoni nj\u00eb takim pran\u00eb\u00a0Qendr\u00ebs Diagnostikuese Medicare<\/p>\t\t\t\t\t\t\t\t<\/div>\n\t\t\t\t<div class=\"elementor-element elementor-element-513c6fb elementor-button-align-stretch elementor-widget elementor-widget-form\" data-id=\"513c6fb\" data-element_type=\"widget\" data-e-type=\"widget\" data-settings=\"{&quot;step_next_label&quot;:&quot;Next&quot;,&quot;step_previous_label&quot;:&quot;Previous&quot;,&quot;button_width&quot;:&quot;100&quot;,&quot;step_type&quot;:&quot;number_text&quot;,&quot;step_icon_shape&quot;:&quot;circle&quot;}\" data-widget_type=\"form.default\">\n\t\t\t\t\t\t\t<form class=\"elementor-form\" method=\"post\" name=\"New Form\" aria-label=\"New Form\">\n\t\t\t<input type=\"hidden\" name=\"post_id\" value=\"337\"\/>\n\t\t\t<input type=\"hidden\" name=\"form_id\" value=\"513c6fb\"\/>\n\t\t\t<input type=\"hidden\" name=\"referer_title\" value=\"Kontaktoni\" \/>\n\n\t\t\t\t\t\t\t<input type=\"hidden\" name=\"queried_id\" value=\"337\"\/>\n\t\t\t\n\t\t\t<div class=\"elementor-form-fields-wrapper elementor-labels-\">\n\t\t\t\t\t\t\t\t<div class=\"elementor-field-type-text elementor-field-group elementor-column elementor-field-group-name elementor-col-33 elementor-field-required\">\n\t\t\t\t\t\t\t\t\t\t\t\t<label for=\"form-field-name\" class=\"elementor-field-label elementor-screen-only\">\n\t\t\t\t\t\t\t\tEm\u00ebr\t\t\t\t\t\t\t<\/label>\n\t\t\t\t\t\t\t\t\t\t\t\t\t\t<input size=\"1\" type=\"text\" name=\"form_fields[name]\" id=\"form-field-name\" class=\"elementor-field elementor-size-sm  elementor-field-textual\" placeholder=\"Em\u00ebr*\" required=\"required\">\n\t\t\t\t\t\t\t\t\t\t\t<\/div>\n\t\t\t\t\t\t\t\t<div class=\"elementor-field-type-text elementor-field-group elementor-column elementor-field-group-field_6fc4981 elementor-col-33 elementor-field-required\">\n\t\t\t\t\t\t\t\t\t\t\t\t<label for=\"form-field-field_6fc4981\" class=\"elementor-field-label elementor-screen-only\">\n\t\t\t\t\t\t\t\tMbiem\u00ebr\t\t\t\t\t\t\t<\/label>\n\t\t\t\t\t\t\t\t\t\t\t\t\t\t<input size=\"1\" type=\"text\" name=\"form_fields[field_6fc4981]\" id=\"form-field-field_6fc4981\" class=\"elementor-field elementor-size-sm  elementor-field-textual\" placeholder=\"Mbiem\u00ebr*\" required=\"required\">\n\t\t\t\t\t\t\t\t\t\t\t<\/div>\n\t\t\t\t\t\t\t\t<div class=\"elementor-field-type-tel elementor-field-group elementor-column elementor-field-group-field_fb459e1 elementor-col-33 elementor-field-required\">\n\t\t\t\t\t\t\t\t\t\t\t\t<label for=\"form-field-field_fb459e1\" class=\"elementor-field-label elementor-screen-only\">\n\t\t\t\t\t\t\t\tTel\t\t\t\t\t\t\t<\/label>\n\t\t\t\t\t\t\t\t<input size=\"1\" type=\"tel\" name=\"form_fields[field_fb459e1]\" id=\"form-field-field_fb459e1\" class=\"elementor-field elementor-size-sm  elementor-field-textual\" placeholder=\"Tel*\" required=\"required\" pattern=\"[0-9()#&amp;+*-=.]+\" title=\"Only numbers and phone characters (#, -, *, etc) are accepted.\">\n\n\t\t\t\t\t\t<\/div>\n\t\t\t\t\t\t\t\t<div class=\"elementor-field-type-email elementor-field-group elementor-column elementor-field-group-email elementor-col-100 elementor-field-required\">\n\t\t\t\t\t\t\t\t\t\t\t\t<label for=\"form-field-email\" class=\"elementor-field-label elementor-screen-only\">\n\t\t\t\t\t\t\t\tEmail\t\t\t\t\t\t\t<\/label>\n\t\t\t\t\t\t\t\t\t\t\t\t\t\t<input size=\"1\" type=\"email\" name=\"form_fields[email]\" id=\"form-field-email\" class=\"elementor-field elementor-size-sm  elementor-field-textual\" placeholder=\"Email*\" required=\"required\">\n\t\t\t\t\t\t\t\t\t\t\t<\/div>\n\t\t\t\t\t\t\t\t<div class=\"elementor-field-type-textarea elementor-field-group elementor-column elementor-field-group-message elementor-col-100\">\n\t\t\t\t\t\t\t\t\t\t\t\t<label for=\"form-field-message\" class=\"elementor-field-label elementor-screen-only\">\n\t\t\t\t\t\t\t\tMesazhi\t\t\t\t\t\t\t<\/label>\n\t\t\t\t\t\t<textarea class=\"elementor-field-textual elementor-field  elementor-size-sm\" name=\"form_fields[message]\" id=\"form-field-message\" rows=\"7\" placeholder=\"Mesazhi\"><\/textarea>\t\t\t\t<\/div>\n\t\t\t\t\t\t\t\t<div class=\"elementor-field-group elementor-column elementor-field-type-submit elementor-col-100 e-form__buttons\">\n\t\t\t\t\t<button class=\"elementor-button elementor-size-sm\" type=\"submit\">\n\t\t\t\t\t\t<span class=\"elementor-button-content-wrapper\">\n\t\t\t\t\t\t\t\t\t\t\t\t\t\t\t\t\t\t\t\t\t\t<span class=\"elementor-button-text\">Lini nj\u00eb Takim<\/span>\n\t\t\t\t\t\t\t\t\t\t\t\t\t<\/span>\n\t\t\t\t\t<\/button>\n\t\t\t\t<\/div>\n\t\t\t<\/div>\n\t\t<\/form>\n\t\t\t\t\t\t<\/div>\n\t\t\t\t\t<\/div>\n\t\t\t\t<\/div>\n\t\t<div class=\"elementor-element elementor-element-ae4be43 elementor-hidden-tablet elementor-hidden-mobile e-flex e-con-boxed e-con e-parent\" data-id=\"ae4be43\" data-element_type=\"container\" data-e-type=\"container\">\n\t\t\t\t\t<div class=\"e-con-inner\">\n\t\t<div class=\"elementor-element elementor-element-ef6a38c e-con-full e-flex e-con e-child\" data-id=\"ef6a38c\" data-element_type=\"container\" data-e-type=\"container\">\n\t\t\t\t<div class=\"elementor-element elementor-element-3899a03 elementor-widget elementor-widget-heading\" data-id=\"3899a03\" data-element_type=\"widget\" data-e-type=\"widget\" data-widget_type=\"heading.default\">\n\t\t\t\t\t<h2 class=\"elementor-heading-title elementor-size-default\">Medicare Tiran\u00eb<\/h2>\t\t\t\t<\/div>\n\t\t\t\t<div class=\"elementor-element elementor-element-6ccfbc5 elementor-widget elementor-widget-text-editor\" data-id=\"6ccfbc5\" data-element_type=\"widget\" data-e-type=\"widget\" data-widget_type=\"text-editor.default\">\n\t\t\t\t\t\t\t\t\tRr. Siri Kodra, Tirana <br>\nEmail:\u00a0<a href=\"mailto:info@medicare.al\"><span style=\"text-decoration: underline;\">info@medicare.al\u00a0<\/span><\/a> <br>\nCel: <a href=\"tel:+355 688012692\"><span style=\"text-decoration: underline;\">068 801 2692<\/span><\/a> <br>\nE h\u00ebn\u00eb &#8211; E premte: 9\u202fam\u20135:30\u202fpm\n<br> E shtun\u00eb: 9\u202fam\u20131:30\u202fpm\t\t\t\t\t\t\t\t<\/div>\n\t\t\t\t<\/div>\n\t\t<div class=\"elementor-element elementor-element-dfb9ed8 e-con-full e-flex e-con e-child\" data-id=\"dfb9ed8\" data-element_type=\"container\" data-e-type=\"container\">\n\t\t\t\t<div class=\"elementor-element elementor-element-338f29d elementor-widget elementor-widget-heading\" data-id=\"338f29d\" data-element_type=\"widget\" data-e-type=\"widget\" data-widget_type=\"heading.default\">\n\t\t\t\t\t<h2 class=\"elementor-heading-title elementor-size-default\">Medicare Berat<\/h2>\t\t\t\t<\/div>\n\t\t\t\t<div class=\"elementor-element elementor-element-77b43f3 elementor-widget elementor-widget-text-editor\" data-id=\"77b43f3\" data-element_type=\"widget\" data-e-type=\"widget\" data-widget_type=\"text-editor.default\">\n\t\t\t\t\t\t\t\t\t<p>Rr. Desaret, Berat\u2028<br \/>Email:\u00a0<a href=\"mailto:info@medicare.al\"><span style=\"text-decoration: underline;\">info@medicare.al<\/span><\/a><br \/>Cel: <a href=\"tel:+355 32 236040\"><span style=\"text-decoration: underline;\">+355 32 236040<\/span><\/a><\/p>\t\t\t\t\t\t\t\t<\/div>\n\t\t\t\t<\/div>\n\t\t<div class=\"elementor-element elementor-element-31ae931 e-con-full e-flex e-con e-child\" data-id=\"31ae931\" data-element_type=\"container\" data-e-type=\"container\">\n\t\t\t\t<div class=\"elementor-element elementor-element-caf05cd elementor-widget elementor-widget-heading\" data-id=\"caf05cd\" data-element_type=\"widget\" data-e-type=\"widget\" data-widget_type=\"heading.default\">\n\t\t\t\t\t<h2 class=\"elementor-heading-title elementor-size-default\">Medicare Elbasan<\/h2>\t\t\t\t<\/div>\n\t\t\t\t<div class=\"elementor-element elementor-element-2712f3b elementor-widget elementor-widget-text-editor\" data-id=\"2712f3b\" data-element_type=\"widget\" data-e-type=\"widget\" data-widget_type=\"text-editor.default\">\n\t\t\t\t\t\t\t\t\t<p>Rr. Spitalit, Elbasan\u2028<br \/>Email:\u00a0<a href=\"mailto:info@medicare.al\"><span style=\"text-decoration: underline;\">info@medicare.al<\/span><\/a><br \/>Cel: <a href=\"tel:+355 54 243177\"><span style=\"text-decoration: underline;\">+355 54 243177<\/span><\/a><\/p>\t\t\t\t\t\t\t\t<\/div>\n\t\t\t\t<\/div>\n\t\t<div class=\"elementor-element elementor-element-d9b09e9 e-con-full e-flex e-con e-child\" data-id=\"d9b09e9\" data-element_type=\"container\" data-e-type=\"container\">\n\t\t\t\t<div class=\"elementor-element elementor-element-272b829 elementor-widget elementor-widget-heading\" data-id=\"272b829\" data-element_type=\"widget\" data-e-type=\"widget\" data-widget_type=\"heading.default\">\n\t\t\t\t\t<h2 class=\"elementor-heading-title elementor-size-default\">Medicare Shkod\u00ebr<\/h2>\t\t\t\t<\/div>\n\t\t\t\t<div class=\"elementor-element elementor-element-067d603 elementor-widget elementor-widget-text-editor\" data-id=\"067d603\" data-element_type=\"widget\" data-e-type=\"widget\" data-widget_type=\"text-editor.default\">\n\t\t\t\t\t\t\t\t\t<p>Rr. Kol\u00eb Heqimi, Shkod\u00ebr\u2028<br \/>Email:\u00a0<a href=\"mailto:info@medicare.al\"><span style=\"text-decoration: underline;\">info@medicare.al<\/span><\/a><br \/>Cel: <a href=\"tel:+355 68 357 0099\"><span style=\"text-decoration: underline;\">+355 68 357 0099<\/span><\/a><\/p>\t\t\t\t\t\t\t\t<\/div>\n\t\t\t\t<\/div>\n\t\t\t\t\t<\/div>\n\t\t\t\t<\/div>\n\t\t<div class=\"elementor-element elementor-element-781f8d1 elementor-hidden-desktop e-flex e-con-boxed e-con e-parent\" data-id=\"781f8d1\" data-element_type=\"container\" data-e-type=\"container\">\n\t\t\t\t\t<div class=\"e-con-inner\">\n\t\t\t\t<div class=\"elementor-element elementor-element-0dd9970 elementor--h-position-center elementor--v-position-middle elementor-pagination-position-inside elementor-widget elementor-widget-slides\" data-id=\"0dd9970\" data-element_type=\"widget\" data-e-type=\"widget\" data-settings=\"{&quot;navigation&quot;:&quot;dots&quot;,&quot;autoplay&quot;:&quot;yes&quot;,&quot;pause_on_hover&quot;:&quot;yes&quot;,&quot;pause_on_interaction&quot;:&quot;yes&quot;,&quot;autoplay_speed&quot;:5000,&quot;infinite&quot;:&quot;yes&quot;,&quot;transition&quot;:&quot;slide&quot;,&quot;transition_speed&quot;:500}\" data-widget_type=\"slides.default\">\n\t\t\t\t\t\t\t\t\t\t<div class=\"elementor-slides-wrapper elementor-main-swiper swiper\" role=\"region\" aria-roledescription=\"carousel\" aria-label=\"Slides\" dir=\"ltr\" data-animation=\"\">\n\t\t\t\t<div class=\"swiper-wrapper elementor-slides\">\n\t\t\t\t\t\t\t\t\t\t<div class=\"elementor-repeater-item-0f93499 swiper-slide\" role=\"group\" aria-roledescription=\"slide\"><div class=\"swiper-slide-bg\"><\/div><div class=\"swiper-slide-inner\" ><div class=\"swiper-slide-contents\"><div class=\"elementor-slide-heading\">Medicare Tiran\u00eb<\/div><div class=\"elementor-slide-description\">Rruga Siri Kodra, Tirana <br>\nEmail:\u00a0<a href=\"mailto:info@medicare.al\"> info@medicare.al <\/a>\u00a0<br>\nCel:\u00a0<a href=\"tel:+355 68 801 2692\"> 068 801 2692 <\/a> <br>\nE h\u00ebn\u00eb - E premte: 9\u202fAM\u20135:30\u202fPM <br>E shtun\u00eb: 9\u202fAM\u20131:30\u202fPM <\/div><\/div><\/div><\/div><div class=\"elementor-repeater-item-a1d6e39 swiper-slide\" role=\"group\" aria-roledescription=\"slide\"><div class=\"swiper-slide-bg\"><\/div><div class=\"swiper-slide-inner\" ><div class=\"swiper-slide-contents\"><div class=\"elementor-slide-heading\">Medicare Berat<\/div><div class=\"elementor-slide-description\">Rruga Desaret, Berat\u2028 <br>\nEmail:\u00a0<a href=\"mailto:info@medicare.al\"> info@medicare.al <\/a>\u00a0<br>\nCel:\u00a0<a href=\"tel:\u00a0+355 32 236040\"> +355 32 236040 <\/a>\n<\/div><\/div><\/div><\/div><div class=\"elementor-repeater-item-8e9cfc5 swiper-slide\" role=\"group\" aria-roledescription=\"slide\"><div class=\"swiper-slide-bg\"><\/div><div class=\"swiper-slide-inner\" ><div class=\"swiper-slide-contents\"><div class=\"elementor-slide-heading\">Medicare Elbasan<\/div><div class=\"elementor-slide-description\">Rruga Spitalit, Elbasan\u2028\u2028 <br>\nEmail:\u00a0<a href=\"mailto:info@medicare.al\"> info@medicare.al <\/a>\u00a0<br>\nCel:\u00a0<a href=\"tel:\u00a0+355 54 243177\"> +355 54 243177 <\/a>\n<\/div><\/div><\/div><\/div><div class=\"elementor-repeater-item-2a531af swiper-slide\" role=\"group\" aria-roledescription=\"slide\"><div class=\"swiper-slide-bg\"><\/div><div class=\"swiper-slide-inner\" ><div class=\"swiper-slide-contents\"><div class=\"elementor-slide-heading\"> Medicare Shkod\u00ebr<\/div><div class=\"elementor-slide-description\">Rruga Kol\u00eb Heqimi, Shkod\u00ebr\u2028\u2028<br>\nEmail:\u00a0<a href=\"mailto:info@medicare.al\"> info@medicare.al <\/a>\u00a0<br>\nCel:\u00a0<a href=\"tel:\u00a0+355 68 357 0099\"> +355 68 357 0099 <\/a><\/div><\/div><\/div><\/div>\t\t\t\t<\/div>\n\t\t\t\t\t\t\t\t\t\t\t\t\t\t\t\t\t\t\t\t<div class=\"swiper-pagination\"><\/div>\n\t\t\t\t\t\t\t\t\t\t\t\t<\/div>\n\t\t\t\t\t\t\t\t<\/div>\n\t\t\t\t\t<\/div>\n\t\t\t\t<\/div>\n\t\t<div class=\"elementor-element elementor-element-6927607 e-con-full e-flex e-con e-parent\" data-id=\"6927607\" data-element_type=\"container\" data-e-type=\"container\">\n\t\t\t\t<div class=\"elementor-element elementor-element-b0dbd1c elementor-widget elementor-widget-html\" data-id=\"b0dbd1c\" data-element_type=\"widget\" data-e-type=\"widget\" data-widget_type=\"html.default\">\n\t\t\t\t\t<iframe src=\"https:\/\/www.google.com\/maps\/embed?pb=!1m14!1m8!1m3!1d11982.860610808551!2d19.820474!3d41.336807!3m2!1i1024!2i768!4f13.1!3m3!1m2!1s0x13503111bfd0e1a7%3A0x4cf5d493a059ef83!2sMedicare%20Qend%C3%ABr%20Diagnostike!5e0!3m2!1sen!2sus!4v1769417731340!5m2!1sen!2sus\" width=\"2000\" height=\"450\" style=\"border:0;\" allowfullscreen=\"\" loading=\"lazy\" referrerpolicy=\"no-referrer-when-downgrade\"><\/iframe>\t\t\t\t<\/div>\n\t\t\t\t<\/div>\n\t\t\t\t<\/div>\n\t\t\n    <div class=\"xs_social_share_widget xs_share_url after_content \t\tmain_content  wslu-style-1 wslu-share-box-shaped wslu-fill-colored wslu-none wslu-share-horizontal wslu-theme-font-no wslu-main_content\">\n\n\t\t\n        <ul>\n\t\t\t        <\/ul>\n    <\/div> \n","protected":false},"excerpt":{"rendered":"<p>Kryefaqja \/ Kontakt Kontakto Rezervoni nj\u00eb takim pran\u00eb\u00a0Qendr\u00ebs Diagnostikuese Medicare Medicare Tiran\u00eb Rr. Siri Kodra, Tirana Email:\u00a0info@medicare.al\u00a0 Cel: 068 801 2692 E h\u00ebn\u00eb &#8211; E premte: 9\u202fam\u20135:30\u202fpm E shtun\u00eb: 9\u202fam\u20131:30\u202fpm Medicare Berat Rr. Desaret, Berat\u2028Email:\u00a0info@medicare.alCel: +355 32 236040 Medicare Elbasan Rr. Spitalit, Elbasan\u2028Email:\u00a0info@medicare.alCel: +355 54 243177 Medicare Shkod\u00ebr Rr. Kol\u00eb Heqimi, Shkod\u00ebr\u2028Email:\u00a0info@medicare.alCel: +355 68 357 [&hellip;]<\/p>\n","protected":false},"author":1,"featured_media":0,"parent":0,"menu_order":0,"comment_status":"closed","ping_status":"closed","template":"elementor_header_footer","meta":{"footnotes":""},"class_list":["post-337","page","type-page","status-publish","hentry"],"_links":{"self":[{"href":"https:\/\/fjori.kostricani.com\/medicare\/wp-json\/wp\/v2\/pages\/337","targetHints":{"allow":["GET"]}}],"collection":[{"href":"https:\/\/fjori.kostricani.com\/medicare\/wp-json\/wp\/v2\/pages"}],"about":[{"href":"https:\/\/fjori.kostricani.com\/medicare\/wp-json\/wp\/v2\/types\/page"}],"author":[{"embeddable":true,"href":"https:\/\/fjori.kostricani.com\/medicare\/wp-json\/wp\/v2\/users\/1"}],"replies":[{"embeddable":true,"href":"https:\/\/fjori.kostricani.com\/medicare\/wp-json\/wp\/v2\/comments?post=337"}],"version-history":[{"count":220,"href":"https:\/\/fjori.kostricani.com\/medicare\/wp-json\/wp\/v2\/pages\/337\/revisions"}],"predecessor-version":[{"id":3866,"href":"https:\/\/fjori.kostricani.com\/medicare\/wp-json\/wp\/v2\/pages\/337\/revisions\/3866"}],"wp:attachment":[{"href":"https:\/\/fjori.kostricani.com\/medicare\/wp-json\/wp\/v2\/media?parent=337"}],"curies":[{"name":"wp","href":"https:\/\/api.w.org\/{rel}","templated":true}]}}