{"id":801,"date":"2026-01-26T14:02:47","date_gmt":"2026-01-26T14:02:47","guid":{"rendered":"https:\/\/fjori.kostricani.com\/medicare\/?page_id=801"},"modified":"2026-03-05T13:31:53","modified_gmt":"2026-03-05T13:31:53","slug":"imazheri","status":"publish","type":"page","link":"https:\/\/fjori.kostricani.com\/medicare\/imazheri\/","title":{"rendered":"Imazheri"},"content":{"rendered":"\t\t<div data-elementor-type=\"wp-page\" data-elementor-id=\"801\" class=\"elementor elementor-801\" data-elementor-post-type=\"page\">\n\t\t\t\t<div class=\"elementor-element elementor-element-e9130d3 e-flex e-con-boxed e-con e-parent\" data-id=\"e9130d3\" data-element_type=\"container\" data-e-type=\"container\" data-settings=\"{&quot;background_background&quot;:&quot;classic&quot;}\">\n\t\t\t\t\t<div class=\"e-con-inner\">\n\t\t\t\t<div class=\"elementor-element elementor-element-477062f elementor-widget elementor-widget-spacer\" data-id=\"477062f\" data-element_type=\"widget\" data-e-type=\"widget\" data-widget_type=\"spacer.default\">\n\t\t\t\t\t\t\t<div class=\"elementor-spacer\">\n\t\t\t<div class=\"elementor-spacer-inner\"><\/div>\n\t\t<\/div>\n\t\t\t\t\t\t<\/div>\n\t\t\t\t<div class=\"elementor-element elementor-element-0ff7f73 elementor-widget elementor-widget-text-editor\" data-id=\"0ff7f73\" data-element_type=\"widget\" data-e-type=\"widget\" data-widget_type=\"text-editor.default\">\n\t\t\t\t\t\t\t\t\t<p><a href=\"\/\">Kryefaqja<\/a> \/ <strong>Imazheri<\/strong><\/p>\t\t\t\t\t\t\t\t<\/div>\n\t\t\t\t\t<\/div>\n\t\t\t\t<\/div>\n\t\t<div class=\"elementor-element elementor-element-d5d8e85 e-flex e-con-boxed e-con e-parent\" data-id=\"d5d8e85\" data-element_type=\"container\" data-e-type=\"container\">\n\t\t\t\t\t<div class=\"e-con-inner\">\n\t\t\t\t<div class=\"elementor-element elementor-element-7cc187c elementor-widget elementor-widget-heading\" data-id=\"7cc187c\" data-element_type=\"widget\" data-e-type=\"widget\" data-widget_type=\"heading.default\">\n\t\t\t\t\t<h2 class=\"elementor-heading-title elementor-size-default\">Sh\u00ebrbimet e ofruara t\u00eb Imazheris\u00eb:<\/h2>\t\t\t\t<\/div>\n\t\t\t\t\t<\/div>\n\t\t\t\t<\/div>\n\t\t<div class=\"elementor-element elementor-element-5cda5eb e-flex e-con-boxed e-con e-parent\" data-id=\"5cda5eb\" data-element_type=\"container\" data-e-type=\"container\">\n\t\t\t\t\t<div class=\"e-con-inner\">\n\t\t<div class=\"elementor-element elementor-element-809905e e-con-full e-flex e-con e-child\" data-id=\"809905e\" data-element_type=\"container\" data-e-type=\"container\">\n\t\t\t\t<div class=\"elementor-element elementor-element-e60f6c7 elementor-position-top elementor-widget elementor-widget-image-box\" data-id=\"e60f6c7\" data-element_type=\"widget\" data-e-type=\"widget\" data-widget_type=\"image-box.default\">\n\t\t\t\t\t<div class=\"elementor-image-box-wrapper\"><figure class=\"elementor-image-box-img\"><img fetchpriority=\"high\" decoding=\"async\" width=\"600\" height=\"400\" src=\"https:\/\/fjori.kostricani.com\/medicare\/wp-content\/uploads\/2026\/03\/WhatsApp-Image-2026-03-03-at-12.57.20-1.png\" class=\"attachment-full size-full wp-image-3600\" alt=\"\" srcset=\"https:\/\/fjori.kostricani.com\/medicare\/wp-content\/uploads\/2026\/03\/WhatsApp-Image-2026-03-03-at-12.57.20-1.png 600w, https:\/\/fjori.kostricani.com\/medicare\/wp-content\/uploads\/2026\/03\/WhatsApp-Image-2026-03-03-at-12.57.20-1-300x200.png 300w\" sizes=\"(max-width: 600px) 100vw, 600px\" \/><\/figure><div class=\"elementor-image-box-content\"><h3 class=\"elementor-image-box-title\">Rezonanc\u00eb Magnetike <\/h3><p class=\"elementor-image-box-description\">Rezonanca magnetike mund\u00ebson krijimin e imazheve t\u00eb detajuara t\u00eb kockave, indeve t\u00eb buta dhe....\n\n<br> <br>\n\n<a href=\"\/medicare\/rezonance-magnetike\/\">M\u00eb shum\u00eb -&gt; <\/a> <\/p><\/div><\/div>\t\t\t\t<\/div>\n\t\t\t\t<\/div>\n\t\t<div class=\"elementor-element elementor-element-4dcc9c5 e-con-full e-flex e-con e-child\" data-id=\"4dcc9c5\" data-element_type=\"container\" data-e-type=\"container\">\n\t\t\t\t<div class=\"elementor-element elementor-element-5ef19de elementor-position-top elementor-widget elementor-widget-image-box\" data-id=\"5ef19de\" data-element_type=\"widget\" data-e-type=\"widget\" data-widget_type=\"image-box.default\">\n\t\t\t\t\t<div class=\"elementor-image-box-wrapper\"><figure class=\"elementor-image-box-img\"><img decoding=\"async\" width=\"600\" height=\"400\" src=\"https:\/\/fjori.kostricani.com\/medicare\/wp-content\/uploads\/2026\/03\/a5-1.png\" class=\"attachment-full size-full wp-image-3729\" alt=\"\" srcset=\"https:\/\/fjori.kostricani.com\/medicare\/wp-content\/uploads\/2026\/03\/a5-1.png 600w, https:\/\/fjori.kostricani.com\/medicare\/wp-content\/uploads\/2026\/03\/a5-1-300x200.png 300w\" sizes=\"(max-width: 600px) 100vw, 600px\" \/><\/figure><div class=\"elementor-image-box-content\"><h3 class=\"elementor-image-box-title\">Tomografi e Kompjuterizuar<\/h3><p class=\"elementor-image-box-description\">Tomografia e kompjuterizuar \u00ebsht\u00eb nj\u00eb procedur\u00eb e shpejt\u00eb, pa dhimbje, jo invazive q\u00eb ndihmon n\u00eb....\n\n<br> <br>\n\n<a href=\"\/medicare\/tomografia-e-kompjuterizuar\/\">M\u00eb shum\u00eb -&gt; <\/a> <\/p><\/div><\/div>\t\t\t\t<\/div>\n\t\t\t\t<\/div>\n\t\t<div class=\"elementor-element elementor-element-2a80a6e e-con-full e-flex e-con e-child\" data-id=\"2a80a6e\" data-element_type=\"container\" data-e-type=\"container\">\n\t\t\t\t<div class=\"elementor-element elementor-element-e102037 elementor-position-top elementor-widget elementor-widget-image-box\" data-id=\"e102037\" data-element_type=\"widget\" data-e-type=\"widget\" data-widget_type=\"image-box.default\">\n\t\t\t\t\t<div class=\"elementor-image-box-wrapper\"><figure class=\"elementor-image-box-img\"><img decoding=\"async\" width=\"600\" height=\"400\" src=\"https:\/\/fjori.kostricani.com\/medicare\/wp-content\/uploads\/2026\/03\/hero_apeospro-c810-for-photo_01-2.png\" class=\"attachment-full size-full wp-image-3705\" alt=\"\" srcset=\"https:\/\/fjori.kostricani.com\/medicare\/wp-content\/uploads\/2026\/03\/hero_apeospro-c810-for-photo_01-2.png 600w, https:\/\/fjori.kostricani.com\/medicare\/wp-content\/uploads\/2026\/03\/hero_apeospro-c810-for-photo_01-2-300x200.png 300w\" sizes=\"(max-width: 600px) 100vw, 600px\" \/><\/figure><div class=\"elementor-image-box-content\"><h3 class=\"elementor-image-box-title\">Radiografi Digitale<\/h3><p class=\"elementor-image-box-description\">Radiografia \u00ebsht\u00eb nj\u00eb modalitet imazherik q\u00eb p\u00ebrdor rrezet X p\u00ebr t\u00eb marr\u00eb imazhe t\u00eb strukturave....\n\n<br> <br>\n\n<a href=\"\/medicare\/radiografi-dixhitale\/\">M\u00eb shum\u00eb -&gt; <\/a> <\/p><\/div><\/div>\t\t\t\t<\/div>\n\t\t\t\t<\/div>\n\t\t<div class=\"elementor-element elementor-element-2871487 e-con-full e-flex e-con e-child\" data-id=\"2871487\" data-element_type=\"container\" data-e-type=\"container\">\n\t\t\t\t<div class=\"elementor-element elementor-element-74974a0 elementor-position-top elementor-widget elementor-widget-image-box\" data-id=\"74974a0\" data-element_type=\"widget\" data-e-type=\"widget\" data-widget_type=\"image-box.default\">\n\t\t\t\t\t<div class=\"elementor-image-box-wrapper\"><figure class=\"elementor-image-box-img\"><img loading=\"lazy\" decoding=\"async\" width=\"600\" height=\"400\" src=\"https:\/\/fjori.kostricani.com\/medicare\/wp-content\/uploads\/2026\/03\/WhatsApp-Image-2026-03-05-at-12.14.29-2-1.png\" class=\"attachment-full size-full wp-image-3641\" alt=\"\" srcset=\"https:\/\/fjori.kostricani.com\/medicare\/wp-content\/uploads\/2026\/03\/WhatsApp-Image-2026-03-05-at-12.14.29-2-1.png 600w, https:\/\/fjori.kostricani.com\/medicare\/wp-content\/uploads\/2026\/03\/WhatsApp-Image-2026-03-05-at-12.14.29-2-1-300x200.png 300w\" sizes=\"(max-width: 600px) 100vw, 600px\" \/><\/figure><div class=\"elementor-image-box-content\"><h3 class=\"elementor-image-box-title\">Ekografi<\/h3><p class=\"elementor-image-box-description\">Ekografia \u00ebsht\u00eb nj\u00eb metod\u00eb diagnostikuese q\u00eb p\u00ebrdor val\u00eb zanore me frekuenc\u00eb t\u00eb lart\u00eb p\u00ebr t\u00eb....\n\n<br> <br>\n\n<a href=\"\/medicare\/ekografia\/\">M\u00eb shum\u00eb -&gt; <\/a> <\/p><\/div><\/div>\t\t\t\t<\/div>\n\t\t\t\t<\/div>\n\t\t\t\t\t<\/div>\n\t\t\t\t<\/div>\n\t\t\t\t<\/div>\n\t\t\n    <div class=\"xs_social_share_widget xs_share_url after_content \t\tmain_content  wslu-style-1 wslu-share-box-shaped wslu-fill-colored wslu-none wslu-share-horizontal wslu-theme-font-no wslu-main_content\">\n\n\t\t\n        <ul>\n\t\t\t        <\/ul>\n    <\/div> \n","protected":false},"excerpt":{"rendered":"<p>Kryefaqja \/ Imazheri Sh\u00ebrbimet e ofruara t\u00eb Imazheris\u00eb: Rezonanc\u00eb Magnetike Rezonanca magnetike mund\u00ebson krijimin e imazheve t\u00eb detajuara t\u00eb kockave, indeve t\u00eb buta dhe&#8230;. M\u00eb shum\u00eb -&gt; Tomografi e Kompjuterizuar Tomografia e kompjuterizuar \u00ebsht\u00eb nj\u00eb procedur\u00eb e shpejt\u00eb, pa dhimbje, jo invazive q\u00eb ndihmon n\u00eb&#8230;. M\u00eb shum\u00eb -&gt; Radiografi Digitale Radiografia \u00ebsht\u00eb nj\u00eb modalitet imazherik [&hellip;]<\/p>\n","protected":false},"author":1,"featured_media":0,"parent":0,"menu_order":0,"comment_status":"closed","ping_status":"closed","template":"elementor_header_footer","meta":{"footnotes":""},"class_list":["post-801","page","type-page","status-publish","hentry"],"_links":{"self":[{"href":"https:\/\/fjori.kostricani.com\/medicare\/wp-json\/wp\/v2\/pages\/801","targetHints":{"allow":["GET"]}}],"collection":[{"href":"https:\/\/fjori.kostricani.com\/medicare\/wp-json\/wp\/v2\/pages"}],"about":[{"href":"https:\/\/fjori.kostricani.com\/medicare\/wp-json\/wp\/v2\/types\/page"}],"author":[{"embeddable":true,"href":"https:\/\/fjori.kostricani.com\/medicare\/wp-json\/wp\/v2\/users\/1"}],"replies":[{"embeddable":true,"href":"https:\/\/fjori.kostricani.com\/medicare\/wp-json\/wp\/v2\/comments?post=801"}],"version-history":[{"count":94,"href":"https:\/\/fjori.kostricani.com\/medicare\/wp-json\/wp\/v2\/pages\/801\/revisions"}],"predecessor-version":[{"id":3843,"href":"https:\/\/fjori.kostricani.com\/medicare\/wp-json\/wp\/v2\/pages\/801\/revisions\/3843"}],"wp:attachment":[{"href":"https:\/\/fjori.kostricani.com\/medicare\/wp-json\/wp\/v2\/media?parent=801"}],"curies":[{"name":"wp","href":"https:\/\/api.w.org\/{rel}","templated":true}]}}