{"id":815,"date":"2026-01-26T14:07:31","date_gmt":"2026-01-26T14:07:31","guid":{"rendered":"https:\/\/fjori.kostricani.com\/medicare\/?page_id=815"},"modified":"2026-03-05T13:31:49","modified_gmt":"2026-03-05T13:31:49","slug":"elektrofiziologji","status":"publish","type":"page","link":"https:\/\/fjori.kostricani.com\/medicare\/elektrofiziologji\/","title":{"rendered":"Elektrofiziologji"},"content":{"rendered":"\t\t<div data-elementor-type=\"wp-page\" data-elementor-id=\"815\" class=\"elementor elementor-815\" data-elementor-post-type=\"page\">\n\t\t\t\t<div class=\"elementor-element elementor-element-abbd400 e-flex e-con-boxed e-con e-parent\" data-id=\"abbd400\" data-element_type=\"container\" data-e-type=\"container\" data-settings=\"{&quot;background_background&quot;:&quot;classic&quot;}\">\n\t\t\t\t\t<div class=\"e-con-inner\">\n\t\t\t\t<div class=\"elementor-element elementor-element-39f7847 elementor-widget elementor-widget-spacer\" data-id=\"39f7847\" data-element_type=\"widget\" data-e-type=\"widget\" data-widget_type=\"spacer.default\">\n\t\t\t\t\t\t\t<div class=\"elementor-spacer\">\n\t\t\t<div class=\"elementor-spacer-inner\"><\/div>\n\t\t<\/div>\n\t\t\t\t\t\t<\/div>\n\t\t\t\t<div class=\"elementor-element elementor-element-4c83a3b elementor-widget elementor-widget-text-editor\" data-id=\"4c83a3b\" data-element_type=\"widget\" data-e-type=\"widget\" data-widget_type=\"text-editor.default\">\n\t\t\t\t\t\t\t\t\t<p><a href=\"\/\">Kryefaqja<\/a> \/ <strong>Elektrofiziologji<\/strong><\/p>\t\t\t\t\t\t\t\t<\/div>\n\t\t\t\t\t<\/div>\n\t\t\t\t<\/div>\n\t\t<div class=\"elementor-element elementor-element-66608d0 e-flex e-con-boxed e-con e-parent\" data-id=\"66608d0\" data-element_type=\"container\" data-e-type=\"container\">\n\t\t\t\t\t<div class=\"e-con-inner\">\n\t\t\t\t<div class=\"elementor-element elementor-element-80c2899 elementor-widget elementor-widget-heading\" data-id=\"80c2899\" data-element_type=\"widget\" data-e-type=\"widget\" data-widget_type=\"heading.default\">\n\t\t\t\t\t<h2 class=\"elementor-heading-title elementor-size-default\">Sh\u00ebrbimet e ofruara t\u00eb Elektrofiziologjis\u00eb:<\/h2>\t\t\t\t<\/div>\n\t\t\t\t\t<\/div>\n\t\t\t\t<\/div>\n\t\t<div class=\"elementor-element elementor-element-597113a e-flex e-con-boxed e-con e-parent\" data-id=\"597113a\" data-element_type=\"container\" data-e-type=\"container\">\n\t\t\t\t\t<div class=\"e-con-inner\">\n\t\t<div class=\"elementor-element elementor-element-738ea94 e-con-full e-flex e-con e-child\" data-id=\"738ea94\" data-element_type=\"container\" data-e-type=\"container\">\n\t\t\t\t<div class=\"elementor-element elementor-element-83524b3 elementor-position-top elementor-widget elementor-widget-image-box\" data-id=\"83524b3\" data-element_type=\"widget\" data-e-type=\"widget\" data-widget_type=\"image-box.default\">\n\t\t\t\t\t<div class=\"elementor-image-box-wrapper\"><figure class=\"elementor-image-box-img\"><img fetchpriority=\"high\" decoding=\"async\" width=\"600\" height=\"400\" src=\"https:\/\/fjori.kostricani.com\/medicare\/wp-content\/uploads\/2026\/03\/WhatsApp-Image-2026-03-05-at-10.49.46-2.png\" class=\"attachment-full size-full wp-image-3733\" alt=\"\" srcset=\"https:\/\/fjori.kostricani.com\/medicare\/wp-content\/uploads\/2026\/03\/WhatsApp-Image-2026-03-05-at-10.49.46-2.png 600w, https:\/\/fjori.kostricani.com\/medicare\/wp-content\/uploads\/2026\/03\/WhatsApp-Image-2026-03-05-at-10.49.46-2-300x200.png 300w\" sizes=\"(max-width: 600px) 100vw, 600px\" \/><\/figure><div class=\"elementor-image-box-content\"><h3 class=\"elementor-image-box-title\">Ezhe (EEG)<\/h3><p class=\"elementor-image-box-description\">Ezheja \u00ebsht\u00eb nj\u00eb ekzaminim  i\ncili regjistron aktivitetin elektrik t\u00eb trurit. Ky ekzaminim jep....\n\n<br> <br>\n\n<a href=\"\/medicare\/elektroencefalograma-eeg\/\">M\u00eb shum\u00eb -&gt; <\/a> <\/p><\/div><\/div>\t\t\t\t<\/div>\n\t\t\t\t<\/div>\n\t\t<div class=\"elementor-element elementor-element-5030d14 e-con-full e-flex e-con e-child\" data-id=\"5030d14\" data-element_type=\"container\" data-e-type=\"container\">\n\t\t\t\t<div class=\"elementor-element elementor-element-a521888 elementor-position-top elementor-widget elementor-widget-image-box\" data-id=\"a521888\" data-element_type=\"widget\" data-e-type=\"widget\" data-widget_type=\"image-box.default\">\n\t\t\t\t\t<div class=\"elementor-image-box-wrapper\"><figure class=\"elementor-image-box-img\"><img decoding=\"async\" width=\"600\" height=\"400\" src=\"https:\/\/fjori.kostricani.com\/medicare\/wp-content\/uploads\/2026\/03\/WhatsApp-Image-2026-03-05-at-11.41.50-2.png\" class=\"attachment-full size-full wp-image-3734\" alt=\"\" srcset=\"https:\/\/fjori.kostricani.com\/medicare\/wp-content\/uploads\/2026\/03\/WhatsApp-Image-2026-03-05-at-11.41.50-2.png 600w, https:\/\/fjori.kostricani.com\/medicare\/wp-content\/uploads\/2026\/03\/WhatsApp-Image-2026-03-05-at-11.41.50-2-300x200.png 300w\" sizes=\"(max-width: 600px) 100vw, 600px\" \/><\/figure><div class=\"elementor-image-box-content\"><h3 class=\"elementor-image-box-title\">EEG e Zgjatur Gjumi<\/h3><p class=\"elementor-image-box-description\">EEG e zgjatur gjat\u00eb gjumit jep informacione  n\u00eb rastet e episodeve me humbje t\u00eb vet\u00ebdijes....\n\n<br> <br>\n\n<a href=\"\/medicare\/eeg-e-zgjatur-gjumi\/\">M\u00eb shum\u00eb -&gt; <\/a> <\/p><\/div><\/div>\t\t\t\t<\/div>\n\t\t\t\t<\/div>\n\t\t<div class=\"elementor-element elementor-element-538596d e-con-full e-flex e-con e-child\" data-id=\"538596d\" data-element_type=\"container\" data-e-type=\"container\">\n\t\t\t\t<div class=\"elementor-element elementor-element-48f8c0c elementor-position-top elementor-widget elementor-widget-image-box\" data-id=\"48f8c0c\" data-element_type=\"widget\" data-e-type=\"widget\" data-widget_type=\"image-box.default\">\n\t\t\t\t\t<div class=\"elementor-image-box-wrapper\"><figure class=\"elementor-image-box-img\"><img decoding=\"async\" width=\"600\" height=\"400\" src=\"https:\/\/fjori.kostricani.com\/medicare\/wp-content\/uploads\/2026\/03\/electroacupuncture-dry-with-needle-female-ankle-2.png\" class=\"attachment-full size-full wp-image-3735\" alt=\"\" srcset=\"https:\/\/fjori.kostricani.com\/medicare\/wp-content\/uploads\/2026\/03\/electroacupuncture-dry-with-needle-female-ankle-2.png 600w, https:\/\/fjori.kostricani.com\/medicare\/wp-content\/uploads\/2026\/03\/electroacupuncture-dry-with-needle-female-ankle-2-300x200.png 300w\" sizes=\"(max-width: 600px) 100vw, 600px\" \/><\/figure><div class=\"elementor-image-box-content\"><h3 class=\"elementor-image-box-title\">Diagnostikim EMG \/ ENG<\/h3><p class=\"elementor-image-box-description\">EMG\/ENG \u00ebsht\u00eb metod\u00eb q\u00eb mat se sa shpejt l\u00ebviz nj\u00eb impuls elektrik p\u00ebrmes nervit.....\n\n<br> <br>\n\n<a href=\"\/medicare\/diagnostikim-emg-eng\/\">M\u00eb shum\u00eb -&gt; <\/a> <\/p><\/div><\/div>\t\t\t\t<\/div>\n\t\t\t\t<\/div>\n\t\t<div class=\"elementor-element elementor-element-dcf6e41 e-con-full e-flex e-con e-child\" data-id=\"dcf6e41\" data-element_type=\"container\" data-e-type=\"container\">\n\t\t\t\t<div class=\"elementor-element elementor-element-4a3cee2 elementor-position-top elementor-widget elementor-widget-image-box\" data-id=\"4a3cee2\" data-element_type=\"widget\" data-e-type=\"widget\" data-widget_type=\"image-box.default\">\n\t\t\t\t\t<div class=\"elementor-image-box-wrapper\"><figure class=\"elementor-image-box-img\"><img loading=\"lazy\" decoding=\"async\" width=\"600\" height=\"400\" src=\"https:\/\/fjori.kostricani.com\/medicare\/wp-content\/uploads\/2026\/01\/Untitled-design-8-1.png\" class=\"attachment-full size-full wp-image-2511\" alt=\"\" srcset=\"https:\/\/fjori.kostricani.com\/medicare\/wp-content\/uploads\/2026\/01\/Untitled-design-8-1.png 600w, https:\/\/fjori.kostricani.com\/medicare\/wp-content\/uploads\/2026\/01\/Untitled-design-8-1-300x200.png 300w\" sizes=\"(max-width: 600px) 100vw, 600px\" \/><\/figure><div class=\"elementor-image-box-content\"><h3 class=\"elementor-image-box-title\">Analiz\u00eb Tremori<\/h3><p class=\"elementor-image-box-description\">Analiza e tremorit \u00ebsht\u00eb nj\u00eb ekzaminim neurologjik q\u00eb p\u00ebrdoret p\u00ebr t\u00eb vler\u00ebsuar dhe identifikuar shkakun e dridhjeve t\u00eb pavullnetshme t\u00eb trupit.<\/p><\/div><\/div>\t\t\t\t<\/div>\n\t\t\t\t<\/div>\n\t\t\t\t\t<\/div>\n\t\t\t\t<\/div>\n\t\t<div class=\"elementor-element elementor-element-8706598 e-flex e-con-boxed e-con e-parent\" data-id=\"8706598\" data-element_type=\"container\" data-e-type=\"container\">\n\t\t\t\t\t<div class=\"e-con-inner\">\n\t\t<div class=\"elementor-element elementor-element-7ce5563 e-con-full e-flex e-con e-child\" data-id=\"7ce5563\" data-element_type=\"container\" data-e-type=\"container\">\n\t\t\t\t<div class=\"elementor-element elementor-element-e7b76a2 elementor-position-top elementor-widget elementor-widget-image-box\" data-id=\"e7b76a2\" data-element_type=\"widget\" data-e-type=\"widget\" data-widget_type=\"image-box.default\">\n\t\t\t\t\t<div class=\"elementor-image-box-wrapper\"><figure class=\"elementor-image-box-img\"><img loading=\"lazy\" decoding=\"async\" width=\"600\" height=\"400\" src=\"https:\/\/fjori.kostricani.com\/medicare\/wp-content\/uploads\/2026\/03\/WhatsApp-Image-2026-03-05-at-12.56.21-1.png\" class=\"attachment-full size-full wp-image-3739\" alt=\"\" srcset=\"https:\/\/fjori.kostricani.com\/medicare\/wp-content\/uploads\/2026\/03\/WhatsApp-Image-2026-03-05-at-12.56.21-1.png 600w, https:\/\/fjori.kostricani.com\/medicare\/wp-content\/uploads\/2026\/03\/WhatsApp-Image-2026-03-05-at-12.56.21-1-300x200.png 300w\" sizes=\"(max-width: 600px) 100vw, 600px\" \/><\/figure><div class=\"elementor-image-box-content\"><h3 class=\"elementor-image-box-title\">Stimul i P\u00ebrs\u00ebritur<\/h3><p class=\"elementor-image-box-description\">Stimuli i p\u00ebrs\u00ebritur \u00ebsht\u00eb nj\u00eb ekzaminim neurofiziologjik q\u00eb p\u00ebrdoret p\u00ebr t\u00eb vler\u00ebsuar funksionin e lidhjes nerv-muskul dhe p\u00ebr t\u00eb identifikuar \u00e7rregullime t\u00eb transmetimit neuromuskular.<\/p><\/div><\/div>\t\t\t\t<\/div>\n\t\t\t\t<\/div>\n\t\t<div class=\"elementor-element elementor-element-a913b28 e-con-full e-flex e-con e-child\" data-id=\"a913b28\" data-element_type=\"container\" data-e-type=\"container\">\n\t\t\t\t<div class=\"elementor-element elementor-element-ec88226 elementor-position-top elementor-widget elementor-widget-image-box\" data-id=\"ec88226\" data-element_type=\"widget\" data-e-type=\"widget\" data-widget_type=\"image-box.default\">\n\t\t\t\t\t<div class=\"elementor-image-box-wrapper\"><figure class=\"elementor-image-box-img\"><img loading=\"lazy\" decoding=\"async\" width=\"600\" height=\"400\" src=\"https:\/\/fjori.kostricani.com\/medicare\/wp-content\/uploads\/2026\/01\/Untitled-design-10.png\" class=\"attachment-full size-full wp-image-2521\" alt=\"\" srcset=\"https:\/\/fjori.kostricani.com\/medicare\/wp-content\/uploads\/2026\/01\/Untitled-design-10.png 600w, https:\/\/fjori.kostricani.com\/medicare\/wp-content\/uploads\/2026\/01\/Untitled-design-10-300x200.png 300w\" sizes=\"(max-width: 600px) 100vw, 600px\" \/><\/figure><div class=\"elementor-image-box-content\"><h3 class=\"elementor-image-box-title\">Blink Reflex<\/h3><p class=\"elementor-image-box-description\">Blink Reflex \u00ebsht\u00eb nj\u00eb ekzaminim neurofiziologjik q\u00eb p\u00ebrdoret p\u00ebr t\u00eb vler\u00ebsuar funksionin e nervave t\u00eb fytyr\u00ebs dhe rrug\u00ebve nervore n\u00eb tru q\u00eb kontrollojn\u00eb refleksin e mbylljes s\u00eb syve.<\/p><\/div><\/div>\t\t\t\t<\/div>\n\t\t\t\t<\/div>\n\t\t<div class=\"elementor-element elementor-element-fcfd0f9 e-con-full e-flex e-con e-child\" data-id=\"fcfd0f9\" data-element_type=\"container\" data-e-type=\"container\">\n\t\t\t\t<div class=\"elementor-element elementor-element-8960711 elementor-position-top elementor-widget elementor-widget-image-box\" data-id=\"8960711\" data-element_type=\"widget\" data-e-type=\"widget\" data-widget_type=\"image-box.default\">\n\t\t\t\t\t<div class=\"elementor-image-box-wrapper\"><figure class=\"elementor-image-box-img\"><img loading=\"lazy\" decoding=\"async\" width=\"600\" height=\"400\" src=\"https:\/\/fjori.kostricani.com\/medicare\/wp-content\/uploads\/2026\/02\/Untitled-design-12.png\" class=\"attachment-full size-full wp-image-2533\" alt=\"\" srcset=\"https:\/\/fjori.kostricani.com\/medicare\/wp-content\/uploads\/2026\/02\/Untitled-design-12.png 600w, https:\/\/fjori.kostricani.com\/medicare\/wp-content\/uploads\/2026\/02\/Untitled-design-12-300x200.png 300w\" sizes=\"(max-width: 600px) 100vw, 600px\" \/><\/figure><div class=\"elementor-image-box-content\"><h3 class=\"elementor-image-box-title\">ENG Faciale<\/h3><p class=\"elementor-image-box-description\">ENG Faciale \u00ebsht\u00eb nj\u00eb ekzaminim neurofiziologjik jo invaziv q\u00eb p\u00ebrdoret p\u00ebr t\u00eb vler\u00ebsuar funksionin dhe p\u00ebr\u00e7imin elektrik t\u00eb nervit t\u00eb fytyr\u00ebs.<\/p><\/div><\/div>\t\t\t\t<\/div>\n\t\t\t\t<\/div>\n\t\t<div class=\"elementor-element elementor-element-7abac7d e-con-full e-flex e-con e-child\" data-id=\"7abac7d\" data-element_type=\"container\" data-e-type=\"container\">\n\t\t\t\t<div class=\"elementor-element elementor-element-e913a1e elementor-position-top elementor-widget elementor-widget-image-box\" data-id=\"e913a1e\" data-element_type=\"widget\" data-e-type=\"widget\" data-widget_type=\"image-box.default\">\n\t\t\t\t\t<div class=\"elementor-image-box-wrapper\"><figure class=\"elementor-image-box-img\"><img loading=\"lazy\" decoding=\"async\" width=\"600\" height=\"400\" src=\"https:\/\/fjori.kostricani.com\/medicare\/wp-content\/uploads\/2026\/03\/WhatsApp-Image-2026-03-05-at-12.59.00-1.png\" class=\"attachment-full size-full wp-image-3740\" alt=\"\" srcset=\"https:\/\/fjori.kostricani.com\/medicare\/wp-content\/uploads\/2026\/03\/WhatsApp-Image-2026-03-05-at-12.59.00-1.png 600w, https:\/\/fjori.kostricani.com\/medicare\/wp-content\/uploads\/2026\/03\/WhatsApp-Image-2026-03-05-at-12.59.00-1-300x200.png 300w\" sizes=\"(max-width: 600px) 100vw, 600px\" \/><\/figure><div class=\"elementor-image-box-content\"><h3 class=\"elementor-image-box-title\">Potenciale te Evokuara<\/h3><p class=\"elementor-image-box-description\">Potencialet e evokuara jan\u00eb teste neurofiziologjike q\u00eb matin p\u00ebrgjigjen elektrike t\u00eb trurit dhe sistemit nervor ndaj stimujve t\u00eb jasht\u00ebm si drita, tingulli ose prekja.<\/p><\/div><\/div>\t\t\t\t<\/div>\n\t\t\t\t<\/div>\n\t\t\t\t\t<\/div>\n\t\t\t\t<\/div>\n\t\t\t\t<\/div>\n\t\t\n    <div class=\"xs_social_share_widget xs_share_url after_content \t\tmain_content  wslu-style-1 wslu-share-box-shaped wslu-fill-colored wslu-none wslu-share-horizontal wslu-theme-font-no wslu-main_content\">\n\n\t\t\n        <ul>\n\t\t\t        <\/ul>\n    <\/div> \n","protected":false},"excerpt":{"rendered":"<p>Kryefaqja \/ Elektrofiziologji Sh\u00ebrbimet e ofruara t\u00eb Elektrofiziologjis\u00eb: Ezhe (EEG) Ezheja \u00ebsht\u00eb nj\u00eb ekzaminim i cili regjistron aktivitetin elektrik t\u00eb trurit. Ky ekzaminim jep&#8230;. M\u00eb shum\u00eb -&gt; EEG e Zgjatur Gjumi EEG e zgjatur gjat\u00eb gjumit jep informacione n\u00eb rastet e episodeve me humbje t\u00eb vet\u00ebdijes&#8230;. M\u00eb shum\u00eb -&gt; Diagnostikim EMG \/ ENG EMG\/ENG \u00ebsht\u00eb [&hellip;]<\/p>\n","protected":false},"author":1,"featured_media":0,"parent":0,"menu_order":0,"comment_status":"closed","ping_status":"closed","template":"elementor_header_footer","meta":{"footnotes":""},"class_list":["post-815","page","type-page","status-publish","hentry"],"_links":{"self":[{"href":"https:\/\/fjori.kostricani.com\/medicare\/wp-json\/wp\/v2\/pages\/815","targetHints":{"allow":["GET"]}}],"collection":[{"href":"https:\/\/fjori.kostricani.com\/medicare\/wp-json\/wp\/v2\/pages"}],"about":[{"href":"https:\/\/fjori.kostricani.com\/medicare\/wp-json\/wp\/v2\/types\/page"}],"author":[{"embeddable":true,"href":"https:\/\/fjori.kostricani.com\/medicare\/wp-json\/wp\/v2\/users\/1"}],"replies":[{"embeddable":true,"href":"https:\/\/fjori.kostricani.com\/medicare\/wp-json\/wp\/v2\/comments?post=815"}],"version-history":[{"count":106,"href":"https:\/\/fjori.kostricani.com\/medicare\/wp-json\/wp\/v2\/pages\/815\/revisions"}],"predecessor-version":[{"id":3840,"href":"https:\/\/fjori.kostricani.com\/medicare\/wp-json\/wp\/v2\/pages\/815\/revisions\/3840"}],"wp:attachment":[{"href":"https:\/\/fjori.kostricani.com\/medicare\/wp-json\/wp\/v2\/media?parent=815"}],"curies":[{"name":"wp","href":"https:\/\/api.w.org\/{rel}","templated":true}]}}